{"id":41893,"date":"2025-05-16T16:30:06","date_gmt":"2025-05-16T13:30:06","guid":{"rendered":"https:\/\/hookahshop.lt\/?post_type=product&#038;p=41893"},"modified":"2026-04-15T12:29:45","modified_gmt":"2026-04-15T09:29:45","slug":"taurele-kaljanui-oblako-dusha-killer-white","status":"publish","type":"product","link":"https:\/\/hookahshop.lt\/pl\/produkt\/kubek-szisza-chmura-dusha-zabojca-bialy\/","title":{"rendered":"Miska na fajki wodne OBLAKO Dusha Killer White"},"content":{"rendered":"<h2>Miska na fajki wodne OBLAKO Dusha Killer White<\/h2>\n<p>Klasyczny model &quot;OBLAKO&quot; pokryty jest unikaln\u0105 czarn\u0105 glazur\u0105, kt\u00f3ra r\u00f3wnie dobrze nadaje si\u0119 do lekkiego, jak i mocnego w\u0119dzenia. Nowy kubek &quot;OBALAKO&quot; to edycja limitowana wydana wsp\u00f3lnie z mark\u0105 &quot;DUSHA&quot;. Fili\u017canka Dusha Killer jest pokryta czarn\u0105 matow\u0105 glazur\u0105 u do\u0142u i czarn\u0105 b\u0142yszcz\u0105c\u0105 glazur\u0105 u g\u00f3ry. W produkcie zastosowano wy\u0142\u0105cznie glazur\u0119 przeznaczon\u0105 do kontaktu z \u017cywno\u015bci\u0105, niestanowi\u0105c\u0105 zagro\u017cenia dla zdrowia cz\u0142owieka.<\/p>\n<p>Pojemno\u015b\u0107 mieszanki fajki wodnej: 23-28g.<\/p>\n<p><strong>Specyfikacje:<\/strong><br \/>\nWysoko\u015b\u0107: 116 mm<br \/>\n\u015arednica (zewn\u0119trzna): 74 mm<br \/>\n\u015arednica (wewn\u0119trzna): 62 mm<br \/>\nG\u0142\u0119boko\u015b\u0107: 15 mm<br \/>\n\u015arednica otworu: 8 mm<br \/>\nLiczba otwor\u00f3w: 5<br \/>\nWaga: oko\u0142o 190 g.<\/p>\n<p>Czy masz jakie\u015b pytania? Skontaktuj si\u0119 z nami\u00a0<a href=\"https:\/\/hookahshop.lt\/pl\/lacznosc\/\">strona z kontaktami<\/a>\u00a0lub napisz do nas na adres\u00a0<a href=\"https:\/\/facebook.com\/HookahShop.lt\/\" target=\"_blank\" rel=\"noopener noreferrer\">konto na Facebooku<\/a>\u00a0a my odpowiemy na Twoj\u0105 pro\u015bb\u0119 tego samego dnia.<\/p>","protected":false},"excerpt":{"rendered":"<p>Kubek do fajki wodnej OBLAKO Dusha Killer White Klasyczny model \u201eOBLAKO\u201d pokryty jest unikaln\u0105 czarn\u0105 glazur\u0105, kt\u00f3ra r\u00f3wnie dobrze nadaje si\u0119 dla palaczy lekkich, jak i mocnych. Ten nowy kubek \u201eOBALAKO\u201d to limitowana edycja wydana wsp\u00f3lnie z mark\u0105 \u201eDUSHA\u201d. Kubek Dusha Killer jest wypalany od do\u0142u czarn\u0105 matow\u0105 glazur\u0105, a od g\u00f3ry - czarn\u0105 b\u0142yszcz\u0105c\u0105 glazur\u0105. W produkcie zastosowano wy\u0142\u0105cznie glazur\u0119 spo\u017cywcz\u0105, [\u2026]<\/p>","protected":false},"featured_media":41897,"comment_status":"open","ping_status":"closed","template":"","meta":[],"_links":{"self":[{"href":"https:\/\/hookahshop.lt\/pl\/wp-json\/wp\/v2\/product\/41893"}],"collection":[{"href":"https:\/\/hookahshop.lt\/pl\/wp-json\/wp\/v2\/product"}],"about":[{"href":"https:\/\/hookahshop.lt\/pl\/wp-json\/wp\/v2\/types\/product"}],"replies":[{"embeddable":true,"href":"https:\/\/hookahshop.lt\/pl\/wp-json\/wp\/v2\/comments?post=41893"}],"version-history":[{"count":4,"href":"https:\/\/hookahshop.lt\/pl\/wp-json\/wp\/v2\/product\/41893\/revisions"}],"predecessor-version":[{"id":43019,"href":"https:\/\/hookahshop.lt\/pl\/wp-json\/wp\/v2\/product\/41893\/revisions\/43019"}],"wp:featuredmedia":[{"embeddable":true,"href":"https:\/\/hookahshop.lt\/pl\/wp-json\/wp\/v2\/media\/41897"}],"wp:attachment":[{"href":"https:\/\/hookahshop.lt\/pl\/wp-json\/wp\/v2\/media?parent=41893"}],"curies":[{"name":"wp","href":"https:\/\/api.w.org\/{rel}","templated":true}]}}