{"id":42111,"date":"2025-07-18T15:58:39","date_gmt":"2025-07-18T12:58:39","guid":{"rendered":"https:\/\/hookahshop.lt\/?post_type=product&#038;p=42111"},"modified":"2026-04-15T23:29:40","modified_gmt":"2026-04-15T20:29:40","slug":"znyples-kaljano-anglims-alpha-hookah-x-joker","status":"publish","type":"product","link":"https:\/\/hookahshop.lt\/pl\/produkt\/sutki-szisza-wegiel-alpha-hookah-x-joker\/","title":{"rendered":"Szczypce do fajki w\u0119glowej ALPHA HOOKAH X Joker"},"content":{"rendered":"<h2>Szczypce do fajki w\u0119glowej ALPHA HOOKAH X Joker<\/h2>\n<p>Stylowe, kompaktowe rozmiary i ekskluzywne szczypce stworzone przez znanego producenta fajki wodnej Alpha Hookah. Szczypce s\u0105 r\u00f3wnie\u017c wykonane z wysokiej jako\u015bci stali nierdzewnej i pokryte farb\u0105 proszkow\u0105. Szczypce wyr\u00f3\u017cnia autorski grawer.<\/p>\n<p><strong>Charakterystyka:<\/strong><br \/>\nCzarny kolor<br \/>\nMateria\u0142: Stal nierdzewna<br \/>\nD\u0142ugo\u015b\u0107: 18 cm<\/p>\n<p>Czy masz jakie\u015b pytania? Skontaktuj si\u0119 z nami\u00a0<a href=\"https:\/\/hookahshop.lt\/pl\/lacznosc\/\">strona z kontaktami<\/a>\u00a0lub napisz do nas na adres\u00a0<a href=\"https:\/\/facebook.com\/HookahShop.lt\/\" target=\"_blank\" rel=\"noopener noreferrer\">konto na Facebooku<\/a>\u00a0a my odpowiemy na Twoj\u0105 pro\u015bb\u0119 tego samego dnia.<\/p>\n<p>&nbsp;<\/p>","protected":false},"excerpt":{"rendered":"<p>Szczypce do w\u0119gla drzewnego do fajki wodnej ALPHA HOOKAH X Joker Stylowe, kompaktowe i ekskluzywne szczypce zosta\u0142y stworzone przez Alpha Hookah, znanego na rynku producenta fajek wodnych. Szczypce wykonane s\u0105 z wysokiej jako\u015bci stali nierdzewnej i malowane proszkowo. Szczypce wyr\u00f3\u017cniaj\u0105 si\u0119 autorskim grawerunkiem. Charakterystyka: Kolor: Czarny Materia\u0142: Stal nierdzewna D\u0142ugo\u015b\u0107: 18 cm Masz pytania? Skontaktuj si\u0119 z nami przez stron\u0119 kontaktow\u0105 lub napisz do nas na Facebooku, a odpowiemy [\u2026]<\/p>","protected":false},"featured_media":42192,"comment_status":"open","ping_status":"closed","template":"","meta":[],"_links":{"self":[{"href":"https:\/\/hookahshop.lt\/pl\/wp-json\/wp\/v2\/product\/42111"}],"collection":[{"href":"https:\/\/hookahshop.lt\/pl\/wp-json\/wp\/v2\/product"}],"about":[{"href":"https:\/\/hookahshop.lt\/pl\/wp-json\/wp\/v2\/types\/product"}],"replies":[{"embeddable":true,"href":"https:\/\/hookahshop.lt\/pl\/wp-json\/wp\/v2\/comments?post=42111"}],"version-history":[{"count":4,"href":"https:\/\/hookahshop.lt\/pl\/wp-json\/wp\/v2\/product\/42111\/revisions"}],"predecessor-version":[{"id":45643,"href":"https:\/\/hookahshop.lt\/pl\/wp-json\/wp\/v2\/product\/42111\/revisions\/45643"}],"wp:featuredmedia":[{"embeddable":true,"href":"https:\/\/hookahshop.lt\/pl\/wp-json\/wp\/v2\/media\/42192"}],"wp:attachment":[{"href":"https:\/\/hookahshop.lt\/pl\/wp-json\/wp\/v2\/media?parent=42111"}],"curies":[{"name":"wp","href":"https:\/\/api.w.org\/{rel}","templated":true}]}}