{"id":42114,"date":"2025-07-18T16:10:26","date_gmt":"2025-07-18T13:10:26","guid":{"rendered":"https:\/\/hookahshop.lt\/?post_type=product&#038;p=42114"},"modified":"2026-04-17T23:30:02","modified_gmt":"2026-04-17T20:30:02","slug":"jungtis-kaljanui-aladin-mvp460","status":"publish","type":"product","link":"https:\/\/hookahshop.lt\/pl\/produkt\/link-szisza-aladin-mvp460\/","title":{"rendered":"\u0141\u0105cznik hakowy ALADIN MVP460"},"content":{"rendered":"<h2>\u0141\u0105cznik hakowy ALADIN MVP460<\/h2>\n<p>Zaprojektowany do pod\u0142\u0105czenia dodatkowego w\u0119\u017ca do modeli fajek wodnych ALADIN MVP: MVP460. Ten \u0142\u0105cznik s\u0142u\u017cy do pod\u0142\u0105czenia dodatkowego w\u0119\u017ca do fajki wodnej ALADIN MVP460.<\/p>\n<p><strong>Specyfikacja:<\/strong><br \/>\nMateria\u0142: Stal nierdzewna<br \/>\nKraj producenta: Niemcy<\/p>\n<p>Czy masz jakie\u015b pytania? Skontaktuj si\u0119 z nami\u00a0<a href=\"https:\/\/hookahshop.lt\/pl\/lacznosc\/\">strona z kontaktami<\/a>\u00a0lub napisz do nas na adres\u00a0<a href=\"https:\/\/facebook.com\/HookahShop.lt\/\" target=\"_blank\" rel=\"noopener noreferrer\">konto na Facebooku<\/a>\u00a0a my odpowiemy na Twoj\u0105 pro\u015bb\u0119 tego samego dnia.<\/p>","protected":false},"excerpt":{"rendered":"<p>Z\u0142\u0105cze do fajki wodnej ALADIN MVP460 Zaprojektowane do pod\u0142\u0105czenia dodatkowego w\u0119\u017ca do fajki wodnej ALADIN MVP modele: MVP460. Z\u0142\u0105cze to s\u0142u\u017cy do pod\u0142\u0105czenia dodatkowego w\u0119\u017ca do fajki wodnej ALADIN MVP460. Specyfikacja: Materia\u0142: stal nierdzewna Kraj produkcji: Niemcy Masz pytania? Skontaktuj si\u0119 z nami za po\u015brednictwem strony kontaktowej lub napisz do nas na Facebooku, a odpowiemy tego samego dnia.<\/p>","protected":false},"featured_media":42153,"comment_status":"open","ping_status":"closed","template":"","meta":[],"_links":{"self":[{"href":"https:\/\/hookahshop.lt\/pl\/wp-json\/wp\/v2\/product\/42114"}],"collection":[{"href":"https:\/\/hookahshop.lt\/pl\/wp-json\/wp\/v2\/product"}],"about":[{"href":"https:\/\/hookahshop.lt\/pl\/wp-json\/wp\/v2\/types\/product"}],"replies":[{"embeddable":true,"href":"https:\/\/hookahshop.lt\/pl\/wp-json\/wp\/v2\/comments?post=42114"}],"version-history":[{"count":2,"href":"https:\/\/hookahshop.lt\/pl\/wp-json\/wp\/v2\/product\/42114\/revisions"}],"predecessor-version":[{"id":42214,"href":"https:\/\/hookahshop.lt\/pl\/wp-json\/wp\/v2\/product\/42114\/revisions\/42214"}],"wp:featuredmedia":[{"embeddable":true,"href":"https:\/\/hookahshop.lt\/pl\/wp-json\/wp\/v2\/media\/42153"}],"wp:attachment":[{"href":"https:\/\/hookahshop.lt\/pl\/wp-json\/wp\/v2\/media?parent=42114"}],"curies":[{"name":"wp","href":"https:\/\/api.w.org\/{rel}","templated":true}]}}