{"id":42124,"date":"2025-07-19T11:09:20","date_gmt":"2025-07-19T08:09:20","guid":{"rendered":"https:\/\/hookahshop.lt\/?post_type=product&#038;p=42124"},"modified":"2026-04-06T23:29:40","modified_gmt":"2026-04-06T20:29:40","slug":"jungtis-kaljanui-aladin-mvp-a-rocket","status":"publish","type":"product","link":"https:\/\/hookahshop.lt\/pl\/produkt\/link-szisza-aladin-mvp-a-rocket\/","title":{"rendered":"\u0141\u0105cznik hakowy ALADIN MVP A Rocket"},"content":{"rendered":"<h2>\u0141\u0105cznik hakowy ALADIN MVP A Rocket<\/h2>\n<p>Przeznaczony do pod\u0142\u0105czenia dodatkowego w\u0119\u017ca do modeli fajek wodnych ALADIN MVP: MVP A36, A46, Rocket.<\/p>\n<p><strong>Specyfikacja:<\/strong><br \/>\nMateria\u0142: Stal nierdzewna<br \/>\nKraj producenta: Niemcy<\/p>\n<p>Czy masz jakie\u015b pytania? Skontaktuj si\u0119 z nami\u00a0<a href=\"https:\/\/hookahshop.lt\/pl\/lacznosc\/\">strona z kontaktami<\/a>\u00a0lub napisz do nas na adres\u00a0<a href=\"https:\/\/facebook.com\/HookahShop.lt\/\" target=\"_blank\" rel=\"noopener noreferrer\">konto na Facebooku<\/a>\u00a0a my odpowiemy na Twoj\u0105 pro\u015bb\u0119 tego samego dnia.<\/p>","protected":false},"excerpt":{"rendered":"<p>Przy\u0142\u0105cze do fajki wodnej ALADIN MVP A Rocket Zaprojektowane do pod\u0142\u0105czenia dodatkowego w\u0119\u017ca do modeli fajek wodnych ALADIN MVP: MVP A36, A46, Rocket. Specyfikacja: Materia\u0142: stal nierdzewna Kraj produkcji: Niemcy Masz pytania? Skontaktuj si\u0119 z nami za po\u015brednictwem strony kontaktowej lub napisz do nas na Facebooku, a odpowiemy tego samego dnia.<\/p>","protected":false},"featured_media":42149,"comment_status":"open","ping_status":"closed","template":"","meta":[],"_links":{"self":[{"href":"https:\/\/hookahshop.lt\/pl\/wp-json\/wp\/v2\/product\/42124"}],"collection":[{"href":"https:\/\/hookahshop.lt\/pl\/wp-json\/wp\/v2\/product"}],"about":[{"href":"https:\/\/hookahshop.lt\/pl\/wp-json\/wp\/v2\/types\/product"}],"replies":[{"embeddable":true,"href":"https:\/\/hookahshop.lt\/pl\/wp-json\/wp\/v2\/comments?post=42124"}],"version-history":[{"count":2,"href":"https:\/\/hookahshop.lt\/pl\/wp-json\/wp\/v2\/product\/42124\/revisions"}],"predecessor-version":[{"id":42145,"href":"https:\/\/hookahshop.lt\/pl\/wp-json\/wp\/v2\/product\/42124\/revisions\/42145"}],"wp:featuredmedia":[{"embeddable":true,"href":"https:\/\/hookahshop.lt\/pl\/wp-json\/wp\/v2\/media\/42149"}],"wp:attachment":[{"href":"https:\/\/hookahshop.lt\/pl\/wp-json\/wp\/v2\/media?parent=42124"}],"curies":[{"name":"wp","href":"https:\/\/api.w.org\/{rel}","templated":true}]}}