{"id":42128,"date":"2025-07-19T11:17:19","date_gmt":"2025-07-19T08:17:19","guid":{"rendered":"https:\/\/hookahshop.lt\/?post_type=product&#038;p=42128"},"modified":"2026-04-26T23:30:20","modified_gmt":"2026-04-26T20:30:20","slug":"kaitlente-kaljano-anglims-smoke2u","status":"publish","type":"product","link":"https:\/\/hookahshop.lt\/pl\/produkt\/plyta-grzewcza-szisza-wegle-smoke2u\/","title":{"rendered":"P\u0142yta do fajki wodnej SMOKE2U"},"content":{"rendered":"<h2>P\u0142yta do fajki wodnej SMOKE2U<\/h2>\n<div class=\"product_inf_options_box_odd_row_val\">To piec z rusztem ochronnym do rozpalania naturalnego w\u0119gla kokosowego. W\u0119giel drzewny b\u0119dzie bezpiecznie le\u017ca\u0142 na ruszcie i chroni\u0142 element grzejny. Zapewnia to d\u0142ug\u0105 \u017cywotno\u015b\u0107 rozpa\u0142ki.<\/div>\n<div><\/div>\n<div class=\"product_inf_options_box_odd_row_val\"><strong>Specyfikacja:<\/strong><br \/>\nPojemno\u015b\u0107: do 10 w\u0119gielk\u00f3w do fajki wodnej (26x26x26mm)<br \/>\nMoc: 1000W<br \/>\nPrzew\u00f3d zasilaj\u0105cy: 1 m.<\/div>\n<div class=\"product_inf_options_box_odd_row_val\">\n<p>Temperatura: regulowana<\/p>\n<div>Czas nagrzewania w\u0119gla: ~10min.<\/div>\n<div><\/div>\n<div>Czy masz jakie\u015b pytania? Skontaktuj si\u0119 z nami\u00a0<a href=\"https:\/\/hookahshop.lt\/pl\/lacznosc\/\">strona z kontaktami<\/a>\u00a0lub napisz do nas na adres\u00a0<a href=\"https:\/\/facebook.com\/HookahShop.lt\/\" target=\"_blank\" rel=\"noopener noreferrer\">konto na Facebooku<\/a>\u00a0a my odpowiemy na Twoj\u0105 pro\u015bb\u0119 tego samego dnia.<\/div>\n<\/div>","protected":false},"excerpt":{"rendered":"<p>P\u0142yta grzewcza z w\u0119glem drzewnym do fajki wodnej SMOKE2U. To p\u0142yta grzewcza z ochronnym rusztem, przeznaczona do podgrzewania naturalnego w\u0119gla kokosowego. W\u0119giel drzewny bezpiecznie le\u017cy na grillu i chroni element grzejny. Zapewnia to d\u0142ug\u0105 \u017cywotno\u015b\u0107 rozpa\u0142ki. Specyfikacja: Pojemno\u015b\u0107: do 10 w\u0119gli drzewnych do fajki wodnej (26 x 26 x 26 mm) Moc: 1000 W Przew\u00f3d zasilaj\u0105cy: 1 m Temperatura: regulowana Czas nagrzewania w\u0119gla drzewnego: ~10 min. Masz pytania? Skontaktuj si\u0119 z nami za po\u015brednictwem strony kontaktowej lub [\u2026]<\/p>","protected":false},"featured_media":42157,"comment_status":"open","ping_status":"closed","template":"","meta":[],"_links":{"self":[{"href":"https:\/\/hookahshop.lt\/pl\/wp-json\/wp\/v2\/product\/42128"}],"collection":[{"href":"https:\/\/hookahshop.lt\/pl\/wp-json\/wp\/v2\/product"}],"about":[{"href":"https:\/\/hookahshop.lt\/pl\/wp-json\/wp\/v2\/types\/product"}],"replies":[{"embeddable":true,"href":"https:\/\/hookahshop.lt\/pl\/wp-json\/wp\/v2\/comments?post=42128"}],"version-history":[{"count":5,"href":"https:\/\/hookahshop.lt\/pl\/wp-json\/wp\/v2\/product\/42128\/revisions"}],"predecessor-version":[{"id":44979,"href":"https:\/\/hookahshop.lt\/pl\/wp-json\/wp\/v2\/product\/42128\/revisions\/44979"}],"wp:featuredmedia":[{"embeddable":true,"href":"https:\/\/hookahshop.lt\/pl\/wp-json\/wp\/v2\/media\/42157"}],"wp:attachment":[{"href":"https:\/\/hookahshop.lt\/pl\/wp-json\/wp\/v2\/media?parent=42128"}],"curies":[{"name":"wp","href":"https:\/\/api.w.org\/{rel}","templated":true}]}}