{"id":42132,"date":"2025-07-19T11:21:28","date_gmt":"2025-07-19T08:21:28","guid":{"rendered":"https:\/\/hookahshop.lt\/?post_type=product&#038;p=42132"},"modified":"2026-04-14T23:29:47","modified_gmt":"2026-04-14T20:29:47","slug":"savaime-uzsidegancios-kaljano-anglys-carbopol-35mm","status":"publish","type":"product","link":"https:\/\/hookahshop.lt\/pl\/produkt\/samozaplon-szisza-wegiel-carbopol-35mm\/","title":{"rendered":"Samozapalny w\u0119gielek do fajki wodnej CARBOPOL 35mm"},"content":{"rendered":"<h2>Samozapalny w\u0119gielek do fajki wodnej CARBOPOL 35mm<\/h2>\n<p>Okr\u0105g\u0142e w\u0119gle. Podczas zapalania nie trzymaj tabletu w d\u0142oni. Zapal kraw\u0119d\u017a tabletu zapa\u0142k\u0105 lub zapalniczk\u0105, w\u00f3wczas ca\u0142a powierzchnia tabletu zapali si\u0119.<\/p>\n<p><strong>Specyfikacja:<\/strong><br \/>\n\u015arednica: 35 mm<br \/>\nPali si\u0119 do 1 godziny<br \/>\nNadaje si\u0119 do wszystkich kubk\u00f3w<\/p>\n<p>Cena dotyczy 1 rolki (10 tabletek, tabletki)<\/p>\n<p>Czy masz jakie\u015b pytania? Skontaktuj si\u0119 z nami\u00a0<a href=\"https:\/\/hookahshop.lt\/pl\/lacznosc\/\">strona z kontaktami<\/a>\u00a0lub napisz do nas na adres\u00a0<a href=\"https:\/\/facebook.com\/HookahShop.lt\/\" target=\"_blank\" rel=\"noopener\">konto na Facebooku<\/a>\u00a0a my odpowiemy na Twoj\u0105 pro\u015bb\u0119 tego samego dnia.<\/p>","protected":false},"excerpt":{"rendered":"<p>Samozapalaj\u0105ce si\u0119 w\u0119gle do fajki wodnej CARBOPOL 35 mm. Okr\u0105g\u0142e w\u0119gle. Podczas zapalania nie trzymaj ich w d\u0142oni. Zapal kraw\u0119d\u017a w\u0119gli zapa\u0142k\u0105 lub zapalniczk\u0105, a ca\u0142a powierzchnia w\u0119gli si\u0119 rozpali. Specyfikacja: \u015arednica: 35 mm. Czas palenia do 1 godziny. Pasuje do wszystkich rodzaj\u00f3w fajek. Cena dotyczy 1 rolki (10 sztuk, w\u0119gli). Masz pytania? Skontaktuj si\u0119 z nami przez stron\u0119 kontaktow\u0105 lub napisz do nas na Facebooku, a odpowiemy na Twoje zapytanie [\u2026]<\/p>","protected":false},"featured_media":42160,"comment_status":"open","ping_status":"closed","template":"","meta":[],"_links":{"self":[{"href":"https:\/\/hookahshop.lt\/pl\/wp-json\/wp\/v2\/product\/42132"}],"collection":[{"href":"https:\/\/hookahshop.lt\/pl\/wp-json\/wp\/v2\/product"}],"about":[{"href":"https:\/\/hookahshop.lt\/pl\/wp-json\/wp\/v2\/types\/product"}],"replies":[{"embeddable":true,"href":"https:\/\/hookahshop.lt\/pl\/wp-json\/wp\/v2\/comments?post=42132"}],"version-history":[{"count":4,"href":"https:\/\/hookahshop.lt\/pl\/wp-json\/wp\/v2\/product\/42132\/revisions"}],"predecessor-version":[{"id":45469,"href":"https:\/\/hookahshop.lt\/pl\/wp-json\/wp\/v2\/product\/42132\/revisions\/45469"}],"wp:featuredmedia":[{"embeddable":true,"href":"https:\/\/hookahshop.lt\/pl\/wp-json\/wp\/v2\/media\/42160"}],"wp:attachment":[{"href":"https:\/\/hookahshop.lt\/pl\/wp-json\/wp\/v2\/media?parent=42132"}],"curies":[{"name":"wp","href":"https:\/\/api.w.org\/{rel}","templated":true}]}}