{"id":42135,"date":"2025-07-19T11:24:31","date_gmt":"2025-07-19T08:24:31","guid":{"rendered":"https:\/\/hookahshop.lt\/?post_type=product&#038;p=42135"},"modified":"2026-04-15T03:24:42","modified_gmt":"2026-04-15T00:24:42","slug":"anglys-kaljanui-blackcoco-25mm-1kg","status":"publish","type":"product","link":"https:\/\/hookahshop.lt\/pl\/produkt\/shisha-wegiel-blackcoco-25mm-1kg\/","title":{"rendered":"W\u0119giel do shishy BLACKCOCO 25mm 1kg"},"content":{"rendered":"<h2>W\u0119giel do shishy BLACKCOCO 25mm 1kg<\/h2>\n<p>Ten naturalny w\u0119giel kokosowy jest praktycznie bezwonny i nie pozostawia posmaku. Dzi\u0119ki wyeliminowaniu wszelkich \u015brodk\u00f3w chemicznych w procesie produkcji oraz p\u00f3\u017aniejszej obr\u00f3bce mo\u017cesz spodziewa\u0107 si\u0119 najwy\u017cszej jako\u015bci naturalnego produktu.<\/p>\n<p>Rozmiar w\u0119gla drzewnego: 25x25x25mm<\/p>\n<p>Opakowanie: 72 szt.<br \/>\nWaga opakowania: 1 kg<br \/>\nKraj pochodzenia: Indonezja<\/p>\n<p>Aby spali\u0107 w\u0119giel, potrzebujesz elektrycznej p\u0142yty grzejnej do fajki wodnej, turystycznej kuchenki gazowej lub podobnej.<\/p>\n<p>Czy masz jakie\u015b pytania? Skontaktuj si\u0119 z nami\u00a0<a href=\"https:\/\/hookahshop.lt\/pl\/lacznosc\/\">strona z kontaktami<\/a>\u00a0lub napisz do nas na adres\u00a0<a href=\"https:\/\/facebook.com\/HookahShop.lt\/\" target=\"_blank\" rel=\"noopener\">konto na Facebooku<\/a>\u00a0a my odpowiemy na Twoj\u0105 pro\u015bb\u0119 tego samego dnia.<\/p>","protected":false},"excerpt":{"rendered":"<p>W\u0119giel drzewny do fajki wodnej BLACKCOCO 25 mm 1 kg Ten naturalny w\u0119giel kokosowy praktycznie nie wydziela zapachu palenia i nie pozostawia posmaku. Dzi\u0119ki usuni\u0119ciu wszelkich chemikali\u00f3w podczas produkcji i obr\u00f3bki ko\u0144cowej, mo\u017cesz oczekiwa\u0107 najwy\u017cszej jako\u015bci naturalnego produktu. Wymiary w\u0119gla drzewnego: 25 x 25 x 25 mm Opakowanie: 72 szt. Waga opakowania: 1 kg Kraj pochodzenia: Indonezja Do rozpalenia w\u0119gla drzewnego potrzebna jest elektryczna p\u0142yta grzewcza do fajki wodnej, turystyczna kuchenka gazowa lub podobny sprz\u0119t. Masz jakie\u015b pytania? [\u2026]<\/p>","protected":false},"featured_media":42163,"comment_status":"open","ping_status":"closed","template":"","meta":[],"_links":{"self":[{"href":"https:\/\/hookahshop.lt\/pl\/wp-json\/wp\/v2\/product\/42135"}],"collection":[{"href":"https:\/\/hookahshop.lt\/pl\/wp-json\/wp\/v2\/product"}],"about":[{"href":"https:\/\/hookahshop.lt\/pl\/wp-json\/wp\/v2\/types\/product"}],"replies":[{"embeddable":true,"href":"https:\/\/hookahshop.lt\/pl\/wp-json\/wp\/v2\/comments?post=42135"}],"version-history":[{"count":4,"href":"https:\/\/hookahshop.lt\/pl\/wp-json\/wp\/v2\/product\/42135\/revisions"}],"predecessor-version":[{"id":43297,"href":"https:\/\/hookahshop.lt\/pl\/wp-json\/wp\/v2\/product\/42135\/revisions\/43297"}],"wp:featuredmedia":[{"embeddable":true,"href":"https:\/\/hookahshop.lt\/pl\/wp-json\/wp\/v2\/media\/42163"}],"wp:attachment":[{"href":"https:\/\/hookahshop.lt\/pl\/wp-json\/wp\/v2\/media?parent=42135"}],"curies":[{"name":"wp","href":"https:\/\/api.w.org\/{rel}","templated":true}]}}