{"id":42307,"date":"2025-08-13T22:00:10","date_gmt":"2025-08-13T19:00:10","guid":{"rendered":"https:\/\/hookahshop.lt\/?post_type=product&#038;p=42307"},"modified":"2026-04-17T16:33:50","modified_gmt":"2026-04-17T13:33:50","slug":"kaljanas-gorky-hookah-baby-slim-black","status":"publish","type":"product","link":"https:\/\/hookahshop.lt\/pl\/produkt\/szisza-gorky-hookah-baby-slim-black\/","title":{"rendered":"Fajka wodna ALPHA HOOKAH Misha Moonlight"},"content":{"rendered":"<h2>Fajka wodna ALPHA HOOKAH Misha Moonlight<\/h2>\n<p>Wykonany ze stali nierdzewnej i drewna, nadaje jasny i bogaty smak. Projekt i jako\u015b\u0107 w\u0119dzenia maj\u0105 szczeg\u00f3lne znaczenie od pierwszego momentu a\u017c do uzyskania gotowego urz\u0105dzenia do w\u0119dzenia.<\/p>\n<p><strong>Specyfikacja:<\/strong><br \/>\nWysoko\u015b\u0107: 45 cm<br \/>\nDyfuzor: brak (klasyczny silny ci\u0105g)<br \/>\nMateria\u0142y: stal nierdzewna, drewno.<\/p>\n<p><strong>Ekwipunek:<\/strong><br \/>\nWa\u0142<br \/>\nTalerz<br \/>\nUstnik<br \/>\nW\u0105\u017c silikonowy<br \/>\nUszczelki<br \/>\nDyfuzor<\/p>\n<picture><source srcset=\"https:\/\/hookahshop.lt\/wp-content\/webp-express\/webp-images\/uploads\/2020\/09\/stiebas-zarna-kandiklis-1-300x273.jpg.webp 300w, https:\/\/hookahshop.lt\/wp-content\/webp-express\/webp-images\/uploads\/2020\/09\/stiebas-zarna-kandiklis-1-13x12.jpg.webp 13w, https:\/\/hookahshop.lt\/wp-content\/webp-express\/webp-images\/uploads\/2020\/09\/stiebas-zarna-kandiklis-1-64x58.jpg.webp 64w, https:\/\/hookahshop.lt\/wp-content\/webp-express\/webp-images\/uploads\/2020\/09\/stiebas-zarna-kandiklis-1.jpg.webp 420w\" type=\"image\/webp\" sizes=\"(max-width: 300px) 100vw, 300px\" \/><img decoding=\"async\" loading=\"lazy\" class=\"alignnone size-medium wp-image-38521 webpexpress-processed\" title=\"Szisza GORKY Pier\u015bcie\u0144 do sziszy Czarny 1\" src=\"https:\/\/hookahshop.lt\/wp-content\/uploads\/2020\/09\/stiebas-zarna-kandiklis-1-300x273.jpg\" sizes=\"(max-width: 300px) 100vw, 300px\" srcset=\"https:\/\/hookahshop.lt\/wp-content\/uploads\/2020\/09\/stiebas-zarna-kandiklis-1-300x273.jpg 300w, https:\/\/hookahshop.lt\/wp-content\/uploads\/2020\/09\/stiebas-zarna-kandiklis-1-13x12.jpg 13w, https:\/\/hookahshop.lt\/wp-content\/uploads\/2020\/09\/stiebas-zarna-kandiklis-1-64x58.jpg 64w, https:\/\/hookahshop.lt\/wp-content\/uploads\/2020\/09\/stiebas-zarna-kandiklis-1.jpg 420w\" alt=\"Ustnik w\u0119\u017ca macierzystego 1 - hookahshop.lt\" width=\"300\" height=\"273\" \/><\/picture>\n<p>Czy masz jakie\u015b pytania? Skontaktuj si\u0119 z nami\u00a0<a href=\"https:\/\/hookahshop.lt\/pl\/lacznosc\/\">strona z kontaktami<\/a>\u00a0lub napisz do nas na adres\u00a0<a href=\"https:\/\/facebook.com\/HookahShop.lt\/\" target=\"_blank\" rel=\"noopener\">konto na Facebooku<\/a>\u00a0a my odpowiemy na Twoj\u0105 pro\u015bb\u0119 tego samego dnia.<\/p>","protected":false},"excerpt":{"rendered":"<p>Fajka wodna GORKY HOOKAH Baby Slim Black Wykonana ze stali nierdzewnej i drewna, zapewnia jasny i bogaty aromat. Design i jako\u015b\u0107 palenia s\u0105 szczeg\u00f3lnie wa\u017cne od samego pocz\u0105tku, a\u017c po gotowy produkt. Specyfikacja: Wysoko\u015b\u0107: 45 cm Dyfuzor: brak (klasyczny, mocny naci\u0105g) Materia\u0142y: stal nierdzewna, drewno. Zestaw zawiera: P\u0142ytk\u0119 trzonu, Ustnik, W\u0105\u017c silikonowy, Uszczelki, Dyfuzor. Masz pytania? Skontaktuj si\u0119 z [\u2026]<\/p>","protected":false},"featured_media":42324,"comment_status":"open","ping_status":"closed","template":"","meta":[],"_links":{"self":[{"href":"https:\/\/hookahshop.lt\/pl\/wp-json\/wp\/v2\/product\/42307"}],"collection":[{"href":"https:\/\/hookahshop.lt\/pl\/wp-json\/wp\/v2\/product"}],"about":[{"href":"https:\/\/hookahshop.lt\/pl\/wp-json\/wp\/v2\/types\/product"}],"replies":[{"embeddable":true,"href":"https:\/\/hookahshop.lt\/pl\/wp-json\/wp\/v2\/comments?post=42307"}],"version-history":[{"count":3,"href":"https:\/\/hookahshop.lt\/pl\/wp-json\/wp\/v2\/product\/42307\/revisions"}],"predecessor-version":[{"id":42338,"href":"https:\/\/hookahshop.lt\/pl\/wp-json\/wp\/v2\/product\/42307\/revisions\/42338"}],"wp:featuredmedia":[{"embeddable":true,"href":"https:\/\/hookahshop.lt\/pl\/wp-json\/wp\/v2\/media\/42324"}],"wp:attachment":[{"href":"https:\/\/hookahshop.lt\/pl\/wp-json\/wp\/v2\/media?parent=42307"}],"curies":[{"name":"wp","href":"https:\/\/api.w.org\/{rel}","templated":true}]}}