{"id":42311,"date":"2025-08-13T22:06:49","date_gmt":"2025-08-13T19:06:49","guid":{"rendered":"https:\/\/hookahshop.lt\/?post_type=product&#038;p=42311"},"modified":"2026-04-17T16:33:50","modified_gmt":"2026-04-17T13:33:50","slug":"kaljanas-vortex-hookah-hurricane-phoenix","status":"publish","type":"product","link":"https:\/\/hookahshop.lt\/pl\/produkt\/szisza-vortex-hookah-hurricane-phoenix\/","title":{"rendered":"Fajka wodna VORTEX Hookah Hurricane Phoenix"},"content":{"rendered":"<h2>Fajka wodna VORTEX Hookah Hurricane Phoenix<\/h2>\n<p>Wysokiej jako\u015bci szisza ze stali nierdzewnej z wk\u0142adkami z anodyzowanego aluminium i zdejmowanym dyfuzorem, kt\u00f3ry zapewnia lekk\u0105 i cich\u0105 sesj\u0119 fajki wodnej. Bez u\u017cycia dysoforu uci\u0105gni\u0119cie b\u0119dzie klasyczne (ci\u0119\u017ckie, z oporem). Fajka posiada ekskluzywny system nadmuchu, kt\u00f3ry przedmuchuje pod\u0142u\u017cne szczeliny rozmieszczone w trzonku fajki wodnej od do\u0142u do g\u00f3ry. Talerz do fajki wodnej na popi\u00f3\u0142 jest wi\u0119kszy ni\u017c zwykle. Ponadto p\u0142ytka nie jest przykr\u0119cona do fajki wodnej - mo\u017cna j\u0105 wygodnie zdj\u0105\u0107 od g\u00f3ry. Zr\u00f3b wg\u0142\u0119bienie obok w\u0119\u017ca i zaworu wydmuchowego na ustnik fajki wodnej. Na trzonku fajki wodnej Vortex zaznaczono linie poziomu wody: dolna linia - przy u\u017cyciu dyfuzora, g\u00f3rna linia - po zdj\u0119ciu dyfuzora.<\/p>\n<p><strong>Specyfikacja:<\/strong><br \/>\nMateria\u0142: Stal nierdzewna<br \/>\nPod\u0142\u0105czenie w\u0119\u017ca: magnetyczne<br \/>\nKlosz: zdejmowany<br \/>\nWysoko\u015b\u0107 fajki wodnej: 40 cm<br \/>\n\u015arednica wa\u0142u: 13 mm<\/p>\n<p><strong>Ekwipunek:<\/strong><br \/>\nWa\u0142<br \/>\nTalerz<br \/>\nW\u0105\u017c silikonowy<br \/>\nUstnik<br \/>\nUszczelki<br \/>\nWiosna<br \/>\nDyfuzor<\/p>\n<p><img decoding=\"async\" loading=\"lazy\" class=\"alignnone size-medium wp-image-38521\" src=\"https:\/\/hookahshop.lt\/wp-content\/uploads\/2020\/09\/stiebas-zarna-kandiklis-1-300x273.jpg\" alt=\"- hookahshop.lt\" width=\"300\" height=\"273\" srcset=\"https:\/\/hookahshop.lt\/wp-content\/uploads\/2020\/09\/stiebas-zarna-kandiklis-1-300x273.jpg 300w, https:\/\/hookahshop.lt\/wp-content\/uploads\/2020\/09\/stiebas-zarna-kandiklis-1-13x12.jpg 13w, https:\/\/hookahshop.lt\/wp-content\/uploads\/2020\/09\/stiebas-zarna-kandiklis-1-64x58.jpg 64w, https:\/\/hookahshop.lt\/wp-content\/uploads\/2020\/09\/stiebas-zarna-kandiklis-1.jpg 420w\" sizes=\"(max-width: 300px) 100vw, 300px\" title=\"\"><\/p>\n<p>Czy masz jakie\u015b pytania? Skontaktuj si\u0119 z nami\u00a0<a href=\"https:\/\/hookahshop.lt\/pl\/lacznosc\/\">strona z kontaktami<\/a>\u00a0lub napisz do nas na adres\u00a0<a href=\"https:\/\/facebook.com\/HookahShop.lt\/\" target=\"_blank\" rel=\"noopener noreferrer\">konto na Facebooku<\/a>\u00a0a my odpowiemy na Twoj\u0105 pro\u015bb\u0119 tego samego dnia.<\/p>","protected":false},"excerpt":{"rendered":"<p>Fajka wodna VORTEX Hurricane Phoenix to wysokiej jako\u015bci stal nierdzewna z anodowanymi aluminiowymi wk\u0142adkami i wyjmowanym dyfuzorem, kt\u00f3ry zapewnia \u0142atw\u0105 i cich\u0105 sesj\u0119. Bez dyfuzora, dym b\u0119dzie klasyczny (ci\u0119\u017cki, z oporem). Fajka posiada unikalny system dmuchania, kt\u00f3ry dmucha przez wyd\u0142u\u017cone szczeliny rozmieszczone na rurce od do\u0142u do g\u00f3ry. Popielniczka jest wi\u0119ksza ni\u017c zwykle. [\u2026]<\/p>","protected":false},"featured_media":42325,"comment_status":"open","ping_status":"closed","template":"","meta":[],"_links":{"self":[{"href":"https:\/\/hookahshop.lt\/pl\/wp-json\/wp\/v2\/product\/42311"}],"collection":[{"href":"https:\/\/hookahshop.lt\/pl\/wp-json\/wp\/v2\/product"}],"about":[{"href":"https:\/\/hookahshop.lt\/pl\/wp-json\/wp\/v2\/types\/product"}],"replies":[{"embeddable":true,"href":"https:\/\/hookahshop.lt\/pl\/wp-json\/wp\/v2\/comments?post=42311"}],"version-history":[{"count":3,"href":"https:\/\/hookahshop.lt\/pl\/wp-json\/wp\/v2\/product\/42311\/revisions"}],"predecessor-version":[{"id":43473,"href":"https:\/\/hookahshop.lt\/pl\/wp-json\/wp\/v2\/product\/42311\/revisions\/43473"}],"wp:featuredmedia":[{"embeddable":true,"href":"https:\/\/hookahshop.lt\/pl\/wp-json\/wp\/v2\/media\/42325"}],"wp:attachment":[{"href":"https:\/\/hookahshop.lt\/pl\/wp-json\/wp\/v2\/media?parent=42311"}],"curies":[{"name":"wp","href":"https:\/\/api.w.org\/{rel}","templated":true}]}}