{"id":42332,"date":"2025-08-14T20:27:19","date_gmt":"2025-08-14T17:27:19","guid":{"rendered":"https:\/\/hookahshop.lt\/?post_type=product&#038;p=42332"},"modified":"2026-04-15T23:29:40","modified_gmt":"2026-04-15T20:29:40","slug":"kaljanas-alpha-hookah-misha-moonlight","status":"publish","type":"product","link":"https:\/\/hookahshop.lt\/pl\/produkt\/szisza-alpha-hookah-misha-moonlight\/","title":{"rendered":"Fajka wodna ALPHA HOOKAH Misha Moonlight"},"content":{"rendered":"<h2>Fajka wodna ALPHA HOOKAH Misha Moonlight<\/h2>\n<p>Elegancka, minimalistyczna i wysokiej jako\u015bci fajka wodna w mocnym stylu ulicznym. Ekonomiczny wyb\u00f3r dokonany przez Alpha Hookah, wiod\u0105c\u0105 na \u015bwiecie mark\u0119 fajki wodnej i producenta tego autentycznego klejnotu.<br \/>\nWykonany jest z wysokiej jako\u015bci stali nierdzewnej oraz poliacetalu, co gwarantuje trwa\u0142o\u015b\u0107 bez utraty swoich w\u0142a\u015bciwo\u015bci. Bez w\u0105tpienia jedn\u0105 z najwi\u0119kszych zalet tej fajki wodnej jest jej specjalny design z rycinami w stylu miejskim, jakby to by\u0142 uliczny obraz. Talerz jest r\u00f3wnie\u017c wykonany ze stali nierdzewnej i malowany proszkowo na czarno, wraz ze specjalnym grawerem Misha Rebel. Ciekaw\u0105 cech\u0105 talerzyka jest breloczek z logo marki, kt\u00f3ry nadaje mu buntowniczego i beztroskiego charakteru.<br \/>\nZ kolei ustnik ma ergonomiczny kszta\u0142t, co znacznie u\u0142atwia jego u\u017cytkowanie.<\/p>\n<p><strong>Specyfikacje:<\/strong><br \/>\nWysoko\u015b\u0107 - 35,5 cm<br \/>\n\u015arednica - 15,9 cm<br \/>\n\u015arednica wa\u0142u - 11 mm<\/p>\n<p>Materia\u0142: stal nierdzewna, aluminium, poliacetal.<\/p>\n<p><strong>Ekwipunek:<\/strong><br \/>\nWa\u0142<br \/>\nTalerz<br \/>\nW\u0105\u017c silikonowy<br \/>\nUstnik<br \/>\nDyfuzor<br \/>\nKolba<\/p>\n<picture><source srcset=\"https:\/\/hookahshop.lt\/wp-content\/webp-express\/webp-images\/uploads\/2020\/09\/stiebas-kolba-zarna-kandiklis-1-300x273.jpg.webp 300w, https:\/\/hookahshop.lt\/wp-content\/webp-express\/webp-images\/uploads\/2020\/09\/stiebas-kolba-zarna-kandiklis-1-13x12.jpg.webp 13w, https:\/\/hookahshop.lt\/wp-content\/webp-express\/webp-images\/uploads\/2020\/09\/stiebas-kolba-zarna-kandiklis-1-64x58.jpg.webp 64w, https:\/\/hookahshop.lt\/wp-content\/webp-express\/webp-images\/uploads\/2020\/09\/stiebas-kolba-zarna-kandiklis-1.jpg.webp 420w\" type=\"image\/webp\" sizes=\"(max-width: 300px) 100vw, 300px\" \/><img decoding=\"async\" loading=\"lazy\" class=\"alignnone size-medium wp-image-38520 webpexpress-processed\" title=\"Szisza ALPHA SZISZ Misha Extra Virgin 1\" src=\"https:\/\/hookahshop.lt\/wp-content\/uploads\/2020\/09\/stiebas-kolba-zarna-kandiklis-1-300x273.jpg\" sizes=\"(max-width: 300px) 100vw, 300px\" srcset=\"https:\/\/hookahshop.lt\/wp-content\/uploads\/2020\/09\/stiebas-kolba-zarna-kandiklis-1-300x273.jpg 300w, https:\/\/hookahshop.lt\/wp-content\/uploads\/2020\/09\/stiebas-kolba-zarna-kandiklis-1-13x12.jpg 13w, https:\/\/hookahshop.lt\/wp-content\/uploads\/2020\/09\/stiebas-kolba-zarna-kandiklis-1-64x58.jpg 64w, https:\/\/hookahshop.lt\/wp-content\/uploads\/2020\/09\/stiebas-kolba-zarna-kandiklis-1.jpg 420w\" alt=\"ustnik w\u0119\u017ca z kolb\u0105 na trzpie\u0144 1 - hookahshop.lt\" width=\"300\" height=\"273\" \/><\/picture>\n<p>Czy masz jakie\u015b pytania? Skontaktuj si\u0119 z nami\u00a0<a href=\"https:\/\/hookahshop.lt\/pl\/lacznosc\/\">strona z kontaktami<\/a>\u00a0lub napisz do nas na adres\u00a0<a href=\"https:\/\/facebook.com\/HookahShop.lt\/\" target=\"_blank\" rel=\"noopener noreferrer\">konto na Facebooku<\/a>\u00a0a my odpowiemy na Twoj\u0105 pro\u015bb\u0119 tego samego dnia.<\/p>","protected":false},"excerpt":{"rendered":"<p>ALPHA SHIHA Misha Moonlight Hookah Elegancka, minimalistyczna i wysokiej jako\u015bci fajka wodna o wyrazistym, ulicznym stylu. Ekonomiczny wyb\u00f3r od Alpha Hookah, wiod\u0105cej marki w \u015bwiecie fajek wodnych i producenta tego autentycznego klejnotu. Wykonana jest z wysokiej jako\u015bci stali nierdzewnej i poliacetalu, co gwarantuje trwa\u0142o\u015b\u0107 bez utraty w\u0142a\u015bciwo\u015bci. Bez w\u0105tpienia jedn\u0105 z najwi\u0119kszych zalet tej fajki wodnej jest [\u2026]<\/p>","protected":false},"featured_media":42333,"comment_status":"open","ping_status":"closed","template":"","meta":[],"_links":{"self":[{"href":"https:\/\/hookahshop.lt\/pl\/wp-json\/wp\/v2\/product\/42332"}],"collection":[{"href":"https:\/\/hookahshop.lt\/pl\/wp-json\/wp\/v2\/product"}],"about":[{"href":"https:\/\/hookahshop.lt\/pl\/wp-json\/wp\/v2\/types\/product"}],"replies":[{"embeddable":true,"href":"https:\/\/hookahshop.lt\/pl\/wp-json\/wp\/v2\/comments?post=42332"}],"version-history":[{"count":4,"href":"https:\/\/hookahshop.lt\/pl\/wp-json\/wp\/v2\/product\/42332\/revisions"}],"predecessor-version":[{"id":42437,"href":"https:\/\/hookahshop.lt\/pl\/wp-json\/wp\/v2\/product\/42332\/revisions\/42437"}],"wp:featuredmedia":[{"embeddable":true,"href":"https:\/\/hookahshop.lt\/pl\/wp-json\/wp\/v2\/media\/42333"}],"wp:attachment":[{"href":"https:\/\/hookahshop.lt\/pl\/wp-json\/wp\/v2\/media?parent=42332"}],"curies":[{"name":"wp","href":"https:\/\/api.w.org\/{rel}","templated":true}]}}