{"id":42420,"date":"2025-09-19T15:00:08","date_gmt":"2025-09-19T12:00:08","guid":{"rendered":"https:\/\/hookahshop.lt\/?post_type=product&#038;p=42420"},"modified":"2026-04-18T23:29:33","modified_gmt":"2026-04-18T20:29:33","slug":"kaljanas-hoob-subatom-wine-red","status":"publish","type":"product","link":"https:\/\/hookahshop.lt\/pl\/produkt\/szisza-hoob-subatom-wino-ed\/","title":{"rendered":"Shisha HOOB SubAtom Wine Red"},"content":{"rendered":"<h2>Shisha HOOB SubAtom Wine Red<\/h2>\n<p>To jedna z najbardziej rewolucyjnych i kompaktowych fajek wodnych \u2013 Hoob SubAtom sta\u0142 si\u0119 jeszcze bardziej kompaktowy i mobilny. Mo\u017cesz zabra\u0107 j\u0105 ze sob\u0105 w podr\u00f3\u017c lub na wycieczk\u0119, poniewa\u017c jest niewielka. Z \u0142atwo\u015bci\u0105 zmie\u015bci si\u0119 w torbie lub plecaku.<\/p>\n<p><strong>Specyfikacja:<\/strong><br \/>\nMateria\u0142 kolby: szk\u0142o organiczne<br \/>\nMateria\u0142 fajki wodnej: stal nierdzewna<br \/>\nDyfuzor: tak<br \/>\nMocowanie kolby: magnesy<br \/>\nPrzy\u0142\u0105cze w\u0119\u017ca: magnetyczne<br \/>\nWysoko\u015b\u0107 fajki wodnej: 12 cm<br \/>\nWaga: 1,5 kg<\/p>\n<p><strong>Ekwipunek:<\/strong><br \/>\nWa\u0142, kolba, w\u0105\u017c z ustnikiem, uszczelki.<br \/>\n<img decoding=\"async\" loading=\"lazy\" class=\"alignnone size-medium wp-image-38520\" src=\"https:\/\/hookahshop.lt\/wp-content\/uploads\/2020\/09\/stiebas-kolba-zarna-kandiklis-1-300x273.jpg\" alt=\"- hookahshop.lt\" width=\"300\" height=\"273\" srcset=\"https:\/\/hookahshop.lt\/wp-content\/uploads\/2020\/09\/stiebas-kolba-zarna-kandiklis-1-300x273.jpg 300w, https:\/\/hookahshop.lt\/wp-content\/uploads\/2020\/09\/stiebas-kolba-zarna-kandiklis-1-13x12.jpg 13w, https:\/\/hookahshop.lt\/wp-content\/uploads\/2020\/09\/stiebas-kolba-zarna-kandiklis-1-64x58.jpg 64w, https:\/\/hookahshop.lt\/wp-content\/uploads\/2020\/09\/stiebas-kolba-zarna-kandiklis-1.jpg 420w\" sizes=\"(max-width: 300px) 100vw, 300px\" title=\"\"><\/p>\n<p>Czy masz jakie\u015b pytania? Skontaktuj si\u0119 z nami\u00a0<a href=\"https:\/\/hookahshop.lt\/pl\/lacznosc\/\">strona z kontaktami<\/a>\u00a0lub napisz do nas na adres\u00a0<a href=\"https:\/\/facebook.com\/HookahShop.lt\/\" target=\"_blank\" rel=\"noopener noreferrer\">konto na Facebooku<\/a>\u00a0a my odpowiemy na Twoj\u0105 pro\u015bb\u0119 tego samego dnia.<\/p>\n<p>&nbsp;<\/p>","protected":false},"excerpt":{"rendered":"<p>Fajka wodna HOOB SubAtom Wine Red To jedna z najbardziej rewolucyjnych i kompaktowych fajek wodnych. Hoob SubAtom sta\u0142 si\u0119 jeszcze bardziej kompaktowy i mobilny. Mo\u017cesz zabra\u0107 j\u0105 ze sob\u0105 w podr\u00f3\u017c lub na wycieczk\u0119, poniewa\u017c jest niewielka. Z \u0142atwo\u015bci\u0105 zmie\u015bci si\u0119 w torbie lub plecaku. Specyfikacja: Materia\u0142 termosu: szk\u0142o organiczne. Materia\u0142 fajki wodnej: stal nierdzewna. Dyfuzor: tak. Mocowanie termosu: magnesy. Przy\u0142\u0105cze w\u0119\u017ca: [\u2026]<\/p>","protected":false},"featured_media":42480,"comment_status":"open","ping_status":"closed","template":"","meta":[],"_links":{"self":[{"href":"https:\/\/hookahshop.lt\/pl\/wp-json\/wp\/v2\/product\/42420"}],"collection":[{"href":"https:\/\/hookahshop.lt\/pl\/wp-json\/wp\/v2\/product"}],"about":[{"href":"https:\/\/hookahshop.lt\/pl\/wp-json\/wp\/v2\/types\/product"}],"replies":[{"embeddable":true,"href":"https:\/\/hookahshop.lt\/pl\/wp-json\/wp\/v2\/comments?post=42420"}],"version-history":[{"count":4,"href":"https:\/\/hookahshop.lt\/pl\/wp-json\/wp\/v2\/product\/42420\/revisions"}],"predecessor-version":[{"id":42501,"href":"https:\/\/hookahshop.lt\/pl\/wp-json\/wp\/v2\/product\/42420\/revisions\/42501"}],"wp:featuredmedia":[{"embeddable":true,"href":"https:\/\/hookahshop.lt\/pl\/wp-json\/wp\/v2\/media\/42480"}],"wp:attachment":[{"href":"https:\/\/hookahshop.lt\/pl\/wp-json\/wp\/v2\/media?parent=42420"}],"curies":[{"name":"wp","href":"https:\/\/api.w.org\/{rel}","templated":true}]}}