{"id":42422,"date":"2025-09-19T15:11:22","date_gmt":"2025-09-19T12:11:22","guid":{"rendered":"https:\/\/hookahshop.lt\/?post_type=product&#038;p=42422"},"modified":"2026-04-15T12:29:45","modified_gmt":"2026-04-15T09:29:45","slug":"taurele-kaljanui-cosmo-turkish-phunnel","status":"publish","type":"product","link":"https:\/\/hookahshop.lt\/pl\/produkt\/kubek-do-fajki-wodnej-cosmo-turkish-phunnel\/","title":{"rendered":"Kubek do shishy COSMO Turkish Phunnel Combo"},"content":{"rendered":"<h2>Kubek do shishy COSMO Turkish Phunnel Combo<\/h2>\n<p>R\u0119cznie wykonany kubek, kt\u00f3ry nadaje intensywny aromat podczas palenia fajki wodnej. Ten kubek nale\u017cy do dw\u00f3ch rodzaj\u00f3w: tureckiego \u2013 ze wzgl\u0119du na wypuk\u0142y kszta\u0142t \u2013 oraz punnelowego \u2013 z jednym otworem, dzi\u0119ki czemu dym z fajki wodnej b\u0119dzie mi\u0119kki i bogaty. Kubek nadaje si\u0119 do lekkich, \u015brednich i mocnych sesji. Uniwersalny wyb\u00f3r do wszystkich rodzaj\u00f3w tytoniu do fajki wodnej. Dno kubka nie nagrzewa si\u0119 dzi\u0119ki grubej glinie, dzi\u0119ki czemu mo\u017cna go bezpiecznie i wygodnie wyj\u0105\u0107 po paleniu.<\/p>\n<p>W kubku mie\u015bci si\u0119 ~18-20 g tytoniu (w zale\u017cno\u015bci od zastosowanego sposobu pakowania).<\/p>\n<p><strong>Specyfikacje:<\/strong><br \/>\nTyp: Phunnel<br \/>\nMateria\u0142: glina<br \/>\nWysoko\u015b\u0107: ~8,8 cm<br \/>\nSzeroko\u015b\u0107: ~7 cm<\/p>\n<p>Czy masz jakie\u015b pytania? Skontaktuj si\u0119 z nami\u00a0<a href=\"https:\/\/hookahshop.lt\/pl\/lacznosc\/\">strona z kontaktami<\/a>\u00a0lub napisz do nas na adres\u00a0<a href=\"https:\/\/facebook.com\/HookahShop.lt\/\" target=\"_blank\" rel=\"noopener\">konto na Facebooku<\/a>\u00a0a my odpowiemy na Twoj\u0105 pro\u015bb\u0119 tego samego dnia.<\/p>","protected":false},"excerpt":{"rendered":"<p>Cybuch COSMO Turkish Phunnel Combo \u2013 r\u0119cznie wykonana cybuch, kt\u00f3ry nadaje intensywny smak podczas palenia fajki wodnej. Cybuch ten nale\u017cy do dw\u00f3ch typ\u00f3w: tureckiego \u2013 ze wzgl\u0119du na wypuk\u0142y kszta\u0142t \u2013 oraz phunnel \u2013 ze wzgl\u0119du na jeden otw\u00f3r. Dzi\u0119ki tym w\u0142a\u015bciwo\u015bciom dym z fajki wodnej b\u0119dzie mi\u0119kki i bogaty. Cybuch nadaje si\u0119 do lekkich, \u015brednich i mocnych sesji. Uniwersalna opcja dla wszystkich [\u2026]<\/p>","protected":false},"featured_media":42481,"comment_status":"open","ping_status":"closed","template":"","meta":[],"_links":{"self":[{"href":"https:\/\/hookahshop.lt\/pl\/wp-json\/wp\/v2\/product\/42422"}],"collection":[{"href":"https:\/\/hookahshop.lt\/pl\/wp-json\/wp\/v2\/product"}],"about":[{"href":"https:\/\/hookahshop.lt\/pl\/wp-json\/wp\/v2\/types\/product"}],"replies":[{"embeddable":true,"href":"https:\/\/hookahshop.lt\/pl\/wp-json\/wp\/v2\/comments?post=42422"}],"version-history":[{"count":4,"href":"https:\/\/hookahshop.lt\/pl\/wp-json\/wp\/v2\/product\/42422\/revisions"}],"predecessor-version":[{"id":44585,"href":"https:\/\/hookahshop.lt\/pl\/wp-json\/wp\/v2\/product\/42422\/revisions\/44585"}],"wp:featuredmedia":[{"embeddable":true,"href":"https:\/\/hookahshop.lt\/pl\/wp-json\/wp\/v2\/media\/42481"}],"wp:attachment":[{"href":"https:\/\/hookahshop.lt\/pl\/wp-json\/wp\/v2\/media?parent=42422"}],"curies":[{"name":"wp","href":"https:\/\/api.w.org\/{rel}","templated":true}]}}