{"id":42438,"date":"2025-09-22T14:55:31","date_gmt":"2025-09-22T11:55:31","guid":{"rendered":"https:\/\/hookahshop.lt\/?post_type=product&#038;p=42438"},"modified":"2026-04-06T23:29:41","modified_gmt":"2026-04-06T20:29:41","slug":"taurele-kaljanui-kong-turkish-duet-black","status":"publish","type":"product","link":"https:\/\/hookahshop.lt\/pl\/produkt\/kubek-do-shishy-kong-turecki-duet-czarny\/","title":{"rendered":"Kubek do shishy KONG Turkish Duet Black"},"content":{"rendered":"<h2>Kubek do shishy KONG Turkish Duet Black<\/h2>\n<p>Ma do\u015b\u0107 grube \u015bcianki, dobrze trzyma ciep\u0142o i nie wymaga specjalnej piel\u0119gnacji. Zapewnia d\u0142ugi proces palenia i nadaje si\u0119 do wszystkich rodzaj\u00f3w tytoniu.<br \/>\nIdealnie pasuje do komory grzewczej Kalaud. Obj\u0119to\u015b\u0107 mieszanki do shishy wynosi oko\u0142o 15-20 gram\u00f3w.<\/p>\n<p><strong>Specyfikacje:<\/strong><br \/>\nWysoko\u015b\u0107: 80 mm<br \/>\n\u015arednica (zewn\u0119trzna): 70 mm<br \/>\n\u015arednica (wewn\u0119trzna): 57 mm<br \/>\nG\u0142\u0119boko\u015b\u0107: 16 mm<br \/>\n\u015arednica otworu: 7 mm<br \/>\nIlo\u015b\u0107 otwor\u00f3w: 6 szt<br \/>\nWaga: ~255 g.<\/p>\n<p>Czy masz jakie\u015b pytania? Skontaktuj si\u0119 z nami\u00a0<a href=\"https:\/\/hookahshop.lt\/pl\/lacznosc\/\">strona z kontaktami<\/a>\u00a0lub napisz do nas na adres\u00a0<a href=\"https:\/\/facebook.com\/HookahShop.lt\/\" target=\"_blank\" rel=\"noopener noreferrer\">konto na Facebooku<\/a>\u00a0a my odpowiemy na Twoj\u0105 pro\u015bb\u0119 tego samego dnia.<\/p>","protected":false},"excerpt":{"rendered":"<p>Kubek do fajki wodnej KONG Turkish Duet Black. Ma do\u015b\u0107 grube \u015bcianki, dobrze trzyma ciep\u0142o i nie wymaga specjalnej piel\u0119gnacji. Zapewnia d\u0142ugi proces palenia i nadaje si\u0119 do wszystkich rodzaj\u00f3w tytoniu. Idealnie pasuje do komory grzewczej kalaud. Obj\u0119to\u015b\u0107 mieszanki do fajki wodnej wynosi oko\u0142o 15-20 gram\u00f3w. Dane techniczne: Wysoko\u015b\u0107: 80 mm \u015arednica (zewn\u0119trzna): 70 mm \u015arednica (wewn\u0119trzna): 57 mm G\u0142\u0119boko\u015b\u0107: 16 mm Otwory [\u2026]<\/p>","protected":false},"featured_media":42477,"comment_status":"open","ping_status":"closed","template":"","meta":[],"_links":{"self":[{"href":"https:\/\/hookahshop.lt\/pl\/wp-json\/wp\/v2\/product\/42438"}],"collection":[{"href":"https:\/\/hookahshop.lt\/pl\/wp-json\/wp\/v2\/product"}],"about":[{"href":"https:\/\/hookahshop.lt\/pl\/wp-json\/wp\/v2\/types\/product"}],"replies":[{"embeddable":true,"href":"https:\/\/hookahshop.lt\/pl\/wp-json\/wp\/v2\/comments?post=42438"}],"version-history":[{"count":3,"href":"https:\/\/hookahshop.lt\/pl\/wp-json\/wp\/v2\/product\/42438\/revisions"}],"predecessor-version":[{"id":44555,"href":"https:\/\/hookahshop.lt\/pl\/wp-json\/wp\/v2\/product\/42438\/revisions\/44555"}],"wp:featuredmedia":[{"embeddable":true,"href":"https:\/\/hookahshop.lt\/pl\/wp-json\/wp\/v2\/media\/42477"}],"wp:attachment":[{"href":"https:\/\/hookahshop.lt\/pl\/wp-json\/wp\/v2\/media?parent=42438"}],"curies":[{"name":"wp","href":"https:\/\/api.w.org\/{rel}","templated":true}]}}