{"id":42441,"date":"2025-09-22T15:03:32","date_gmt":"2025-09-22T12:03:32","guid":{"rendered":"https:\/\/hookahshop.lt\/?post_type=product&#038;p=42441"},"modified":"2026-04-06T23:29:41","modified_gmt":"2026-04-06T20:29:41","slug":"individualus-kaljano-kandiklis-darkside-d-stick-bronze","status":"publish","type":"product","link":"https:\/\/hookahshop.lt\/pl\/produkt\/niestandardowy-ustnik-do-fajki-wodnej-darkside-d-stick-bronze\/","title":{"rendered":"Indywidualny ustnik do fajki wodnej DARKSIDE D Stick Bronze"},"content":{"rendered":"<h2>Indywidualny ustnik do fajki wodnej DARKSIDE D Stick Bronze<\/h2>\n<p>Dzi\u0119ki silikonowej wk\u0142adce pasuje do ka\u017cdego ustnika do fajki wodnej, posiada pokrywk\u0119. Osobisty ustnik z etui magnetycznym i smycz\u0105 - ustnik mo\u017cesz zawsze nosi\u0107 przy sobie. Wykonana z trwa\u0142ych i przyjemnych w dotyku materia\u0142\u00f3w, silikonowa uszczelka pasuje do ka\u017cdego innego ustnika.<\/p>\n<p><strong>Specyfikacje:<\/strong><br \/>\nD\u0142ugo\u015b\u0107: 62 mm<br \/>\n\u015arednica: 26 mm<br \/>\nMateria\u0142: poliacetal, silikon.<br \/>\nKolor: br\u0105zowy<\/p>\n<p><strong>Ekwipunek:<\/strong><br \/>\nIndywidualny ustnik ze sznurkiem<br \/>\nMarkowe pude\u0142ko Darkside<\/p>\n<p>Czy masz jakie\u015b pytania? Skontaktuj si\u0119 z nami\u00a0<a href=\"https:\/\/hookahshop.lt\/pl\/lacznosc\/\">strona z kontaktami<\/a>\u00a0lub napisz do nas na adres\u00a0<a href=\"https:\/\/facebook.com\/HookahShop.lt\/\" target=\"_blank\" rel=\"noopener\">konto na Facebooku<\/a>\u00a0a my odpowiemy na Twoj\u0105 pro\u015bb\u0119 tego samego dnia.<\/p>\n<p>&nbsp;<\/p>","protected":false},"excerpt":{"rendered":"<p>Indywidualny ustnik do fajki wodnej DARKSIDE D Stick Bronze Dzi\u0119ki silikonowej wk\u0142adce pasuje do ka\u017cdego ustnika do fajki wodnej, posiada kapturek. Osobisty ustnik z magnetycznym etui i smyczk\u0105 \u2013 mo\u017cesz go zawsze mie\u0107 przy sobie. Wykonany z trwa\u0142ych i przyjemnych w dotyku materia\u0142\u00f3w, a silikonowa uszczelka pasuje do ka\u017cdego innego ustnika. Dane techniczne: D\u0142ugo\u015b\u0107: 62 mm \u015arednica: 26 mm [\u2026]<\/p>","protected":false},"featured_media":42473,"comment_status":"open","ping_status":"closed","template":"","meta":[],"_links":{"self":[{"href":"https:\/\/hookahshop.lt\/pl\/wp-json\/wp\/v2\/product\/42441"}],"collection":[{"href":"https:\/\/hookahshop.lt\/pl\/wp-json\/wp\/v2\/product"}],"about":[{"href":"https:\/\/hookahshop.lt\/pl\/wp-json\/wp\/v2\/types\/product"}],"replies":[{"embeddable":true,"href":"https:\/\/hookahshop.lt\/pl\/wp-json\/wp\/v2\/comments?post=42441"}],"version-history":[{"count":8,"href":"https:\/\/hookahshop.lt\/pl\/wp-json\/wp\/v2\/product\/42441\/revisions"}],"predecessor-version":[{"id":44049,"href":"https:\/\/hookahshop.lt\/pl\/wp-json\/wp\/v2\/product\/42441\/revisions\/44049"}],"wp:featuredmedia":[{"embeddable":true,"href":"https:\/\/hookahshop.lt\/pl\/wp-json\/wp\/v2\/media\/42473"}],"wp:attachment":[{"href":"https:\/\/hookahshop.lt\/pl\/wp-json\/wp\/v2\/media?parent=42441"}],"curies":[{"name":"wp","href":"https:\/\/api.w.org\/{rel}","templated":true}]}}