{"id":42443,"date":"2025-09-22T14:51:53","date_gmt":"2025-09-22T11:51:53","guid":{"rendered":"https:\/\/hookahshop.lt\/?post_type=product&#038;p=42443"},"modified":"2026-04-16T10:21:44","modified_gmt":"2026-04-16T07:21:44","slug":"gaubtas-taureles-kaitinimui-star-black","status":"publish","type":"product","link":"https:\/\/hookahshop.lt\/pl\/produkt\/kaptur-do-podgrzewania-kubkow-gwiazdka-czarny\/","title":{"rendered":"Kaptur do podgrzewania kubk\u00f3w Star Black"},"content":{"rendered":"<h2><strong>Kaptur do podgrzewania kubk\u00f3w Star Black<\/strong><\/h2>\n<p>Klasyczna os\u0142ona przeciwwiatrowa do palenia na zewn\u0105trz, aby chroni\u0107 w\u0119gle kokosowe przed wiatrem lub do palenia w pomieszczeniach, aby dobrze podgrza\u0107 fili\u017cank\u0119.<\/p>\n<p><strong>Specyfikacja:<\/strong><br \/>\nWzrost: ~27,94 cm<br \/>\n\u015arednica: ~ 8,89 cm<br \/>\nMateria\u0142: metal;<\/p>\n<p>Czy masz jakie\u015b pytania? Skontaktuj si\u0119 z nami\u00a0<a href=\"https:\/\/hookahshop.lt\/pl\/lacznosc\/\">strona z kontaktami<\/a>\u00a0lub napisz do nas na adres\u00a0<a href=\"https:\/\/facebook.com\/HookahShop.lt\/\" target=\"_blank\" rel=\"noopener\">konto na Facebooku<\/a>\u00a0a my odpowiemy na Twoj\u0105 pro\u015bb\u0119 tego samego dnia.<\/p>","protected":false},"excerpt":{"rendered":"<p>Os\u0142ona grzewcza Star Black Cup Klasyczna os\u0142ona przeciwwietrzna, u\u017cywana podczas w\u0119dzenia na zewn\u0105trz, aby chroni\u0107 w\u0119giel kokosowy przed wiatrem, lub podczas w\u0119dzenia w pomieszczeniu, aby dobrze ogrza\u0107 kubek. Specyfikacja: Wysoko\u015b\u0107: ~27,94 cm \u015arednica: ~8,89 cm Materia\u0142: metal Masz pytania? Skontaktuj si\u0119 z nami za po\u015brednictwem strony kontaktowej lub napisz do nas na Facebooku, a odpowiemy tego samego dnia.<\/p>","protected":false},"featured_media":42470,"comment_status":"open","ping_status":"closed","template":"","meta":[],"_links":{"self":[{"href":"https:\/\/hookahshop.lt\/pl\/wp-json\/wp\/v2\/product\/42443"}],"collection":[{"href":"https:\/\/hookahshop.lt\/pl\/wp-json\/wp\/v2\/product"}],"about":[{"href":"https:\/\/hookahshop.lt\/pl\/wp-json\/wp\/v2\/types\/product"}],"replies":[{"embeddable":true,"href":"https:\/\/hookahshop.lt\/pl\/wp-json\/wp\/v2\/comments?post=42443"}],"version-history":[{"count":2,"href":"https:\/\/hookahshop.lt\/pl\/wp-json\/wp\/v2\/product\/42443\/revisions"}],"predecessor-version":[{"id":42468,"href":"https:\/\/hookahshop.lt\/pl\/wp-json\/wp\/v2\/product\/42443\/revisions\/42468"}],"wp:featuredmedia":[{"embeddable":true,"href":"https:\/\/hookahshop.lt\/pl\/wp-json\/wp\/v2\/media\/42470"}],"wp:attachment":[{"href":"https:\/\/hookahshop.lt\/pl\/wp-json\/wp\/v2\/media?parent=42443"}],"curies":[{"name":"wp","href":"https:\/\/api.w.org\/{rel}","templated":true}]}}