{"id":42514,"date":"2025-10-01T13:57:39","date_gmt":"2025-10-01T10:57:39","guid":{"rendered":"https:\/\/hookahshop.lt\/?post_type=product&#038;p=42514"},"modified":"2026-04-17T23:30:03","modified_gmt":"2026-04-17T20:30:03","slug":"taurele-kaljanui-fox-killer-red","status":"publish","type":"product","link":"https:\/\/hookahshop.lt\/pl\/produkt\/kubek-do-fajki-wodnej-lis-zabojca-czerwony\/","title":{"rendered":"Kubek do shishy FOX Killer Red"},"content":{"rendered":"<h2><strong>Kubek do shishy FOX Killer Red<\/strong><\/h2>\n<p>Posiada grube \u015bcianki pokryte szkliwem, dobrze akumuluje ciep\u0142o i nie wymaga specjalnej piel\u0119gnacji. Zapewnia d\u0142ugi proces palenia i nadaje si\u0119 do wszystkich rodzaj\u00f3w tytoniu.<br \/>\nObj\u0119to\u015b\u0107 mieszanki do shishy wynosi oko\u0142o 15-20 gram\u00f3w.<\/p>\n<p><strong>Specyfikacje:<\/strong><br \/>\nWysoko\u015b\u0107: 100mm<br \/>\n\u015arednica (zewn\u0119trzna): 70 mm<br \/>\n\u015arednica (wewn\u0119trzna): 57 mm<br \/>\nG\u0142\u0119boko\u015b\u0107: 16 mm<br \/>\n\u015arednica otworu: 7 mm<br \/>\nLiczba otwor\u00f3w: 5 szt<\/p>\n<p>Czy masz jakie\u015b pytania? Skontaktuj si\u0119 z nami\u00a0<a href=\"https:\/\/hookahshop.lt\/pl\/lacznosc\/\">strona z kontaktami<\/a>\u00a0lub napisz do nas na adres\u00a0<a href=\"https:\/\/facebook.com\/HookahShop.lt\/\" target=\"_blank\" rel=\"noopener noreferrer\">konto na Facebooku<\/a>\u00a0a my odpowiemy na Twoj\u0105 pro\u015bb\u0119 tego samego dnia.<\/p>","protected":false},"excerpt":{"rendered":"<p>Kubek do fajki wodnej FOX Killer Red. Posiada grube, pokryte szkliwem \u015bcianki, dobrze akumuluj\u0105ce ciep\u0142o i niewymagaj\u0105ce specjalnej piel\u0119gnacji. Zapewnia d\u0142ugi proces palenia i nadaje si\u0119 do wszystkich rodzaj\u00f3w tytoniu. Obj\u0119to\u015b\u0107 mieszanki do fajki wodnej wynosi oko\u0142o 15-20 gram\u00f3w. Dane techniczne: Wysoko\u015b\u0107: 100 mm \u015arednica (zewn\u0119trzna): 70 mm \u015arednica (wewn\u0119trzna): 57 mm G\u0142\u0119boko\u015b\u0107: 16 mm \u015arednica otworu: 7 mm Liczba otwor\u00f3w: [\u2026]<\/p>","protected":false},"featured_media":42516,"comment_status":"open","ping_status":"closed","template":"","meta":[],"_links":{"self":[{"href":"https:\/\/hookahshop.lt\/pl\/wp-json\/wp\/v2\/product\/42514"}],"collection":[{"href":"https:\/\/hookahshop.lt\/pl\/wp-json\/wp\/v2\/product"}],"about":[{"href":"https:\/\/hookahshop.lt\/pl\/wp-json\/wp\/v2\/types\/product"}],"replies":[{"embeddable":true,"href":"https:\/\/hookahshop.lt\/pl\/wp-json\/wp\/v2\/comments?post=42514"}],"version-history":[{"count":2,"href":"https:\/\/hookahshop.lt\/pl\/wp-json\/wp\/v2\/product\/42514\/revisions"}],"predecessor-version":[{"id":42519,"href":"https:\/\/hookahshop.lt\/pl\/wp-json\/wp\/v2\/product\/42514\/revisions\/42519"}],"wp:featuredmedia":[{"embeddable":true,"href":"https:\/\/hookahshop.lt\/pl\/wp-json\/wp\/v2\/media\/42516"}],"wp:attachment":[{"href":"https:\/\/hookahshop.lt\/pl\/wp-json\/wp\/v2\/media?parent=42514"}],"curies":[{"name":"wp","href":"https:\/\/api.w.org\/{rel}","templated":true}]}}