{"id":42534,"date":"2025-10-03T15:04:51","date_gmt":"2025-10-03T12:04:51","guid":{"rendered":"https:\/\/hookahshop.lt\/?post_type=product&#038;p=42534"},"modified":"2026-05-13T13:52:54","modified_gmt":"2026-05-13T10:52:54","slug":"taurele-kaljanui-fox-masta-syrian","status":"publish","type":"product","link":"https:\/\/hookahshop.lt\/pl\/produkt\/kubek-do-fajki-wodnej-lis-masta-syryjski\/","title":{"rendered":"Kubek do shishy FOX Masta Syrian"},"content":{"rendered":"<h2><strong>Kubek do shishy FOX Masta Syrian<\/strong><\/h2>\n<p>Posiada grube \u015bcianki, kt\u00f3re dobrze akumuluj\u0105 ciep\u0142o i nie wymagaj\u0105 specjalnej piel\u0119gnacji. Zapewnia d\u0142ugi proces palenia i nadaje si\u0119 do wszystkich rodzaj\u00f3w tytoniu.<br \/>\nObj\u0119to\u015b\u0107 mieszanki do shishy wynosi oko\u0142o 15-18 gram\u00f3w.<\/p>\n<p><strong>Specyfikacje:<\/strong><br \/>\nWysoko\u015b\u0107: 85 mm<br \/>\n\u015arednica (zewn\u0119trzna): 70 mm<br \/>\n\u015arednica (wewn\u0119trzna): 55 mm<br \/>\nG\u0142\u0119boko\u015b\u0107: 20 mm<br \/>\n\u015arednica otworu: 7 mm<br \/>\nIlo\u015b\u0107 otwor\u00f3w: 4 szt<\/p>\n<p>Czy masz jakie\u015b pytania? Skontaktuj si\u0119 z nami\u00a0<a href=\"https:\/\/hookahshop.lt\/pl\/lacznosc\/\">strona z kontaktami<\/a>\u00a0lub napisz do nas na adres\u00a0<a href=\"https:\/\/facebook.com\/HookahShop.lt\/\" target=\"_blank\" rel=\"noopener noreferrer\">konto na Facebooku<\/a>\u00a0a my odpowiemy na Twoj\u0105 pro\u015bb\u0119 tego samego dnia.<\/p>","protected":false},"excerpt":{"rendered":"<p>Kubek do fajki wodnej FOX Masta Syrian. Posiada grube \u015bcianki, kt\u00f3re dobrze trzymaj\u0105 ciep\u0142o i nie wymagaj\u0105 specjalnej piel\u0119gnacji. Zapewnia d\u0142ugi proces palenia i nadaje si\u0119 do wszystkich rodzaj\u00f3w tytoniu. Obj\u0119to\u015b\u0107 mieszanki do fajki wodnej wynosi oko\u0142o 15-18 gram\u00f3w. Dane techniczne: Wysoko\u015b\u0107: 85 mm \u015arednica (zewn\u0119trzna): 70 mm \u015arednica (wewn\u0119trzna): 55 mm G\u0142\u0119boko\u015b\u0107: 20 mm \u015arednica otworu: 7 mm Liczba otwor\u00f3w: 4 szt. [\u2026]<\/p>","protected":false},"featured_media":42537,"comment_status":"open","ping_status":"closed","template":"","meta":[],"_links":{"self":[{"href":"https:\/\/hookahshop.lt\/pl\/wp-json\/wp\/v2\/product\/42534"}],"collection":[{"href":"https:\/\/hookahshop.lt\/pl\/wp-json\/wp\/v2\/product"}],"about":[{"href":"https:\/\/hookahshop.lt\/pl\/wp-json\/wp\/v2\/types\/product"}],"replies":[{"embeddable":true,"href":"https:\/\/hookahshop.lt\/pl\/wp-json\/wp\/v2\/comments?post=42534"}],"version-history":[{"count":3,"href":"https:\/\/hookahshop.lt\/pl\/wp-json\/wp\/v2\/product\/42534\/revisions"}],"predecessor-version":[{"id":43724,"href":"https:\/\/hookahshop.lt\/pl\/wp-json\/wp\/v2\/product\/42534\/revisions\/43724"}],"wp:featuredmedia":[{"embeddable":true,"href":"https:\/\/hookahshop.lt\/pl\/wp-json\/wp\/v2\/media\/42537"}],"wp:attachment":[{"href":"https:\/\/hookahshop.lt\/pl\/wp-json\/wp\/v2\/media?parent=42534"}],"curies":[{"name":"wp","href":"https:\/\/api.w.org\/{rel}","templated":true}]}}