{"id":42747,"date":"2025-11-06T19:22:36","date_gmt":"2025-11-06T17:22:36","guid":{"rendered":"https:\/\/hookahshop.lt\/?post_type=product&#038;p=42747"},"modified":"2025-12-18T20:07:39","modified_gmt":"2025-12-18T18:07:39","slug":"baterija-elektroniniam-kaljanui-enso-plus","status":"publish","type":"product","link":"https:\/\/hookahshop.lt\/pl\/produkt\/bateria-do-elektronicznej-fajki-henso-plus\/","title":{"rendered":"Akumulator do elektronicznej fajki wodnej ENSO Plus"},"content":{"rendered":"<h2>Akumulator do elektronicznej fajki wodnej ENSO Plus<\/h2>\n<p>To dodatkowy akumulator do u\u017cytku z elektroniczn\u0105 fajk\u0105 wodn\u0105 ENSO. Pozwala na d\u0142u\u017csze korzystanie z urz\u0105dzenia bez konieczno\u015bci dodatkowego \u0142adowania \u2013 szczeg\u00f3lnie przydatne w podr\u00f3\u017cy lub w pobli\u017cu gniazdka elektrycznego. Battery Plus posiada teraz cztery wska\u017aniki LED pokazuj\u0105ce aktualny poziom na\u0142adowania. Obs\u0142uguje r\u00f3wnie\u017c szybkie \u0142adowanie, skracaj\u0105c czas \u0142adowania z 3,5 godziny do zaledwie 1,5 godziny podczas \u0142adowania poza urz\u0105dzeniem ENSO za pomoc\u0105 zewn\u0119trznej \u0142adowarki o mocy 20 W (lub wi\u0119kszej).<\/p>\n<p data-start=\"355\" data-end=\"380\"><strong>Specyfikacja:<\/strong><\/p>\n<p>Pojemno\u015b\u0107: bateria litowo-jonowa 5000 mAh<br \/>\nWaga: oko\u0142o 0,4 kg<br \/>\nWysoko\u015b\u0107: 10,5 cm<br \/>\nSzeroko\u015b\u0107: 7 cm<\/p>\n<p><strong>Okres gwarancji:<\/strong><br \/>\n12 miesi\u0119cy.<\/p>\n<p><strong>Do stosowania z urz\u0105dzeniem ENSO jako wymienny modu\u0142 akumulatorowy<\/strong><\/p>\n<p>Czy masz jakie\u015b pytania? Skontaktuj si\u0119 z nami\u00a0<a href=\"https:\/\/hookahshop.lt\/pl\/lacznosc\/\">strona z kontaktami<\/a>\u00a0lub napisz do nas na adres\u00a0<a href=\"https:\/\/facebook.com\/HookahShop.lt\/\" target=\"_blank\" rel=\"noopener noreferrer\">konto na Facebooku<\/a>\u00a0a my odpowiemy na Twoj\u0105 pro\u015bb\u0119 tego samego dnia.<\/p>","protected":false},"excerpt":{"rendered":"<p>Akumulator do elektronicznej fajki wodnej ENSO Plus. To dodatkowy akumulator do u\u017cytku z elektroniczn\u0105 fajk\u0105 wodn\u0105 ENSO. Pozwala na d\u0142u\u017csze korzystanie z urz\u0105dzenia bez konieczno\u015bci dodatkowego \u0142adowania \u2013 szczeg\u00f3lnie przydatne w podr\u00f3\u017cy lub w pobli\u017cu gniazdka elektrycznego. Akumulator Plus posiada teraz cztery wska\u017aniki LED pokazuj\u0105ce aktualny poziom na\u0142adowania. Obs\u0142uguje r\u00f3wnie\u017c szybkie \u0142adowanie, skracaj\u0105c czas \u0142adowania z 3,5 godziny do [\u2026]<\/p>","protected":false},"featured_media":42753,"comment_status":"open","ping_status":"closed","template":"","meta":[],"_links":{"self":[{"href":"https:\/\/hookahshop.lt\/pl\/wp-json\/wp\/v2\/product\/42747"}],"collection":[{"href":"https:\/\/hookahshop.lt\/pl\/wp-json\/wp\/v2\/product"}],"about":[{"href":"https:\/\/hookahshop.lt\/pl\/wp-json\/wp\/v2\/types\/product"}],"replies":[{"embeddable":true,"href":"https:\/\/hookahshop.lt\/pl\/wp-json\/wp\/v2\/comments?post=42747"}],"version-history":[{"count":7,"href":"https:\/\/hookahshop.lt\/pl\/wp-json\/wp\/v2\/product\/42747\/revisions"}],"predecessor-version":[{"id":44363,"href":"https:\/\/hookahshop.lt\/pl\/wp-json\/wp\/v2\/product\/42747\/revisions\/44363"}],"wp:featuredmedia":[{"embeddable":true,"href":"https:\/\/hookahshop.lt\/pl\/wp-json\/wp\/v2\/media\/42753"}],"wp:attachment":[{"href":"https:\/\/hookahshop.lt\/pl\/wp-json\/wp\/v2\/media?parent=42747"}],"curies":[{"name":"wp","href":"https:\/\/api.w.org\/{rel}","templated":true}]}}