{"id":42909,"date":"2025-11-18T13:49:24","date_gmt":"2025-11-18T11:49:24","guid":{"rendered":"https:\/\/hookahshop.lt\/?post_type=product&#038;p=42909"},"modified":"2026-04-05T23:29:44","modified_gmt":"2026-04-05T20:29:44","slug":"akriline-vandens-pypke-clear-30cm","status":"publish","type":"product","link":"https:\/\/hookahshop.lt\/pl\/produkt\/akrylowa-fajka-wodna-przezroczysta-30cm\/","title":{"rendered":"Fajka wodna akrylowa przezroczysta 30cm"},"content":{"rendered":"<h2>Fajka wodna akrylowa przezroczysta 30cm<\/h2>\n<p>Przezroczysty akrylowy bong z ma\u0142ymi kropkami. Praktyczny w podr\u00f3\u017cy i w domu. Trzonek jest wyjmowany dla bezpiecznego transportu, a chillum mo\u017cna wyj\u0105\u0107 i odkr\u0119ci\u0107.<\/p>\n<p><strong>Specyfikacje:<\/strong><br \/>\nWysoko\u015b\u0107: 30 cm<br \/>\nKolor: przezroczysty<br \/>\nMateria\u0142: akryl;<\/p>\n<p>Czy masz jakie\u015b pytania? Skontaktuj si\u0119 z nami\u00a0<a href=\"https:\/\/hookahshop.lt\/pl\/lacznosc\/\">strona z kontaktami<\/a>\u00a0lub napisz do nas na adres\u00a0<a href=\"https:\/\/facebook.com\/HookahShop.lt\/\" target=\"_blank\" rel=\"noopener\">konto na Facebooku<\/a>\u00a0a my odpowiemy na Twoj\u0105 pro\u015bb\u0119 tego samego dnia.<\/p>","protected":false},"excerpt":{"rendered":"<p>Akrylowa fajka wodna, przezroczysta, 30 cm. Przezroczysty akrylowy bong z ma\u0142ymi kropkami. Praktyczny w podr\u00f3\u017cy i w domu. Noga jest odpinana dla bezpiecznego transportu, a chillum mo\u017cna zdj\u0105\u0107 i odkr\u0119ci\u0107. Dane techniczne: Wysoko\u015b\u0107: 30 cm. Kolor: przezroczysty. Materia\u0142: akryl. Masz pytania? Skontaktuj si\u0119 z nami za po\u015brednictwem strony kontaktowej lub napisz do nas na Facebooku, a odpowiemy tego samego dnia.<\/p>","protected":false},"featured_media":42910,"comment_status":"closed","ping_status":"closed","template":"","meta":[],"_links":{"self":[{"href":"https:\/\/hookahshop.lt\/pl\/wp-json\/wp\/v2\/product\/42909"}],"collection":[{"href":"https:\/\/hookahshop.lt\/pl\/wp-json\/wp\/v2\/product"}],"about":[{"href":"https:\/\/hookahshop.lt\/pl\/wp-json\/wp\/v2\/types\/product"}],"replies":[{"embeddable":true,"href":"https:\/\/hookahshop.lt\/pl\/wp-json\/wp\/v2\/comments?post=42909"}],"version-history":[{"count":3,"href":"https:\/\/hookahshop.lt\/pl\/wp-json\/wp\/v2\/product\/42909\/revisions"}],"predecessor-version":[{"id":45373,"href":"https:\/\/hookahshop.lt\/pl\/wp-json\/wp\/v2\/product\/42909\/revisions\/45373"}],"wp:featuredmedia":[{"embeddable":true,"href":"https:\/\/hookahshop.lt\/pl\/wp-json\/wp\/v2\/media\/42910"}],"wp:attachment":[{"href":"https:\/\/hookahshop.lt\/pl\/wp-json\/wp\/v2\/media?parent=42909"}],"curies":[{"name":"wp","href":"https:\/\/api.w.org\/{rel}","templated":true}]}}