{"id":42915,"date":"2025-11-18T13:32:20","date_gmt":"2025-11-18T11:32:20","guid":{"rendered":"https:\/\/hookahshop.lt\/?post_type=product&#038;p=42915"},"modified":"2026-04-16T23:30:26","modified_gmt":"2026-04-16T20:30:26","slug":"smulkintuvas-metalinis-black-leaf-grey","status":"publish","type":"product","link":"https:\/\/hookahshop.lt\/pl\/produkt\/niszczarka-metal-czarno-lisciasto-szara\/","title":{"rendered":"Niszczarka do metalu BLACK LEAF Szara 52mm"},"content":{"rendered":"<h2>Niszczarka do metalu BLACK LEAF Szara 52mm<\/h2>\n<p>Wycinany CNC aluminiowy r\u0119bak z z\u0119bami w kszta\u0142cie rombu i os\u0142on\u0105 magnetyczn\u0105. Korpus: komora dolna, m\u0142ynek.<\/p>\n<p><strong>Specyfikacje:<\/strong><br \/>\nWysoko\u015b\u0107: 18 mm<br \/>\n\u015arednica: 55\/52 mm<br \/>\nKolor: Szary<br \/>\nMateria\u0142: aluminium<\/p>\n<p>Czy masz jakie\u015b pytania? Skontaktuj si\u0119 z nami\u00a0<a href=\"https:\/\/hookahshop.lt\/pl\/lacznosc\/\">strona z kontaktami<\/a>\u00a0lub napisz do nas na adres\u00a0<a href=\"https:\/\/facebook.com\/HookahShop.lt\/\" target=\"_blank\" rel=\"noopener\">konto na Facebooku<\/a>\u00a0a my odpowiemy na Twoj\u0105 pro\u015bb\u0119 tego samego dnia.<\/p>","protected":false},"excerpt":{"rendered":"<p>Niszczarka do metalu BLACK LEAF Grey 52 mm, tn\u0105ca CNC aluminiowa niszczarka z z\u0119bami w kszta\u0142cie diamentu i magnetyczn\u0105 pokryw\u0105. Korpus: dolna komora, m\u0142ynek. Dane techniczne: Wysoko\u015b\u0107: 18 mm \u015arednica: 55\/52 mm Kolor: szary Materia\u0142: aluminium Masz pytania? Skontaktuj si\u0119 z nami za po\u015brednictwem strony kontaktowej lub napisz do nas na Facebooku, a odpowiemy tego samego dnia.<\/p>","protected":false},"featured_media":42918,"comment_status":"closed","ping_status":"closed","template":"","meta":[],"_links":{"self":[{"href":"https:\/\/hookahshop.lt\/pl\/wp-json\/wp\/v2\/product\/42915"}],"collection":[{"href":"https:\/\/hookahshop.lt\/pl\/wp-json\/wp\/v2\/product"}],"about":[{"href":"https:\/\/hookahshop.lt\/pl\/wp-json\/wp\/v2\/types\/product"}],"replies":[{"embeddable":true,"href":"https:\/\/hookahshop.lt\/pl\/wp-json\/wp\/v2\/comments?post=42915"}],"version-history":[{"count":5,"href":"https:\/\/hookahshop.lt\/pl\/wp-json\/wp\/v2\/product\/42915\/revisions"}],"predecessor-version":[{"id":43244,"href":"https:\/\/hookahshop.lt\/pl\/wp-json\/wp\/v2\/product\/42915\/revisions\/43244"}],"wp:featuredmedia":[{"embeddable":true,"href":"https:\/\/hookahshop.lt\/pl\/wp-json\/wp\/v2\/media\/42918"}],"wp:attachment":[{"href":"https:\/\/hookahshop.lt\/pl\/wp-json\/wp\/v2\/media?parent=42915"}],"curies":[{"name":"wp","href":"https:\/\/api.w.org\/{rel}","templated":true}]}}