{"id":42929,"date":"2025-11-18T13:50:11","date_gmt":"2025-11-18T11:50:11","guid":{"rendered":"https:\/\/hookahshop.lt\/?post_type=product&#038;p=42929"},"modified":"2026-04-17T23:30:03","modified_gmt":"2026-04-17T20:30:03","slug":"stikline-vandens-pypke-black-leaf-pastel","status":"publish","type":"product","link":"https:\/\/hookahshop.lt\/pl\/produkt\/szklana-fajka-wodna-w-kolorze-czarnym-z-liscmi-pastelowymi\/","title":{"rendered":"Szklana fajka wodna BLACK LEAF Pastel Leaves 30cm"},"content":{"rendered":"<h2>Szklana fajka wodna BLACK LEAF Pastel Leaves 30cm<\/h2>\n<p>Wykonana ze szk\u0142a borokrzemianowego. Wysoka, zakrzywiona, o wi\u0119kszej obj\u0119to\u015bci. Z otworami na l\u00f3d.<\/p>\n<p><strong>Specyfikacje:<\/strong><br \/>\n\u015arednica: 110\/38 mm<br \/>\nD\u0142ugo\u015b\u0107: 300 mm<br \/>\nKolor: przezroczysty<br \/>\nMateria\u0142: szk\u0142o borokrzemianowe;<\/p>\n<p>Czy masz jakie\u015b pytania? Skontaktuj si\u0119 z nami\u00a0<a href=\"https:\/\/hookahshop.lt\/pl\/lacznosc\/\">strona z kontaktami<\/a>\u00a0lub napisz do nas na adres\u00a0<a href=\"https:\/\/facebook.com\/HookahShop.lt\/\" target=\"_blank\" rel=\"noopener noreferrer\">konto na Facebooku<\/a>\u00a0a my odpowiemy na Twoj\u0105 pro\u015bb\u0119 tego samego dnia.<\/p>","protected":false},"excerpt":{"rendered":"<p>Stiklin\u0117 vandens pypk\u0117 BLACK LEAF Pastel Leaves 30cm Pagamintas i\u0161 borosilikatinio stiklo. Auk\u0161tas, lenktas, didesnio t\u016brio. Turi ledo \u012fpjovas. Specifikacijos: Skersmuo: 110\/38 mm Ilgis: 300 mm Spalva: Skaidrus Med\u017eiaga: Borosilikatinis stiklas Turite klausim\u0173? Susisiekite su mumis\u00a0kontakt\u0173 puslapyje\u00a0arba para\u0161ykite mums \u012f\u00a0Facebook paskyr\u0105\u00a0ir atsakysime \u012f j\u016bs\u0173 u\u017eklaus\u0105 dar t\u0105 pa\u010di\u0105 dien\u0105.<\/p>","protected":false},"featured_media":42930,"comment_status":"closed","ping_status":"closed","template":"","meta":[],"_links":{"self":[{"href":"https:\/\/hookahshop.lt\/pl\/wp-json\/wp\/v2\/product\/42929"}],"collection":[{"href":"https:\/\/hookahshop.lt\/pl\/wp-json\/wp\/v2\/product"}],"about":[{"href":"https:\/\/hookahshop.lt\/pl\/wp-json\/wp\/v2\/types\/product"}],"replies":[{"embeddable":true,"href":"https:\/\/hookahshop.lt\/pl\/wp-json\/wp\/v2\/comments?post=42929"}],"version-history":[{"count":8,"href":"https:\/\/hookahshop.lt\/pl\/wp-json\/wp\/v2\/product\/42929\/revisions"}],"predecessor-version":[{"id":44534,"href":"https:\/\/hookahshop.lt\/pl\/wp-json\/wp\/v2\/product\/42929\/revisions\/44534"}],"wp:featuredmedia":[{"embeddable":true,"href":"https:\/\/hookahshop.lt\/pl\/wp-json\/wp\/v2\/media\/42930"}],"wp:attachment":[{"href":"https:\/\/hookahshop.lt\/pl\/wp-json\/wp\/v2\/media?parent=42929"}],"curies":[{"name":"wp","href":"https:\/\/api.w.org\/{rel}","templated":true}]}}