{"id":43043,"date":"2025-11-18T15:02:12","date_gmt":"2025-11-18T13:02:12","guid":{"rendered":"https:\/\/hookahshop.lt\/?post_type=product&#038;p=43043"},"modified":"2026-04-06T23:29:41","modified_gmt":"2026-04-06T20:29:41","slug":"stikline-vandens-pypke-icebong-blue-21cm","status":"publish","type":"product","link":"https:\/\/hookahshop.lt\/pl\/produkt\/szklana-fajka-wodna-icebong-niebieska-21cm\/","title":{"rendered":"Szklana fajka wodna Icebong Blue 21cm"},"content":{"rendered":"<h2>Szklana fajka wodna Icebong Blue 21cm<\/h2>\n<p>Na imprez\u0119 lub ciep\u0142e dni na dworze: Icebong mini jest ma\u0142y, wygodny i mo\u017cna go nosi\u0107 w ka\u017cdej torebce! Dzi\u0119ki otworowi do kopania i trzem naci\u0119ciom na l\u00f3d, ta be\u0142kotka jest r\u00f3wnie\u017c bardzo funkcjonalna. \u015awietne bongo do podr\u00f3\u017cy.<\/p>\n<p><strong>Specyfikacje:<\/strong><br \/>\n\u015arednica: 68\/28mm<br \/>\nD\u0142ugo\u015b\u0107: 210 mm<br \/>\nKolor: Przezroczysty \/ Niebieski<br \/>\nTyp tuby: 14,5 mm<br \/>\nMateria\u0142: szk\u0142o borokrzemianowe;<\/p>\n<p>Czy masz jakie\u015b pytania? Skontaktuj si\u0119 z nami\u00a0<a href=\"https:\/\/hookahshop.lt\/pl\/lacznosc\/\">strona z kontaktami<\/a>\u00a0lub napisz do nas na adres\u00a0<a href=\"https:\/\/facebook.com\/HookahShop.lt\/\" target=\"_blank\" rel=\"noopener noreferrer\">konto na Facebooku<\/a>\u00a0a my odpowiemy na Twoj\u0105 pro\u015bb\u0119 tego samego dnia.<\/p>","protected":false},"excerpt":{"rendered":"<p>Szklana fajka wodna Icebong Blue 21 cm Na imprez\u0119 lub ciep\u0142e dni na \u015bwie\u017cym powietrzu: Icebong mini jest ma\u0142y, por\u0119czny i zmie\u015bci si\u0119 w ka\u017cdej torbie! Z otworem na l\u00f3d i trzema otworami na l\u00f3d, ten bubbler jest r\u00f3wnie\u017c bardzo funkcjonalny. Idealne bongo w podr\u00f3\u017cy. Dane techniczne: \u015arednica: 68\/28 mm D\u0142ugo\u015b\u0107: 210 mm Kolor: Przezroczysty \/ Niebieski Typ rurki: 14,5 mm Materia\u0142: [\u2026]<\/p>","protected":false},"featured_media":43045,"comment_status":"closed","ping_status":"closed","template":"","meta":[],"_links":{"self":[{"href":"https:\/\/hookahshop.lt\/pl\/wp-json\/wp\/v2\/product\/43043"}],"collection":[{"href":"https:\/\/hookahshop.lt\/pl\/wp-json\/wp\/v2\/product"}],"about":[{"href":"https:\/\/hookahshop.lt\/pl\/wp-json\/wp\/v2\/types\/product"}],"replies":[{"embeddable":true,"href":"https:\/\/hookahshop.lt\/pl\/wp-json\/wp\/v2\/comments?post=43043"}],"version-history":[{"count":4,"href":"https:\/\/hookahshop.lt\/pl\/wp-json\/wp\/v2\/product\/43043\/revisions"}],"predecessor-version":[{"id":45194,"href":"https:\/\/hookahshop.lt\/pl\/wp-json\/wp\/v2\/product\/43043\/revisions\/45194"}],"wp:featuredmedia":[{"embeddable":true,"href":"https:\/\/hookahshop.lt\/pl\/wp-json\/wp\/v2\/media\/43045"}],"wp:attachment":[{"href":"https:\/\/hookahshop.lt\/pl\/wp-json\/wp\/v2\/media?parent=43043"}],"curies":[{"name":"wp","href":"https:\/\/api.w.org\/{rel}","templated":true}]}}