{"id":43128,"date":"2025-11-18T15:05:20","date_gmt":"2025-11-18T13:05:20","guid":{"rendered":"https:\/\/hookahshop.lt\/?post_type=product&#038;p=43128"},"modified":"2026-04-06T23:29:41","modified_gmt":"2026-04-06T20:29:41","slug":"popiereliai-raw-organic-hemp-papers","status":"publish","type":"product","link":"https:\/\/hookahshop.lt\/pl\/produkt\/papiery-surowe-organiczne-konopne-papiery\/","title":{"rendered":"RAW Organic Hemp Papers"},"content":{"rendered":"<h2>RAW Organic Hemp Papers<\/h2>\n<p>Rolowana bibu\u0142ka papierosowa RAW - wykonana z organicznych, nieprzetworzonych i niebielonych w\u0142\u00f3kien naturalnych.<\/p>\n<p><strong>Specyfikacje:<\/strong><br \/>\nRozmiar: 78x44mm<br \/>\n50 sztuk w opakowaniu.<\/p>\n<p>Czy masz jakie\u015b pytania? Skontaktuj si\u0119 z nami\u00a0<a href=\"https:\/\/hookahshop.lt\/pl\/lacznosc\/\">strona z kontaktami<\/a>\u00a0lub napisz do nas na adres\u00a0<a href=\"https:\/\/facebook.com\/HookahShop.lt\/\" target=\"_blank\" rel=\"noopener\">konto na Facebooku<\/a>\u00a0a my odpowiemy na Twoj\u0105 pro\u015bb\u0119 tego samego dnia.<\/p>","protected":false},"excerpt":{"rendered":"<p>Bibu\u0142ki papierosowe RAW Organic Hemp Papers RAW \u2013 wykonane z organicznych, nieobrobionych i niebielonych w\u0142\u00f3kien naturalnych. Specyfikacja: Rozmiar: 78 x 44 mm, 50 bibu\u0142ek w opakowaniu. Masz pytania? Skontaktuj si\u0119 z nami przez stron\u0119 kontaktow\u0105 lub napisz do nas na Facebooku, a odpowiemy tego samego dnia.<\/p>","protected":false},"featured_media":43129,"comment_status":"closed","ping_status":"closed","template":"","meta":[],"_links":{"self":[{"href":"https:\/\/hookahshop.lt\/pl\/wp-json\/wp\/v2\/product\/43128"}],"collection":[{"href":"https:\/\/hookahshop.lt\/pl\/wp-json\/wp\/v2\/product"}],"about":[{"href":"https:\/\/hookahshop.lt\/pl\/wp-json\/wp\/v2\/types\/product"}],"replies":[{"embeddable":true,"href":"https:\/\/hookahshop.lt\/pl\/wp-json\/wp\/v2\/comments?post=43128"}],"version-history":[{"count":5,"href":"https:\/\/hookahshop.lt\/pl\/wp-json\/wp\/v2\/product\/43128\/revisions"}],"predecessor-version":[{"id":45213,"href":"https:\/\/hookahshop.lt\/pl\/wp-json\/wp\/v2\/product\/43128\/revisions\/45213"}],"wp:featuredmedia":[{"embeddable":true,"href":"https:\/\/hookahshop.lt\/pl\/wp-json\/wp\/v2\/media\/43129"}],"wp:attachment":[{"href":"https:\/\/hookahshop.lt\/pl\/wp-json\/wp\/v2\/media?parent=43128"}],"curies":[{"name":"wp","href":"https:\/\/api.w.org\/{rel}","templated":true}]}}