{"id":43131,"date":"2025-11-18T13:54:34","date_gmt":"2025-11-18T11:54:34","guid":{"rendered":"https:\/\/hookahshop.lt\/?post_type=product&#038;p=43131"},"modified":"2026-04-15T23:29:40","modified_gmt":"2026-04-15T20:29:40","slug":"popiereliai-smoking-brown-papers-ks-ultra","status":"publish","type":"product","link":"https:\/\/hookahshop.lt\/pl\/produkt\/papiery-do-palenia-brazowe-papiery-ks-ultra\/","title":{"rendered":"Papierosy br\u0105zowe KS Ultra do palenia"},"content":{"rendered":"<h2>Papierosy br\u0105zowe KS Ultra do palenia<\/h2>\n<p>Bibu\u0142ka papierosowa wykonana jest z organicznych, niepoddanych obr\u00f3bce i niebielonych w\u0142\u00f3kien naturalnych.<\/p>\n<p><strong>Specyfikacje:<\/strong><\/p>\n<p>Rozmiar: 108\u00d744 mm (rozmiar kr\u00f3lewski)<\/p>\n<p>W pakiecie znajduje si\u0119 33 papiery.<\/p>\n<p>Czy masz jakie\u015b pytania? Skontaktuj si\u0119 z nami\u00a0<a href=\"https:\/\/hookahshop.lt\/pl\/lacznosc\/\">strona z kontaktami<\/a>\u00a0lub napisz do nas na adres\u00a0<a href=\"https:\/\/facebook.com\/HookahShop.lt\/\" target=\"_blank\" rel=\"noopener\">konto na Facebooku<\/a>\u00a0a my odpowiemy na Twoj\u0105 pro\u015bb\u0119 tego samego dnia.<\/p>","protected":false},"excerpt":{"rendered":"<p>Bibu\u0142ki do skr\u0119cania papieros\u00f3w SMOKING Brown Papers KS Ultra Rolling \u2013 wykonane z organicznych, nieobrobionych i niebielonych w\u0142\u00f3kien naturalnych. Specyfikacja: Rozmiar: 108\u00d744 mm (rozmiar King Size) 33 bibu\u0142ki w opakowaniu. Masz pytania? Skontaktuj si\u0119 z nami przez stron\u0119 kontaktow\u0105 lub napisz do nas na Facebooku, a odpowiemy tego samego dnia.<\/p>","protected":false},"featured_media":43132,"comment_status":"closed","ping_status":"closed","template":"","meta":[],"_links":{"self":[{"href":"https:\/\/hookahshop.lt\/pl\/wp-json\/wp\/v2\/product\/43131"}],"collection":[{"href":"https:\/\/hookahshop.lt\/pl\/wp-json\/wp\/v2\/product"}],"about":[{"href":"https:\/\/hookahshop.lt\/pl\/wp-json\/wp\/v2\/types\/product"}],"replies":[{"embeddable":true,"href":"https:\/\/hookahshop.lt\/pl\/wp-json\/wp\/v2\/comments?post=43131"}],"version-history":[{"count":5,"href":"https:\/\/hookahshop.lt\/pl\/wp-json\/wp\/v2\/product\/43131\/revisions"}],"predecessor-version":[{"id":45318,"href":"https:\/\/hookahshop.lt\/pl\/wp-json\/wp\/v2\/product\/43131\/revisions\/45318"}],"wp:featuredmedia":[{"embeddable":true,"href":"https:\/\/hookahshop.lt\/pl\/wp-json\/wp\/v2\/media\/43132"}],"wp:attachment":[{"href":"https:\/\/hookahshop.lt\/pl\/wp-json\/wp\/v2\/media?parent=43131"}],"curies":[{"name":"wp","href":"https:\/\/api.w.org\/{rel}","templated":true}]}}