{"id":43238,"date":"2025-11-19T09:54:11","date_gmt":"2025-11-19T07:54:11","guid":{"rendered":"https:\/\/hookahshop.lt\/?post_type=product&#038;p=43238"},"modified":"2026-04-14T23:29:48","modified_gmt":"2026-04-14T20:29:48","slug":"akriline-vandens-pypke-wide-orange-20cm","status":"publish","type":"product","link":"https:\/\/hookahshop.lt\/pl\/produkt\/akrylowa-fajka-wodna-szeroka-pomaranczowa-20cm\/","title":{"rendered":"Fajka wodna akrylowa szeroka pomara\u0144czowa 20cm"},"content":{"rendered":"<h2>Fajka wodna akrylowa szeroka pomara\u0144czowa 20cm<\/h2>\n<p>Ma\u0142e, por\u0119czne akrylowe bongo z metalow\u0105 rurk\u0105. Wygodny w podr\u00f3\u017cy lub w domu. To bongo ma ma\u0142y otw\u00f3r z gumow\u0105 uszczelk\u0105 oraz elastyczn\u0105 i wyjmowan\u0105 podstaw\u0119 zapewniaj\u0105c\u0105 stabilno\u015b\u0107 i przyczepno\u015b\u0107.<\/p>\n<p><strong>Specyfikacje:<\/strong><br \/>\nWysoko\u015b\u0107: 20 cm<br \/>\n\u015arednica: 3cm<br \/>\nMateria\u0142: akryl<\/p>\n<p>Czy masz jakie\u015b pytania? Skontaktuj si\u0119 z nami\u00a0<a href=\"https:\/\/hookahshop.lt\/pl\/lacznosc\/\">strona z kontaktami<\/a>\u00a0lub napisz do nas na adres\u00a0<a href=\"https:\/\/facebook.com\/HookahShop.lt\/\" target=\"_blank\" rel=\"noopener\">konto na Facebooku<\/a>\u00a0a my odpowiemy na Twoj\u0105 pro\u015bb\u0119 tego samego dnia.<\/p>","protected":false},"excerpt":{"rendered":"<p>Akrylowa fajka wodna szeroka, pomara\u0144czowa, 20 cm. Ma\u0142e, wygodne, akrylowe bongo z metalow\u0105 rurk\u0105. Wygodne w podr\u00f3\u017cy i w domu. Bongo posiada ma\u0142y otw\u00f3r Kick-Hole z gumow\u0105 uszczelk\u0105 oraz elastyczn\u0105, zdejmowan\u0105 podstaw\u0119, kt\u00f3ra zapewnia stabilno\u015b\u0107 i przyczepno\u015b\u0107. Dane techniczne: Wysoko\u015b\u0107: 20 cm \u015arednica: 3 cm Materia\u0142: akryl Masz pytania? Skontaktuj si\u0119 z nami za po\u015brednictwem strony kontaktowej lub napisz do nas na Facebooku, a odpowiemy na Twoje pytanie [\u2026]<\/p>","protected":false},"featured_media":43255,"comment_status":"closed","ping_status":"closed","template":"","meta":[],"_links":{"self":[{"href":"https:\/\/hookahshop.lt\/pl\/wp-json\/wp\/v2\/product\/43238"}],"collection":[{"href":"https:\/\/hookahshop.lt\/pl\/wp-json\/wp\/v2\/product"}],"about":[{"href":"https:\/\/hookahshop.lt\/pl\/wp-json\/wp\/v2\/types\/product"}],"replies":[{"embeddable":true,"href":"https:\/\/hookahshop.lt\/pl\/wp-json\/wp\/v2\/comments?post=43238"}],"version-history":[{"count":6,"href":"https:\/\/hookahshop.lt\/pl\/wp-json\/wp\/v2\/product\/43238\/revisions"}],"predecessor-version":[{"id":43279,"href":"https:\/\/hookahshop.lt\/pl\/wp-json\/wp\/v2\/product\/43238\/revisions\/43279"}],"wp:featuredmedia":[{"embeddable":true,"href":"https:\/\/hookahshop.lt\/pl\/wp-json\/wp\/v2\/media\/43255"}],"wp:attachment":[{"href":"https:\/\/hookahshop.lt\/pl\/wp-json\/wp\/v2\/media?parent=43238"}],"curies":[{"name":"wp","href":"https:\/\/api.w.org\/{rel}","templated":true}]}}