{"id":43291,"date":"2025-11-20T09:26:40","date_gmt":"2025-11-20T07:26:40","guid":{"rendered":"https:\/\/hookahshop.lt\/?post_type=product&#038;p=43291"},"modified":"2026-04-15T23:29:40","modified_gmt":"2026-04-15T20:29:40","slug":"savaime-uzsidegancios-kaljano-anglys-three","status":"publish","type":"product","link":"https:\/\/hookahshop.lt\/pl\/produkt\/samozapalajace-sie-wegle-do-fajki-wodnej-trzy\/","title":{"rendered":"Samozapalaj\u0105ce si\u0119 w\u0119gle do fajki wodnej THREE KINGS 33mm"},"content":{"rendered":"<h2>Samozapalaj\u0105ce si\u0119 w\u0119gle do fajki wodnej THREE KINGS 33mm<\/h2>\n<p>Wysoka jako\u015b\u0107, \u0142atwo\u015b\u0107 zap\u0142onu, brak zapachu i dymu, nie wp\u0142ywa na smak palonego tytoniu. Wyprodukowano w Holandii.<\/p>\n<p><strong>Specyfikacja:<\/strong><br \/>\n\u015arednica: 33 mm<br \/>\nPali si\u0119 do 1 godziny<br \/>\nNadaje si\u0119 do wszystkich kubk\u00f3w<\/p>\n<p>Cena dotyczy 1 rolki (10 sztuk, tabletek)<\/p>\n<p>Czy masz jakie\u015b pytania? Skontaktuj si\u0119 z nami\u00a0<a href=\"https:\/\/hookahshop.lt\/pl\/lacznosc\/\">strona z kontaktami<\/a>\u00a0lub napisz do nas na adres\u00a0<a href=\"https:\/\/facebook.com\/HookahShop.lt\/\" target=\"_blank\" rel=\"noopener\">konto na Facebooku<\/a>\u00a0a my odpowiemy na Twoj\u0105 pro\u015bb\u0119 tego samego dnia.<\/p>","protected":false},"excerpt":{"rendered":"<p>Samozapalaj\u0105ce si\u0119 w\u0119gle do fajki wodnej THREE KINGS 33 mm Wysokiej jako\u015bci, \u0142atwo si\u0119 zapalaj\u0105 i nie wydzielaj\u0105 zapachu ani dymu, nie wp\u0142ywaj\u0105c na smak palonego tytoniu. Wyprodukowano w Holandii. Specyfikacja: \u015arednica: 33 mm Czas palenia do 1 godziny. Pasuje do wszystkich rodzaj\u00f3w kubk\u00f3w. Cena dotyczy 1 rolki (10 szt., pastylek). Masz pytania? Skontaktuj si\u0119 z nami przez stron\u0119 kontaktow\u0105 lub napisz do nas na Facebooku, a odpowiemy na Twoje pytania.<\/p>","protected":false},"featured_media":43293,"comment_status":"closed","ping_status":"closed","template":"","meta":[],"_links":{"self":[{"href":"https:\/\/hookahshop.lt\/pl\/wp-json\/wp\/v2\/product\/43291"}],"collection":[{"href":"https:\/\/hookahshop.lt\/pl\/wp-json\/wp\/v2\/product"}],"about":[{"href":"https:\/\/hookahshop.lt\/pl\/wp-json\/wp\/v2\/types\/product"}],"replies":[{"embeddable":true,"href":"https:\/\/hookahshop.lt\/pl\/wp-json\/wp\/v2\/comments?post=43291"}],"version-history":[{"count":5,"href":"https:\/\/hookahshop.lt\/pl\/wp-json\/wp\/v2\/product\/43291\/revisions"}],"predecessor-version":[{"id":45367,"href":"https:\/\/hookahshop.lt\/pl\/wp-json\/wp\/v2\/product\/43291\/revisions\/45367"}],"wp:featuredmedia":[{"embeddable":true,"href":"https:\/\/hookahshop.lt\/pl\/wp-json\/wp\/v2\/media\/43293"}],"wp:attachment":[{"href":"https:\/\/hookahshop.lt\/pl\/wp-json\/wp\/v2\/media?parent=43291"}],"curies":[{"name":"wp","href":"https:\/\/api.w.org\/{rel}","templated":true}]}}