{"id":43462,"date":"2025-11-21T15:08:28","date_gmt":"2025-11-21T13:08:28","guid":{"rendered":"https:\/\/hookahshop.lt\/?post_type=product&#038;p=43462"},"modified":"2026-04-15T23:29:40","modified_gmt":"2026-04-15T20:29:40","slug":"kaljanas-alpha-hookah-misha-revolt-jet","status":"publish","type":"product","link":"https:\/\/hookahshop.lt\/pl\/produkt\/szisza-alpha-szisza-misha-revolt-jet\/","title":{"rendered":"Fajka wodna ALPHA HOOKAH Misha Revolt Jet Black"},"content":{"rendered":"<h2>Fajka wodna ALPHA HOOKAH Misha Revolt Jet Black<\/h2>\n<p>MISHA wypu\u015bci\u0142a now\u0105 wersj\u0119 wysokiego masztu, MISHA REVOLT. Wi\u0119cej stylu, wi\u0119cej buntu, wi\u0119cej personalizacji: pokryty trwa\u0142\u0105 pow\u0142ok\u0105 proszkow\u0105 wytrzyma najbardziej epickie historie Twojego \u017cycia. Charakterystyczna zawieszka z logo pozosta\u0142a na swoim miejscu \u2013 MISHA w dalszym ci\u0105gu jest gotowa protestowa\u0107 przeciwko szarej codzienno\u015bci. Nawiasem m\u00f3wi\u0105c, wysoki MISHA Revolt nadaje si\u0119 nie tylko do u\u017cytku osobistego - mo\u017ce zachwyci\u0107 buntownik\u00f3w w instytucjach na ca\u0142ym \u015bwiecie. Elegancka, minimalistyczna i wysokiej jako\u015bci fajka wodna o mocnym stylu ulicznym. Ekonomiczny wyb\u00f3r dokonany przez Alpha Hookah, wiod\u0105c\u0105 na \u015bwiecie mark\u0119 fajek wodnych.<\/p>\n<p><strong>Specyfikacje:<\/strong><br \/>\nWysoko\u015b\u0107 \u2013 50 cm (bez termosu)<br \/>\n\u015arednica - 13mm<br \/>\n\u015arednica talerza \u2013 20cm<br \/>\nMateria\u0142: stal nierdzewna, aluminium, poliacetal.<br \/>\nZ\u0142\u0105cze w\u0119\u017ca: O-ring<\/p>\n<p><strong>Ekwipunek:<\/strong><br \/>\nWa\u0142<br \/>\nTalerz<br \/>\nW\u0105\u017c silikonowy<br \/>\nUstnik<br \/>\nDyfuzor (wymienny)<br \/>\n<img decoding=\"async\" loading=\"lazy\" class=\"alignnone size-medium wp-image-38521 webpexpress-processed\" title=\"Szisza ALPHA SZISZ Misha Revolt Starlight 1\" src=\"https:\/\/hookahshop.lt\/wp-content\/uploads\/2020\/09\/stiebas-zarna-kandiklis-1-300x273.jpg\" alt=\"Ustnik w\u0119\u017ca macierzystego 1 - hookahshop.lt\" width=\"300\" height=\"273\" srcset=\"https:\/\/hookahshop.lt\/wp-content\/uploads\/2020\/09\/stiebas-zarna-kandiklis-1-300x273.jpg 300w, https:\/\/hookahshop.lt\/wp-content\/uploads\/2020\/09\/stiebas-zarna-kandiklis-1-13x12.jpg 13w, https:\/\/hookahshop.lt\/wp-content\/uploads\/2020\/09\/stiebas-zarna-kandiklis-1-64x58.jpg 64w, https:\/\/hookahshop.lt\/wp-content\/uploads\/2020\/09\/stiebas-zarna-kandiklis-1.jpg 420w\" sizes=\"(max-width: 300px) 100vw, 300px\" \/><\/p>\n<p>Czy masz jakie\u015b pytania? Skontaktuj si\u0119 z nami\u00a0<a href=\"https:\/\/hookahshop.lt\/pl\/lacznosc\/\">strona z kontaktami<\/a>\u00a0lub napisz do nas na adres\u00a0<a href=\"https:\/\/facebook.com\/HookahShop.lt\/\" target=\"_blank\" rel=\"noopener noreferrer\">konto na Facebooku<\/a>\u00a0a my odpowiemy na Twoj\u0105 pro\u015bb\u0119 tego samego dnia.<\/p>","protected":false},"excerpt":{"rendered":"<p>ALPHA HOOKAH Misha Revolt Jet Black MISHA wypu\u015bci\u0142a now\u0105 wersj\u0119 z wysok\u0105 rurk\u0105 \u2013 MISHA REVOLT. Wi\u0119cej stylu, wi\u0119cej buntu, wi\u0119cej personalizacji: pokryta trwa\u0142\u0105 farb\u0105 proszkow\u0105 \u2013 wytrzyma najbardziej epickie historie Twojego \u017cycia. Markowa zawieszka z logo pozosta\u0142a na swoim miejscu \u2013 MISHA wci\u0105\u017c jest gotowa protestowa\u0107 przeciwko szarej codzienno\u015bci. Nawiasem m\u00f3wi\u0105c, wysoka MISHA Revolt nadaje si\u0119 nie tylko do [\u2026]<\/p>","protected":false},"featured_media":43464,"comment_status":"closed","ping_status":"closed","template":"","meta":[],"_links":{"self":[{"href":"https:\/\/hookahshop.lt\/pl\/wp-json\/wp\/v2\/product\/43462"}],"collection":[{"href":"https:\/\/hookahshop.lt\/pl\/wp-json\/wp\/v2\/product"}],"about":[{"href":"https:\/\/hookahshop.lt\/pl\/wp-json\/wp\/v2\/types\/product"}],"replies":[{"embeddable":true,"href":"https:\/\/hookahshop.lt\/pl\/wp-json\/wp\/v2\/comments?post=43462"}],"version-history":[{"count":5,"href":"https:\/\/hookahshop.lt\/pl\/wp-json\/wp\/v2\/product\/43462\/revisions"}],"predecessor-version":[{"id":44378,"href":"https:\/\/hookahshop.lt\/pl\/wp-json\/wp\/v2\/product\/43462\/revisions\/44378"}],"wp:featuredmedia":[{"embeddable":true,"href":"https:\/\/hookahshop.lt\/pl\/wp-json\/wp\/v2\/media\/43464"}],"wp:attachment":[{"href":"https:\/\/hookahshop.lt\/pl\/wp-json\/wp\/v2\/media?parent=43462"}],"curies":[{"name":"wp","href":"https:\/\/api.w.org\/{rel}","templated":true}]}}