{"id":43534,"date":"2025-11-24T09:18:00","date_gmt":"2025-11-24T07:18:00","guid":{"rendered":"https:\/\/hookahshop.lt\/?post_type=product&#038;p=43534"},"modified":"2026-04-18T23:29:34","modified_gmt":"2026-04-18T20:29:34","slug":"taurele-kaljanui-thor-alien-tng-glaze","status":"publish","type":"product","link":"https:\/\/hookahshop.lt\/pl\/produkt\/kubek-do-fajki-wodnej-thor-alien-tng-glaze\/","title":{"rendered":"Kubek do shishy THOR Alien TNG Glaze"},"content":{"rendered":"<h2 data-start=\"46\" data-end=\"410\">Kubek do shishy THOR Alien TNG Glaze<\/h2>\n<p data-start=\"412\" data-end=\"810\">Cybuch Thor Alien TNG Glaze idealnie nadaje si\u0119 zar\u00f3wno do palenia mocnego, jak i lekkiego tytoniu. Cybuch mo\u017cna bez problemu przygotowa\u0107, co pozwala uzyska\u0107 dymn\u0105 i smaczn\u0105 fajk\u0119 wodn\u0105, idealn\u0105 dla pocz\u0105tkuj\u0105cych. Cybuch jest pokryty szkliwem, dzi\u0119ki czemu zachowa sw\u00f3j pi\u0119kny wygl\u0105d przez wiele lat. Ze wzgl\u0119du na niewielk\u0105 pojemno\u015b\u0107, nadaje si\u0119 do palenia solo.<\/p>\n<p data-start=\"896\" data-end=\"917\"><strong>Specyfikacje:<\/strong><\/p>\n<p data-start=\"920\" data-end=\"937\">Wysoko\u015b\u0107: 101 mm<\/p>\n<p data-start=\"920\" data-end=\"937\">\u015arednica (zewn\u0119trzna): 70 mm<\/p>\n<p data-start=\"971\" data-end=\"998\">\u015arednica (wewn\u0119trzna): 63 mm<\/p>\n<p data-start=\"1001\" data-end=\"1015\">G\u0142\u0119boko\u015b\u0107: 11 mm<\/p>\n<p data-start=\"1044\" data-end=\"1067\">Ilo\u015b\u0107 otwor\u00f3w: 1 szt.<\/p>\n<p data-start=\"1070\" data-end=\"1090\" data-is-last-node=\"\">Waga: oko\u0142o 175g<\/p>\n<p data-start=\"1070\" data-end=\"1090\" data-is-last-node=\"\">Czy masz jakie\u015b pytania? Skontaktuj si\u0119 z nami\u00a0<a href=\"https:\/\/hookahshop.lt\/pl\/lacznosc\/\">strona z kontaktami<\/a>\u00a0lub napisz do nas na adres\u00a0<a href=\"https:\/\/facebook.com\/HookahShop.lt\/\" target=\"_blank\" rel=\"noopener\">konto na Facebooku<\/a>\u00a0a my odpowiemy na Twoj\u0105 pro\u015bb\u0119 tego samego dnia.<\/p>","protected":false},"excerpt":{"rendered":"<p>Taurel\u0117 kaljanui THOR Alien TNG Glaze Thor Alien TNG Glaze taurel\u0117 puikiai tinka tiek stipriam, tiek lengvam tabakui. Taurel\u0119 galima paruo\u0161ti be vargo, kad gautusi d\u016bmingas ir skanus kaljanas, tod\u0117l tinka pradedantiesiems. Taurel\u0117 padengta glaz\u016bra, tod\u0117l i\u0161laikys puiki\u0105 i\u0161vaizd\u0105 daugel\u012f met\u0173. D\u0117l ma\u017eos talpos tinka solo r\u016bkymui. Specifikacijos: Auk\u0161tis: 101mm Skersmuo (i\u0161orinis): 70mm Skersmuo (vidinis): [&hellip;]<\/p>","protected":false},"featured_media":43539,"comment_status":"open","ping_status":"closed","template":"","meta":[],"_links":{"self":[{"href":"https:\/\/hookahshop.lt\/pl\/wp-json\/wp\/v2\/product\/43534"}],"collection":[{"href":"https:\/\/hookahshop.lt\/pl\/wp-json\/wp\/v2\/product"}],"about":[{"href":"https:\/\/hookahshop.lt\/pl\/wp-json\/wp\/v2\/types\/product"}],"replies":[{"embeddable":true,"href":"https:\/\/hookahshop.lt\/pl\/wp-json\/wp\/v2\/comments?post=43534"}],"version-history":[{"count":7,"href":"https:\/\/hookahshop.lt\/pl\/wp-json\/wp\/v2\/product\/43534\/revisions"}],"predecessor-version":[{"id":45664,"href":"https:\/\/hookahshop.lt\/pl\/wp-json\/wp\/v2\/product\/43534\/revisions\/45664"}],"wp:featuredmedia":[{"embeddable":true,"href":"https:\/\/hookahshop.lt\/pl\/wp-json\/wp\/v2\/media\/43539"}],"wp:attachment":[{"href":"https:\/\/hookahshop.lt\/pl\/wp-json\/wp\/v2\/media?parent=43534"}],"curies":[{"name":"wp","href":"https:\/\/api.w.org\/{rel}","templated":true}]}}