{"id":43793,"date":"2025-12-02T13:28:51","date_gmt":"2025-12-02T11:28:51","guid":{"rendered":"https:\/\/hookahshop.lt\/?post_type=product&#038;p=43793"},"modified":"2026-04-22T23:30:10","modified_gmt":"2026-04-22T20:30:10","slug":"baterija-elektroninei-karscio-kamerai-xkah-pro","status":"publish","type":"product","link":"https:\/\/hookahshop.lt\/pl\/produkt\/bateria-do-elektronicznej-kamery-termicznej-xkah-pro\/","title":{"rendered":"Akumulator do elektronicznej kamery termowizyjnej XKAH Pro"},"content":{"rendered":"<h2>Akumulator do elektronicznej kamery termowizyjnej XKAH Pro<\/h2>\n<p>To dodatkowy akumulator do u\u017cytku z elektroniczn\u0105 kamer\u0105 termowizyjn\u0105 XKAH Pro. W zale\u017cno\u015bci od intensywno\u015bci u\u017cytkowania, jedno \u0142adowanie pozwala na przeprowadzenie dw\u00f3ch pe\u0142nych sesji \u0142adowania. Akumulator mo\u017cna \u0142atwo wymieni\u0107 za pomoc\u0105 prostego mechanizmu zatrzaskowego. \u0141adowanie jest szybkie i wydajne za po\u015brednictwem z\u0142\u0105cza USB-C.<\/p>\n<p data-start=\"355\" data-end=\"380\"><strong>Specyfikacja:<\/strong><\/p>\n<p>Pojemno\u015b\u0107: 13600mAh<br \/>\nCzas dzia\u0142ania: oko\u0142o 2 godzin<br \/>\nCzas \u0142adowania: oko\u0142o 2 godzin<br \/>\nTyp baterii: litowo-jonowa<br \/>\nWaga: 0,3 kg<\/p>\n<p><strong>Okres gwarancji:<\/strong><br \/>\n12 miesi\u0119cy.<\/p>\n<p><strong>Do stosowania z elektroniczn\u0105 kamer\u0105 termowizyjn\u0105 XKAH Pro jako wymienny modu\u0142 akumulatorowy<\/strong><\/p>\n<p>Czy masz jakie\u015b pytania? Skontaktuj si\u0119 z nami\u00a0<a href=\"https:\/\/hookahshop.lt\/pl\/lacznosc\/\">strona z kontaktami<\/a>\u00a0lub napisz do nas na adres\u00a0<a href=\"https:\/\/facebook.com\/HookahShop.lt\/\" target=\"_blank\" rel=\"noopener noreferrer\">konto na Facebooku<\/a>\u00a0a my odpowiemy na Twoj\u0105 pro\u015bb\u0119 tego samego dnia.<\/p>","protected":false},"excerpt":{"rendered":"<p>Baterija elektroninei kar\u0161\u010dio kamerai XKAH Pro Tai papildoma baterija skirta naudoti elektroninei kar\u0161\u010dio kamerai XKAH Pro. Priklausomai nuo naudojimo intensyvumo, vienu \u012fkrovimu galima atlikti du pilnus \u012fkrovimo seansus. Baterij\u0105 galima lengvai pakeisti paprastu spustel\u0117jimo mechanizmu. \u012ekrovimas greitas ir efektyvus per USB-C jungt\u012f. Specifikacija: Talpa: 13600mAh Veikimo laikas: apie 2 valandas \u012ekrovimo laikas: apie 2 valandas [&hellip;]<\/p>","protected":false},"featured_media":43809,"comment_status":"open","ping_status":"closed","template":"","meta":[],"_links":{"self":[{"href":"https:\/\/hookahshop.lt\/pl\/wp-json\/wp\/v2\/product\/43793"}],"collection":[{"href":"https:\/\/hookahshop.lt\/pl\/wp-json\/wp\/v2\/product"}],"about":[{"href":"https:\/\/hookahshop.lt\/pl\/wp-json\/wp\/v2\/types\/product"}],"replies":[{"embeddable":true,"href":"https:\/\/hookahshop.lt\/pl\/wp-json\/wp\/v2\/comments?post=43793"}],"version-history":[{"count":8,"href":"https:\/\/hookahshop.lt\/pl\/wp-json\/wp\/v2\/product\/43793\/revisions"}],"predecessor-version":[{"id":43943,"href":"https:\/\/hookahshop.lt\/pl\/wp-json\/wp\/v2\/product\/43793\/revisions\/43943"}],"wp:featuredmedia":[{"embeddable":true,"href":"https:\/\/hookahshop.lt\/pl\/wp-json\/wp\/v2\/media\/43809"}],"wp:attachment":[{"href":"https:\/\/hookahshop.lt\/pl\/wp-json\/wp\/v2\/media?parent=43793"}],"curies":[{"name":"wp","href":"https:\/\/api.w.org\/{rel}","templated":true}]}}