{"id":43861,"date":"2025-12-11T12:16:27","date_gmt":"2025-12-11T10:16:27","guid":{"rendered":"https:\/\/hookahshop.lt\/?post_type=product&#038;p=43861"},"modified":"2026-04-15T23:29:40","modified_gmt":"2026-04-15T20:29:40","slug":"individualus-kaljano-kandiklis-moze-gold","status":"publish","type":"product","link":"https:\/\/hookahshop.lt\/pl\/produkt\/indywidualny-ustnik-do-fajki-moze-gold\/","title":{"rendered":"Indywidualny ustnik do fajki wodnej MOZE Gold Black"},"content":{"rendered":"<h2 data-start=\"42\" data-end=\"567\">Indywidualny ustnik do fajki wodnej MOZE Gold Black<\/h2>\n<p data-start=\"42\" data-end=\"567\">Ka\u017cdy ustnik Moze jest wyj\u0105tkowy \u2013 dzi\u0119ki \u017cywicy epoksydowej i gradientom kolor\u00f3w nie ma dw\u00f3ch identycznych. Ustniki s\u0105 zmywalne i wielokrotnego u\u017cytku. U\u017cywaj\u0105c ustnika Moze, dbasz nie tylko o siebie i swoj\u0105 higien\u0119, ale tak\u017ce o \u015brodowisko, poniewa\u017c ustnik\u00f3w nie trzeba wyrzuca\u0107 po ka\u017cdym u\u017cyciu.<\/p>\n<p><strong>Specyfikacje:<\/strong><br \/>\nMateria\u0142: \u017cywica epoksydowa<br \/>\n\u015arednica: 20 mm<br \/>\nWysoko\u015b\u0107: 70mm<br \/>\nCzarny kolor<\/p>\n<p><strong>Ekwipunek:<\/strong><br \/>\nIndywidualny ustnik<br \/>\nOdpinany pasek<br \/>\nSkrzynia Moj\u017cesza<\/p>\n<p>Czy masz jakie\u015b pytania? Skontaktuj si\u0119 z nami\u00a0<a href=\"https:\/\/hookahshop.lt\/pl\/lacznosc\/\">strona z kontaktami<\/a>\u00a0lub napisz do nas na adres\u00a0<a href=\"https:\/\/facebook.com\/HookahShop.lt\/\" target=\"_blank\" rel=\"noopener\">konto na Facebooku<\/a>\u00a0a my odpowiemy na Twoj\u0105 pro\u015bb\u0119 tego samego dnia.<\/p>","protected":false},"excerpt":{"rendered":"<p>Indywidualny ustnik do fajki wodnej MOZE Gold Black. Ka\u017cdy ustnik Moze jest unikatowy \u2013 dzi\u0119ki \u017cywicy epoksydowej i p\u0142ynnym zmianom kolor\u00f3w nie ma dw\u00f3ch identycznych. Ustniki mo\u017cna my\u0107 i u\u017cywa\u0107 wielokrotnie. U\u017cywaj\u0105c ustnika Moze, dbasz nie tylko o siebie i swoj\u0105 higien\u0119, ale tak\u017ce o \u015brodowisko, poniewa\u017c ustnik\u00f3w nie trzeba wyrzuca\u0107 po ka\u017cdym u\u017cyciu. Specyfikacja: Materia\u0142: [\u2026]<\/p>","protected":false},"featured_media":44119,"comment_status":"open","ping_status":"closed","template":"","meta":[],"_links":{"self":[{"href":"https:\/\/hookahshop.lt\/pl\/wp-json\/wp\/v2\/product\/43861"}],"collection":[{"href":"https:\/\/hookahshop.lt\/pl\/wp-json\/wp\/v2\/product"}],"about":[{"href":"https:\/\/hookahshop.lt\/pl\/wp-json\/wp\/v2\/types\/product"}],"replies":[{"embeddable":true,"href":"https:\/\/hookahshop.lt\/pl\/wp-json\/wp\/v2\/comments?post=43861"}],"version-history":[{"count":11,"href":"https:\/\/hookahshop.lt\/pl\/wp-json\/wp\/v2\/product\/43861\/revisions"}],"predecessor-version":[{"id":44559,"href":"https:\/\/hookahshop.lt\/pl\/wp-json\/wp\/v2\/product\/43861\/revisions\/44559"}],"wp:featuredmedia":[{"embeddable":true,"href":"https:\/\/hookahshop.lt\/pl\/wp-json\/wp\/v2\/media\/44119"}],"wp:attachment":[{"href":"https:\/\/hookahshop.lt\/pl\/wp-json\/wp\/v2\/media?parent=43861"}],"curies":[{"name":"wp","href":"https:\/\/api.w.org\/{rel}","templated":true}]}}