{"id":43885,"date":"2025-12-11T12:19:11","date_gmt":"2025-12-11T10:19:11","guid":{"rendered":"https:\/\/hookahshop.lt\/?post_type=product&#038;p=43885"},"modified":"2026-04-15T23:29:40","modified_gmt":"2026-04-15T20:29:40","slug":"karscio-kamera-onmo-black","status":"publish","type":"product","link":"https:\/\/hookahshop.lt\/pl\/produkt\/kamera-termiczna-onmo-czarna\/","title":{"rendered":"Kamera termowizyjna ONMO Black"},"content":{"rendered":"<h2>Kamera termowizyjna ONMO Black<\/h2>\n<p>Optymalna waga i r\u00f3wnomierne rozprowadzanie ciep\u0142a zapewniaj\u0105 p\u0142ynne, d\u0142ugotrwa\u0142e i komfortowe palenie. Pr\u0119ty w dolnej cz\u0119\u015bci pozwalaj\u0105 na wyb\u00f3r metody w\u0119dzenia: dystans, pe\u0142ny kontakt lub kontakt przez pr\u0119ty. Wewn\u0119trzny profil dna zapewnia przep\u0142yw powietrza pod \u017carz\u0105cymi si\u0119 w\u0119glami, zapobiegaj\u0105c niedoborowi tlenu i zgaszeniu w\u0119gla.<\/p>\n<p><strong>Specyfikacje:<\/strong><br \/>\nMateria\u0142: malowane aluminium<br \/>\n\u015arednica zewn\u0119trzna: 75 mm<br \/>\n\u015arednica wewn\u0119trzna: 55 mm<br \/>\nG\u0142\u0119boko\u015b\u0107: 30 mm<br \/>\nWaga: 69g<br \/>\nPojemno\u015b\u0107: do 2 w\u0119gli o \u015brednicy do 27 mm<\/p>\n<p>Czy masz jakie\u015b pytania? Skontaktuj si\u0119 z nami\u00a0<a href=\"https:\/\/hookahshop.lt\/pl\/lacznosc\/\">strona z kontaktami<\/a>\u00a0lub napisz do nas na adres\u00a0<a href=\"https:\/\/facebook.com\/HookahShop.lt\/\" target=\"_blank\" rel=\"noopener\">konto na Facebooku<\/a>\u00a0a my odpowiemy na Twoj\u0105 pro\u015bb\u0119 tego samego dnia.<\/p>","protected":false},"excerpt":{"rendered":"<p>Kar\u0161\u010dio kamera ONMO Black Optimalus svoris ir subalansuotas \u0161ilumos paskirstymas u\u017etikrina skland\u017ei\u0105, ilgai trunkan\u010di\u0105 ir komforti\u0161k\u0105 r\u016bkymo patirt\u012f. Apatin\u0117je dalyje esantys strypeliai leid\u017eia pasirinkti r\u016bkymo b\u016bd\u0105: atstumas, pilnas kontaktas arba kontaktas per strypelius. Vidinis apatinis profilis u\u017etikrina oro sraut\u0105 po \u017e\u0117rin\u010diomis anglimis, apsaugodamas nuo deguonies tr\u016bkumo ir angli\u0173 gesimo. Specifikacijos: Med\u017eiaga: da\u017eytas aliuminis I\u0161orinis skersmuo: [&hellip;]<\/p>","protected":false},"featured_media":43890,"comment_status":"closed","ping_status":"closed","template":"","meta":[],"_links":{"self":[{"href":"https:\/\/hookahshop.lt\/pl\/wp-json\/wp\/v2\/product\/43885"}],"collection":[{"href":"https:\/\/hookahshop.lt\/pl\/wp-json\/wp\/v2\/product"}],"about":[{"href":"https:\/\/hookahshop.lt\/pl\/wp-json\/wp\/v2\/types\/product"}],"replies":[{"embeddable":true,"href":"https:\/\/hookahshop.lt\/pl\/wp-json\/wp\/v2\/comments?post=43885"}],"version-history":[{"count":6,"href":"https:\/\/hookahshop.lt\/pl\/wp-json\/wp\/v2\/product\/43885\/revisions"}],"predecessor-version":[{"id":44971,"href":"https:\/\/hookahshop.lt\/pl\/wp-json\/wp\/v2\/product\/43885\/revisions\/44971"}],"wp:featuredmedia":[{"embeddable":true,"href":"https:\/\/hookahshop.lt\/pl\/wp-json\/wp\/v2\/media\/43890"}],"wp:attachment":[{"href":"https:\/\/hookahshop.lt\/pl\/wp-json\/wp\/v2\/media?parent=43885"}],"curies":[{"name":"wp","href":"https:\/\/api.w.org\/{rel}","templated":true}]}}