{"id":43894,"date":"2025-12-11T12:25:36","date_gmt":"2025-12-11T10:25:36","guid":{"rendered":"https:\/\/hookahshop.lt\/?post_type=product&#038;p=43894"},"modified":"2026-04-26T23:30:21","modified_gmt":"2026-04-26T20:30:21","slug":"individualus-kaljano-kandiklis-swg-x-moze","status":"publish","type":"product","link":"https:\/\/hookahshop.lt\/pl\/produkt\/indywidualny-ustnik-do-fajki-wodnej-swg-x-moze\/","title":{"rendered":"Niestandardowy ustnik do fajki wodnej SWG x MOZE"},"content":{"rendered":"<h2>Niestandardowy ustnik do fajki wodnej SWG x MOZE<\/h2>\n<p data-start=\"42\" data-end=\"567\">Ka\u017cdy ustnik Moze jest unikatowy \u2013 dzi\u0119ki \u017cywicy epoksydowej i p\u0142ynnym zmianom kolor\u00f3w nie ma dw\u00f3ch identycznych. Dzi\u0119ki wewn\u0119trznym rowkom w silikonie i dobrej elastyczno\u015bci, ko\u0144c\u00f3wki mo\u017cna \u0142atwo za\u0142o\u017cy\u0107 na ka\u017cdy standardowy ustnik i zdj\u0105\u0107 bez wi\u0119kszego wysi\u0142ku. Ustniki nadaj\u0105 si\u0119 do prania i wielokrotnego u\u017cytku. Posiadaj\u0105 zdejmowany pasek.<\/p>\n<p><strong>Specyfikacje:<\/strong><\/p>\n<p>Materia\u0142: \u017cywica epoksydowa, silikon<\/p>\n<p>Czy masz jakie\u015b pytania? Skontaktuj si\u0119 z nami\u00a0<a href=\"https:\/\/hookahshop.lt\/pl\/lacznosc\/\">strona z kontaktami<\/a>\u00a0lub napisz do nas na adres\u00a0<a href=\"https:\/\/facebook.com\/HookahShop.lt\/\" target=\"_blank\" rel=\"noopener\">konto na Facebooku<\/a>\u00a0a my odpowiemy na Twoj\u0105 pro\u015bb\u0119 tego samego dnia.<\/p>","protected":false},"excerpt":{"rendered":"<p>Individualus kaljano kandiklis SWG x MOZE Kiekvienas Moze kandiklis yra unikalus \u2013 n\u0117 vienas neatrodo taip pat kaip kitas d\u0117l epoksidin\u0117s dervos ir spalv\u0173 pereinam\u0173j\u0173 atspalvi\u0173. D\u0117l viduje esan\u010di\u0173 grioveli\u0173 silikone ir gero tamprumo antgaliai lengvai u\u017ededami ant bet kurio standartinio kandiklio ir be dideli\u0173 pastang\u0173 nuimami. Kandikliai yra plaunami ir daugkartinio naudojimoTuri nuimam\u0105 dir\u017eel\u012f. [&hellip;]<\/p>","protected":false},"featured_media":44116,"comment_status":"open","ping_status":"closed","template":"","meta":[],"_links":{"self":[{"href":"https:\/\/hookahshop.lt\/pl\/wp-json\/wp\/v2\/product\/43894"}],"collection":[{"href":"https:\/\/hookahshop.lt\/pl\/wp-json\/wp\/v2\/product"}],"about":[{"href":"https:\/\/hookahshop.lt\/pl\/wp-json\/wp\/v2\/types\/product"}],"replies":[{"embeddable":true,"href":"https:\/\/hookahshop.lt\/pl\/wp-json\/wp\/v2\/comments?post=43894"}],"version-history":[{"count":8,"href":"https:\/\/hookahshop.lt\/pl\/wp-json\/wp\/v2\/product\/43894\/revisions"}],"predecessor-version":[{"id":44097,"href":"https:\/\/hookahshop.lt\/pl\/wp-json\/wp\/v2\/product\/43894\/revisions\/44097"}],"wp:featuredmedia":[{"embeddable":true,"href":"https:\/\/hookahshop.lt\/pl\/wp-json\/wp\/v2\/media\/44116"}],"wp:attachment":[{"href":"https:\/\/hookahshop.lt\/pl\/wp-json\/wp\/v2\/media?parent=43894"}],"curies":[{"name":"wp","href":"https:\/\/api.w.org\/{rel}","templated":true}]}}