{"id":43900,"date":"2025-12-11T12:28:12","date_gmt":"2025-12-11T10:28:12","guid":{"rendered":"https:\/\/hookahshop.lt\/?post_type=product&#038;p=43900"},"modified":"2026-04-26T23:30:21","modified_gmt":"2026-04-26T20:30:21","slug":"apsauginis-sietelis-kaljanui-alite-black","status":"publish","type":"product","link":"https:\/\/hookahshop.lt\/pl\/produkt\/ekran-ochronny-do-fajki-wodnej-alite-czarny\/","title":{"rendered":"Os\u0142ona ochronna do fajki wodnej ALITE Black"},"content":{"rendered":"<h2 data-start=\"67\" data-end=\"301\">Os\u0142ona ochronna do fajki wodnej ALITE Black<\/h2>\n<p>Chroni pod\u0142ogi, dywany, meble itp. od roz\u017carzonych w\u0119gli nie spalaj\u0105cych si\u0119 przy paleniu w domu, na tarasie.<\/p>\n<p data-start=\"481\" data-end=\"497\"><strong data-start=\"481\" data-end=\"497\">Specyfikacje:<\/strong><\/p>\n<p>Wysoko\u015b\u0107: oko\u0142o 20 cm<br \/>\n\u015arednica: oko\u0142o 8,8 cm<br \/>\nWaga: oko\u0142o 110g<br \/>\nCzarny kolor<\/p>\n<p data-start=\"550\" data-end=\"570\">Czy masz jakie\u015b pytania? Skontaktuj si\u0119 z nami\u00a0<a href=\"https:\/\/hookahshop.lt\/pl\/lacznosc\/\">strona z kontaktami<\/a>\u00a0lub napisz do nas na adres\u00a0<a href=\"https:\/\/facebook.com\/HookahShop.lt\/\" target=\"_blank\" rel=\"noopener\">konto na Facebooku<\/a>\u00a0a my odpowiemy na Twoj\u0105 pro\u015bb\u0119 tego samego dnia.<\/p>","protected":false},"excerpt":{"rendered":"<p>Apsauginis sietelis kaljanui ALITE Black Apsaugo grindis, kilimus, baldus ir pan. nuo to, kad \u012fkaitintos anglys nesudegint\u0173 j\u016bs\u0173 turto r\u016bkant namuose, terasoje. Specifikacijos: Auk\u0161tis: apie 20cm Skersmuo: apie 8,8cm Svoris: apie 110g Spalva: juoda Turite klausim\u0173? Susisiekite su mumis\u00a0kontakt\u0173 puslapyje\u00a0arba para\u0161ykite mums \u012f\u00a0Facebook paskyr\u0105\u00a0ir atsakysime \u012f j\u016bs\u0173 u\u017eklaus\u0105 dar t\u0105 pa\u010di\u0105 dien\u0105.<\/p>","protected":false},"featured_media":43903,"comment_status":"open","ping_status":"closed","template":"","meta":[],"_links":{"self":[{"href":"https:\/\/hookahshop.lt\/pl\/wp-json\/wp\/v2\/product\/43900"}],"collection":[{"href":"https:\/\/hookahshop.lt\/pl\/wp-json\/wp\/v2\/product"}],"about":[{"href":"https:\/\/hookahshop.lt\/pl\/wp-json\/wp\/v2\/types\/product"}],"replies":[{"embeddable":true,"href":"https:\/\/hookahshop.lt\/pl\/wp-json\/wp\/v2\/comments?post=43900"}],"version-history":[{"count":6,"href":"https:\/\/hookahshop.lt\/pl\/wp-json\/wp\/v2\/product\/43900\/revisions"}],"predecessor-version":[{"id":44101,"href":"https:\/\/hookahshop.lt\/pl\/wp-json\/wp\/v2\/product\/43900\/revisions\/44101"}],"wp:featuredmedia":[{"embeddable":true,"href":"https:\/\/hookahshop.lt\/pl\/wp-json\/wp\/v2\/media\/43903"}],"wp:attachment":[{"href":"https:\/\/hookahshop.lt\/pl\/wp-json\/wp\/v2\/media?parent=43900"}],"curies":[{"name":"wp","href":"https:\/\/api.w.org\/{rel}","templated":true}]}}