{"id":43953,"date":"2025-12-12T09:30:41","date_gmt":"2025-12-12T07:30:41","guid":{"rendered":"https:\/\/hookahshop.lt\/?post_type=product&#038;p=43953"},"modified":"2026-04-21T23:30:32","modified_gmt":"2026-04-21T20:30:32","slug":"kaljanas-aroma-hookah-lima-black","status":"publish","type":"product","link":"https:\/\/hookahshop.lt\/pl\/produkt\/aromat-fajki-wodnej-lima-czarna\/","title":{"rendered":"Shisha AROMA SHIHA Lima Black"},"content":{"rendered":"<h2>Shisha AROMA SHIHA Lima Black<\/h2>\n<p>Ka\u017cdy szczeg\u00f3\u0142 tej fajki wodnej zosta\u0142 zaprojektowany tak, aby zapewni\u0107 najlepsze doznania. Trzonek fajki wodnej wykonany jest ze stali nierdzewnej z wstawk\u0105 z naturalnego drewna, co nadaje mu niepowtarzalny wygl\u0105d. Drewno jest poddawane specjalnej obr\u00f3bce w celu zachowania jego naturalnego pi\u0119kna. Ka\u017cda \u0142odyga ma niepowtarzalny wz\u00f3r, co sprawia, \u017ce ka\u017cda fajka wodna Aroma jest wyj\u0105tkowa. Wewn\u0119trzne cz\u0119\u015bci fajki wodnej wykonane s\u0105 ze stali nierdzewnej, co nie tylko zapewnia jej du\u017c\u0105 wytrzyma\u0142o\u015b\u0107, ale tak\u017ce chroni j\u0105 przed korozj\u0105. Gwarantuje to d\u0142ugotrwa\u0142\u0105 i niezawodn\u0105 prac\u0119 fajki wodnej przez d\u0142ugi czas.<\/p>\n<p><strong>Specyfikacje:<\/strong><sub><br \/>\n<\/sub>\u015arednica wa\u0142u: 1,6 cm<sub><br \/>\n<\/sub>Wysoko\u015b\u0107: 55 cm<br \/>\nDyfuzor: tak (lekki przeci\u0105g)<br \/>\nDyfuzor: wyjmowany (istnieje mo\u017cliwo\u015b\u0107 wykonania ci\u0119\u017ckiego, klasycznego wyci\u0105gu)<sub><br \/>\n<\/sub>Materia\u0142: Stal nierdzewna<br \/>\nKraj pochodzenia: Ukraina<\/p>\n<p><strong>Zestaw zawiera: fajk\u0119 wodn\u0105, ustnik, w\u0105\u017c.<\/strong><\/p>\n<p><img decoding=\"async\" loading=\"lazy\" class=\"alignnone size-medium wp-image-38521\" src=\"https:\/\/hookahshop.lt\/wp-content\/uploads\/2020\/09\/stiebas-zarna-kandiklis-1-300x273.jpg\" alt=\"- hookahshop.lt\" width=\"300\" height=\"273\" srcset=\"https:\/\/hookahshop.lt\/wp-content\/uploads\/2020\/09\/stiebas-zarna-kandiklis-1-300x273.jpg 300w, https:\/\/hookahshop.lt\/wp-content\/uploads\/2020\/09\/stiebas-zarna-kandiklis-1-13x12.jpg 13w, https:\/\/hookahshop.lt\/wp-content\/uploads\/2020\/09\/stiebas-zarna-kandiklis-1-64x58.jpg 64w, https:\/\/hookahshop.lt\/wp-content\/uploads\/2020\/09\/stiebas-zarna-kandiklis-1.jpg 420w\" sizes=\"(max-width: 300px) 100vw, 300px\" title=\"\"><\/p>\n<p>Czy masz jakie\u015b pytania? Skontaktuj si\u0119 z nami\u00a0<a href=\"https:\/\/hookahshop.lt\/pl\/lacznosc\/\">strona z kontaktami<\/a>\u00a0lub napisz do nas na adres\u00a0<a href=\"https:\/\/facebook.com\/HookahShop.lt\/\" target=\"_blank\" rel=\"noopener\">konto na Facebooku<\/a>\u00a0a my odpowiemy na Twoj\u0105 pro\u015bb\u0119 tego samego dnia.<\/p>","protected":false},"excerpt":{"rendered":"<p>Kaljanas AROMA HOOKAH Lima Black Kiekviena \u0161io kaljano detal\u0117 buvo sukurta siekiant suteikti geriausi\u0105 patirt\u012f. Kaljano stiebas pagamintas i\u0161 ner\u016bdijan\u010dio plieno su nat\u016bralaus med\u017eio intarpu, kuris suteikia jam nepakartojam\u0105 i\u0161vaizd\u0105. Mediena yra specialiai apdorojama, siekiant i\u0161saugoti nat\u016bral\u0173 gro\u017e\u012f. Kiekvienas stiebas turi unikal\u0173 ra\u0161t\u0105, tod\u0117l kiekvienas Aroma kaljanas yra ypatingas. Vidin\u0117s kaljano dalys pagamintos i\u0161 ner\u016bdijan\u010dio [&hellip;]<\/p>","protected":false},"featured_media":44030,"comment_status":"open","ping_status":"closed","template":"","meta":[],"_links":{"self":[{"href":"https:\/\/hookahshop.lt\/pl\/wp-json\/wp\/v2\/product\/43953"}],"collection":[{"href":"https:\/\/hookahshop.lt\/pl\/wp-json\/wp\/v2\/product"}],"about":[{"href":"https:\/\/hookahshop.lt\/pl\/wp-json\/wp\/v2\/types\/product"}],"replies":[{"embeddable":true,"href":"https:\/\/hookahshop.lt\/pl\/wp-json\/wp\/v2\/comments?post=43953"}],"version-history":[{"count":3,"href":"https:\/\/hookahshop.lt\/pl\/wp-json\/wp\/v2\/product\/43953\/revisions"}],"predecessor-version":[{"id":44143,"href":"https:\/\/hookahshop.lt\/pl\/wp-json\/wp\/v2\/product\/43953\/revisions\/44143"}],"wp:featuredmedia":[{"embeddable":true,"href":"https:\/\/hookahshop.lt\/pl\/wp-json\/wp\/v2\/media\/44030"}],"wp:attachment":[{"href":"https:\/\/hookahshop.lt\/pl\/wp-json\/wp\/v2\/media?parent=43953"}],"curies":[{"name":"wp","href":"https:\/\/api.w.org\/{rel}","templated":true}]}}