{"id":43966,"date":"2025-12-10T15:22:31","date_gmt":"2025-12-10T13:22:31","guid":{"rendered":"https:\/\/hookahshop.lt\/?post_type=product&#038;p=43966"},"modified":"2026-04-21T23:30:31","modified_gmt":"2026-04-21T20:30:31","slug":"individualus-kaljano-kandiklis-moze-wild-red","status":"publish","type":"product","link":"https:\/\/hookahshop.lt\/pl\/produkt\/indywidualny-ustnik-do-fajki-moze-wild-red\/","title":{"rendered":"Indywidualny ustnik do fajki wodnej MOZE Wild Red"},"content":{"rendered":"<h2>Indywidualny ustnik do fajki wodnej MOZE Wild Red<\/h2>\n<p>Gwarantuje higieniczne palenie. Ka\u017cdy ustnik MOZE jest wyj\u0105tkowy, poniewa\u017c nigdy nie jest taki sam ze wzgl\u0119du na \u017cywic\u0119 epoksydow\u0105 i gradienty kolor\u00f3w. U\u017cywaj\u0105c tego ustnika zrobisz co\u015b dobrego nie tylko dla siebie i swojej higieny, ale tak\u017ce dla \u015brodowiska, poniewa\u017c ustniki nie s\u0105 wyrzucane po paleniu jak pojedyncze jednorazowe ustniki.<\/p>\n<p>Czy masz jakie\u015b pytania? Skontaktuj si\u0119 z nami\u00a0<a href=\"https:\/\/hookahshop.lt\/pl\/lacznosc\/\">strona z kontaktami<\/a>\u00a0lub napisz do nas na adres\u00a0<a href=\"https:\/\/facebook.com\/HookahShop.lt\/\" target=\"_blank\" rel=\"noopener noreferrer\">konto na Facebooku<\/a>\u00a0a my odpowiemy na Twoj\u0105 pro\u015bb\u0119 tego samego dnia.<\/p>","protected":false},"excerpt":{"rendered":"<p>Individualus kaljano kandiklis MOZE Wild Red Garantuoja jums higieni\u0161k\u0105 r\u016bkymo patirt\u012f. Kiekvienas MOZE kandiklis yra unikalus, nes d\u0117l epoksidin\u0117s dervos ir spalv\u0173 gradient\u0173 jis niekada n\u0117ra vienodas. Naudodami \u0161\u012f kandikl\u012f ne tik padarysite k\u0105 nors gero sau ir savo higienai, bet ir aplinkai, nes kandikliai po par\u016bkymo n\u0117ra i\u0161metami kaip individual\u016bs vienkartiniai kandikliai. Turite klausim\u0173? [&hellip;]<\/p>","protected":false},"featured_media":44118,"comment_status":"closed","ping_status":"closed","template":"","meta":[],"_links":{"self":[{"href":"https:\/\/hookahshop.lt\/pl\/wp-json\/wp\/v2\/product\/43966"}],"collection":[{"href":"https:\/\/hookahshop.lt\/pl\/wp-json\/wp\/v2\/product"}],"about":[{"href":"https:\/\/hookahshop.lt\/pl\/wp-json\/wp\/v2\/types\/product"}],"replies":[{"embeddable":true,"href":"https:\/\/hookahshop.lt\/pl\/wp-json\/wp\/v2\/comments?post=43966"}],"version-history":[{"count":3,"href":"https:\/\/hookahshop.lt\/pl\/wp-json\/wp\/v2\/product\/43966\/revisions"}],"predecessor-version":[{"id":44120,"href":"https:\/\/hookahshop.lt\/pl\/wp-json\/wp\/v2\/product\/43966\/revisions\/44120"}],"wp:featuredmedia":[{"embeddable":true,"href":"https:\/\/hookahshop.lt\/pl\/wp-json\/wp\/v2\/media\/44118"}],"wp:attachment":[{"href":"https:\/\/hookahshop.lt\/pl\/wp-json\/wp\/v2\/media?parent=43966"}],"curies":[{"name":"wp","href":"https:\/\/api.w.org\/{rel}","templated":true}]}}