{"id":43968,"date":"2025-12-11T11:33:06","date_gmt":"2025-12-11T09:33:06","guid":{"rendered":"https:\/\/hookahshop.lt\/?post_type=product&#038;p=43968"},"modified":"2026-05-13T23:30:21","modified_gmt":"2026-05-13T20:30:21","slug":"individualus-kaljano-kandiklis-darkside-d-click","status":"publish","type":"product","link":"https:\/\/hookahshop.lt\/pl\/produkt\/indywidualny-ustnik-do-fajki-wodnej-darkside-d-click\/","title":{"rendered":"Indywidualny ustnik do fajki wodnej DARKSIDE D Click"},"content":{"rendered":"<h2>Indywidualny ustnik do fajki wodnej DARKSIDE D Click<\/h2>\n<p>Kompaktowy, higieniczny, indywidualny ustnik do czystych i komfortowych sesji. Wykonany z trwa\u0142ych materia\u0142\u00f3w, o eleganckim designie, pasuje do ka\u017cdej silikonowej ko\u0144c\u00f3wki w\u0119\u017ca. Zintegrowany pasek na szyj\u0119 zapewnia wygod\u0119 u\u017cytkowania i noszenia przy sobie.<\/p>\n<p><strong>Specyfikacje:<\/strong><br \/>\nD\u0142ugo\u015b\u0107: 50mm<br \/>\nMateria\u0142: poliacetal, silikon.<br \/>\nCzarny kolor<\/p>\n<p><strong>Ekwipunek:<\/strong><br \/>\nIndywidualny ustnik ze sznurkiem<br \/>\nMarkowe pude\u0142ko Darkside<\/p>\n<p>Czy masz jakie\u015b pytania? Skontaktuj si\u0119 z nami\u00a0<a href=\"https:\/\/hookahshop.lt\/pl\/lacznosc\/\">strona z kontaktami<\/a>\u00a0lub napisz do nas na adres\u00a0<a href=\"https:\/\/facebook.com\/HookahShop.lt\/\" target=\"_blank\" rel=\"noopener\">konto na Facebooku<\/a>\u00a0a my odpowiemy na Twoj\u0105 pro\u015bb\u0119 tego samego dnia.<\/p>","protected":false},"excerpt":{"rendered":"<p>Individualus kaljano kandiklis DARKSIDE D Click Kompakti\u0161kas, higieni\u0161kas individualus kandiklis \u0161varioms ir patogioms sesijoms. Pagamintas i\u0161 patvari\u0173 med\u017eiag\u0173, pasi\u017eymi eleganti\u0161ku dizainu, tinka bet kokiam silikoniniam \u017earnos antgaliui. Integruotas kaklo dir\u017eelis leid\u017eia j\u012f patogiai naudoti ir ne\u0161iotis su savimi. Specifikacijos: Ilgis: 50mm Med\u017eiaga: poliacetalis, silikonas. Spalva: juoda Komplektacija: Individualus kandiklis su virvute Firmin\u0117 Darkside d\u0117\u017eut\u0117 Turite [&hellip;]<\/p>","protected":false},"featured_media":44213,"comment_status":"open","ping_status":"closed","template":"","meta":[],"_links":{"self":[{"href":"https:\/\/hookahshop.lt\/pl\/wp-json\/wp\/v2\/product\/43968"}],"collection":[{"href":"https:\/\/hookahshop.lt\/pl\/wp-json\/wp\/v2\/product"}],"about":[{"href":"https:\/\/hookahshop.lt\/pl\/wp-json\/wp\/v2\/types\/product"}],"replies":[{"embeddable":true,"href":"https:\/\/hookahshop.lt\/pl\/wp-json\/wp\/v2\/comments?post=43968"}],"version-history":[{"count":4,"href":"https:\/\/hookahshop.lt\/pl\/wp-json\/wp\/v2\/product\/43968\/revisions"}],"predecessor-version":[{"id":44212,"href":"https:\/\/hookahshop.lt\/pl\/wp-json\/wp\/v2\/product\/43968\/revisions\/44212"}],"wp:featuredmedia":[{"embeddable":true,"href":"https:\/\/hookahshop.lt\/pl\/wp-json\/wp\/v2\/media\/44213"}],"wp:attachment":[{"href":"https:\/\/hookahshop.lt\/pl\/wp-json\/wp\/v2\/media?parent=43968"}],"curies":[{"name":"wp","href":"https:\/\/api.w.org\/{rel}","templated":true}]}}