{"id":43973,"date":"2025-12-10T15:08:25","date_gmt":"2025-12-10T13:08:25","guid":{"rendered":"https:\/\/hookahshop.lt\/?post_type=product&#038;p=43973"},"modified":"2026-04-19T23:30:25","modified_gmt":"2026-04-19T20:30:25","slug":"kaljano-kandiklis-japona-hookah-beads-gray","status":"publish","type":"product","link":"https:\/\/hookahshop.lt\/pl\/produkt\/koraliki-do-fajki-wodnej-japonskie-koraliki-do-fajki-wodnej-szare\/","title":{"rendered":"Indywidualny ustnik do fajki wodnej JAPONA HOOKAH Samurai Beads Gray"},"content":{"rendered":"<h2>Indywidualny ustnik do fajki wodnej JAPONA HOOKAH Samurai Beads Gray<\/h2>\n<p>Designerski ustnik, bi\u017cuteria, ameryka\u0144ski akryl, pier\u015bcie\u0144 z br\u0105zu z fajk\u0105 wodn\u0105 #japona i medalion z mask\u0105 samuraja. Koraliki \u2013 drewno, kamie\u0144 naturalny. Kolor ustnika \u2013 szaro-czarny.<\/p>\n<p>Czy masz jakie\u015b pytania? Skontaktuj si\u0119 z nami\u00a0<a href=\"https:\/\/hookahshop.lt\/pl\/lacznosc\/\">strona z kontaktami<\/a>\u00a0lub napisz do nas na adres\u00a0<a href=\"https:\/\/facebook.com\/HookahShop.lt\/\" target=\"_blank\" rel=\"noopener noreferrer\">konto na Facebooku<\/a>\u00a0a my odpowiemy na Twoj\u0105 pro\u015bb\u0119 tego samego dnia.<\/p>","protected":false},"excerpt":{"rendered":"<p>Individualus kaljano kandiklis JAPONA HOOKAH Samurai Beads Gray Dizaineri\u0173 kurtas kandiklis, juvelyrinis dirbinys, amerikieti\u0161kas akrilas, bronzinis \u017eiedas su #japonahookah ir medalionas su samuraj\u0173 kauke. Karoliukai \u2013 medis, nat\u016bralus akmuo. Kandiklio spalva \u2013 pilkai juoda. Turite klausim\u0173? Susisiekite su mumis\u00a0kontakt\u0173 puslapyje\u00a0arba para\u0161ykite mums \u012f\u00a0Facebook paskyr\u0105\u00a0ir atsakysime \u012f j\u016bs\u0173 u\u017eklaus\u0105 dar t\u0105 pa\u010di\u0105 dien\u0105.<\/p>","protected":false},"featured_media":43993,"comment_status":"open","ping_status":"closed","template":"","meta":[],"_links":{"self":[{"href":"https:\/\/hookahshop.lt\/pl\/wp-json\/wp\/v2\/product\/43973"}],"collection":[{"href":"https:\/\/hookahshop.lt\/pl\/wp-json\/wp\/v2\/product"}],"about":[{"href":"https:\/\/hookahshop.lt\/pl\/wp-json\/wp\/v2\/types\/product"}],"replies":[{"embeddable":true,"href":"https:\/\/hookahshop.lt\/pl\/wp-json\/wp\/v2\/comments?post=43973"}],"version-history":[{"count":5,"href":"https:\/\/hookahshop.lt\/pl\/wp-json\/wp\/v2\/product\/43973\/revisions"}],"predecessor-version":[{"id":44185,"href":"https:\/\/hookahshop.lt\/pl\/wp-json\/wp\/v2\/product\/43973\/revisions\/44185"}],"wp:featuredmedia":[{"embeddable":true,"href":"https:\/\/hookahshop.lt\/pl\/wp-json\/wp\/v2\/media\/43993"}],"wp:attachment":[{"href":"https:\/\/hookahshop.lt\/pl\/wp-json\/wp\/v2\/media?parent=43973"}],"curies":[{"name":"wp","href":"https:\/\/api.w.org\/{rel}","templated":true}]}}