{"id":44008,"date":"2025-12-11T13:31:11","date_gmt":"2025-12-11T11:31:11","guid":{"rendered":"https:\/\/hookahshop.lt\/?post_type=product&#038;p=44008"},"modified":"2026-04-14T23:29:48","modified_gmt":"2026-04-14T20:29:48","slug":"karscio-kamera-ykap","status":"publish","type":"product","link":"https:\/\/hookahshop.lt\/pl\/produkt\/kamera-termiczna-ykap\/","title":{"rendered":"Komora grzewcza YKAP"},"content":{"rendered":"<h2>Komora grzewcza YKAP<\/h2>\n<p>Zaprojektowany z optymaln\u0105 grubo\u015bci\u0105 \u015bcianek i kszta\u0142tem. Dno dobrze przewodzi ciep\u0142o, jednocze\u015bnie zapobiegaj\u0105c przegrzaniu si\u0119 mieszanki w fajce wodnej. Ca\u0142y regulator temperatury wykonany jest ze stali nierdzewnej.<\/p>\n<p><strong>Specyfikacja<\/strong><br \/>\nMateria\u0142: Stal nierdzewna<br \/>\nKolor: srebrny<br \/>\n\u015arednica: 7mm<br \/>\nWysoko\u015b\u0107: 12,5 mm<br \/>\nWaga: oko\u0142o 149g.<\/p>\n<p>Czy masz jakie\u015b pytania? Skontaktuj si\u0119 z nami\u00a0<a href=\"https:\/\/hookahshop.lt\/pl\/lacznosc\/\">strona z kontaktami<\/a>\u00a0lub napisz do nas na adres\u00a0<a href=\"https:\/\/facebook.com\/HookahShop.lt\/\" target=\"_blank\" rel=\"noopener noreferrer\">konto na Facebooku<\/a>\u00a0a my odpowiemy na Twoj\u0105 pro\u015bb\u0119 tego samego dnia.<\/p>","protected":false},"excerpt":{"rendered":"<p>Kar\u0161\u010dio kamera YKAP Sukurta su optimaliu sieneli\u0173 storiu ir forma. Apa\u010dia gerai praleid\u017eia \u0161ilum\u0105, ta\u010diau tuo pa\u010diu metu neleid\u017eia kaljano mi\u0161iniui perkaisti. Visas \u0161ilumos reguliatorius pagamintas i\u0161 ner\u016bdijan\u010dio plieno. Specifikacija Med\u017eiaga: ner\u016bdijantis plienas Spalva: sidabrin\u0117 Skersmuo: 7mm Auk\u0161tis: 12,5mm Svoris: apie 149g. Turite klausim\u0173? Susisiekite su mumis\u00a0kontakt\u0173 puslapyje\u00a0arba para\u0161ykite mums \u012f\u00a0Facebook paskyr\u0105\u00a0ir atsakysime \u012f j\u016bs\u0173 [&hellip;]<\/p>","protected":false},"featured_media":44023,"comment_status":"open","ping_status":"closed","template":"","meta":[],"_links":{"self":[{"href":"https:\/\/hookahshop.lt\/pl\/wp-json\/wp\/v2\/product\/44008"}],"collection":[{"href":"https:\/\/hookahshop.lt\/pl\/wp-json\/wp\/v2\/product"}],"about":[{"href":"https:\/\/hookahshop.lt\/pl\/wp-json\/wp\/v2\/types\/product"}],"replies":[{"embeddable":true,"href":"https:\/\/hookahshop.lt\/pl\/wp-json\/wp\/v2\/comments?post=44008"}],"version-history":[{"count":7,"href":"https:\/\/hookahshop.lt\/pl\/wp-json\/wp\/v2\/product\/44008\/revisions"}],"predecessor-version":[{"id":45353,"href":"https:\/\/hookahshop.lt\/pl\/wp-json\/wp\/v2\/product\/44008\/revisions\/45353"}],"wp:featuredmedia":[{"embeddable":true,"href":"https:\/\/hookahshop.lt\/pl\/wp-json\/wp\/v2\/media\/44023"}],"wp:attachment":[{"href":"https:\/\/hookahshop.lt\/pl\/wp-json\/wp\/v2\/media?parent=44008"}],"curies":[{"name":"wp","href":"https:\/\/api.w.org\/{rel}","templated":true}]}}