{"id":44014,"date":"2025-12-11T14:12:40","date_gmt":"2025-12-11T12:12:40","guid":{"rendered":"https:\/\/hookahshop.lt\/?post_type=product&#038;p=44014"},"modified":"2026-04-15T23:29:40","modified_gmt":"2026-04-15T20:29:40","slug":"naturaliu-angliuku-uzkuriklis-ao-blazer-u","status":"publish","type":"product","link":"https:\/\/hookahshop.lt\/pl\/produkt\/z-naturalnym-kominkiem-weglowym-ao-blazer-u\/","title":{"rendered":"Zapalniczka w\u0119glowa AO Blazer U"},"content":{"rendered":"<h2>Zapalniczka w\u0119glowa AO Blazer U<\/h2>\n<p>Pomo\u017ce Ci wygodnie rozpali\u0107 w\u0119giel do fajki wodnej, bezpieczniej ni\u017c inne urz\u0105dzenia grzewcze. Ta p\u0142yta grzewcza wyposa\u017cona jest w tack\u0119 na w\u0119giel, kt\u00f3ra chroni element grzejny przed bezpo\u015brednim kontaktem z w\u0119glem, wyd\u0142u\u017caj\u0105c jego \u017cywotno\u015b\u0107. Tack\u0119 na w\u0119giel podnosi si\u0119 za pomoc\u0105 specjalnych szczypiec, kt\u00f3re s\u0105 do\u0142\u0105czone do p\u0142yty. Sp\u00f3d AO Blazer U posiada gumowe n\u00f3\u017cki, zapobiegaj\u0105ce \u015blizganiu si\u0119. Kabel zasilaj\u0105cy AO Blazer U ma d\u0142ugo\u015b\u0107 150 cm. Mie\u015bci do 20 w\u0119gli o \u015brednicy do 26 mm. Rozgrzewanie trwa \u015brednio 10-12 minut.<\/p>\n<p><strong>Dane techniczne:<\/strong><br \/>\nMoc: 1000 W<br \/>\nWysoko\u015b\u0107: 15,5 cm<br \/>\n\u015arednica: 13,5 cm<br \/>\nD\u0142ugo\u015b\u0107: 16,5 cm<br \/>\nRozmiar talerza: ~ 15 x 14 cm<br \/>\nCzarny kolor<\/p>\n<p>Czy masz jakie\u015b pytania? Skontaktuj si\u0119 z nami <a href=\"https:\/\/hookahshop.lt\/pl\/lacznosc\/\">strona z kontaktami<\/a>\u00a0lub napisz do nas na adres\u00a0<a href=\"https:\/\/facebook.com\/HookahShop.lt\/\" target=\"_blank\" rel=\"noopener noreferrer\">konto na Facebooku<\/a>\u00a0a my odpowiemy na Twoj\u0105 pro\u015bb\u0119 tego samego dnia.<\/p>","protected":false},"excerpt":{"rendered":"<p>Nat\u016brali\u0173 angliuk\u0173 u\u017ek\u016briklis AO Blazer U Jis pad\u0117s Jums patogiai u\u017ekaitinti kaljano anglis, saugesnis u\u017e kitus kaitinimo prietaisus. \u0160i kaitlent\u0117 turi angliuk\u0173 pad\u0117kliuk\u0105 kuris apsaugo kaitinimo element\u0105 nuo tiesioginio kontakto su angliukais taip prailgindamas jos gyvavimo laik\u0105. Taip pat angliuk\u0173 pad\u0117kliukas atsikelia su specialiomis \u017enypl\u0117mis, kurias jau gaunate su \u0161ia kaitlente. AO Blazer U dugne [&hellip;]<\/p>","protected":false},"featured_media":44071,"comment_status":"open","ping_status":"closed","template":"","meta":[],"_links":{"self":[{"href":"https:\/\/hookahshop.lt\/pl\/wp-json\/wp\/v2\/product\/44014"}],"collection":[{"href":"https:\/\/hookahshop.lt\/pl\/wp-json\/wp\/v2\/product"}],"about":[{"href":"https:\/\/hookahshop.lt\/pl\/wp-json\/wp\/v2\/types\/product"}],"replies":[{"embeddable":true,"href":"https:\/\/hookahshop.lt\/pl\/wp-json\/wp\/v2\/comments?post=44014"}],"version-history":[{"count":3,"href":"https:\/\/hookahshop.lt\/pl\/wp-json\/wp\/v2\/product\/44014\/revisions"}],"predecessor-version":[{"id":44139,"href":"https:\/\/hookahshop.lt\/pl\/wp-json\/wp\/v2\/product\/44014\/revisions\/44139"}],"wp:featuredmedia":[{"embeddable":true,"href":"https:\/\/hookahshop.lt\/pl\/wp-json\/wp\/v2\/media\/44071"}],"wp:attachment":[{"href":"https:\/\/hookahshop.lt\/pl\/wp-json\/wp\/v2\/media?parent=44014"}],"curies":[{"name":"wp","href":"https:\/\/api.w.org\/{rel}","templated":true}]}}