{"id":44062,"date":"2025-12-11T16:50:20","date_gmt":"2025-12-11T14:50:20","guid":{"rendered":"https:\/\/hookahshop.lt\/?post_type=product&#038;p=44062"},"modified":"2026-04-15T12:29:46","modified_gmt":"2026-04-15T09:29:46","slug":"individualus-kaljano-kandiklis-japona-kodo-white","status":"publish","type":"product","link":"https:\/\/hookahshop.lt\/pl\/produkt\/indywidualny-ustnik-do-sziszy-japona-szisza-kodo-bialy\/","title":{"rendered":"Indywidualny ustnik do fajki wodnej JAPAN Kodo White"},"content":{"rendered":"<h2>Indywidualny ustnik do fajki wodnej JAPAN Kodo White<\/h2>\n<p>Designerski ustnik, bi\u017cuteria, ameryka\u0144ski akryl, pier\u015bcie\u0144 z br\u0105zu z logo japo\u0144skiej fajki wodnej. Sznurek tekstylny.<\/p>\n<p><strong>Specyfikacje:<\/strong><br \/>\nMateria\u0142: akryl i br\u0105z<br \/>\n\u015arednica: 21 mm<br \/>\nWysoko\u015b\u0107: 52mm<br \/>\nKolor: bia\u0142y i czarny<\/p>\n<p><strong>Ekwipunek:<\/strong><br \/>\nIndywidualny ustnik<br \/>\nSmyczkowy<br \/>\nTorba Japonia<\/p>\n<p>Czy masz jakie\u015b pytania? Skontaktuj si\u0119 z nami\u00a0<a href=\"https:\/\/hookahshop.lt\/pl\/lacznosc\/\">strona z kontaktami<\/a>\u00a0lub napisz do nas na adres\u00a0<a href=\"https:\/\/facebook.com\/HookahShop.lt\/\" target=\"_blank\" rel=\"noopener noreferrer\">konto na Facebooku<\/a>\u00a0a my odpowiemy na Twoj\u0105 pro\u015bb\u0119 tego samego dnia.<\/p>","protected":false},"excerpt":{"rendered":"<p>Individualus kaljano kandiklis JAPONA Kodo White Dizaineri\u0173 kurtas kandiklis, juvelyrinis dirbinys, amerikieti\u0161kas akrilas, bronzinis \u017eiedas su Japona hookah logotipu. Virvel\u0117 \u2013 tekstilin\u0117. Specifikacijos: Med\u017eiaga: akrilas ir bronza Skersmuo: 21mm Auk\u0161tis: 52mm Spalva: balta ir juoda Komplektacija: Individualus kandiklis Virvel\u0117 Mai\u0161elis Japona Turite klausim\u0173? Susisiekite su mumis\u00a0kontakt\u0173 puslapyje\u00a0arba para\u0161ykite mums \u012f\u00a0Facebook paskyr\u0105\u00a0ir atsakysime \u012f j\u016bs\u0173 u\u017eklaus\u0105 [&hellip;]<\/p>","protected":false},"featured_media":44122,"comment_status":"closed","ping_status":"closed","template":"","meta":[],"_links":{"self":[{"href":"https:\/\/hookahshop.lt\/pl\/wp-json\/wp\/v2\/product\/44062"}],"collection":[{"href":"https:\/\/hookahshop.lt\/pl\/wp-json\/wp\/v2\/product"}],"about":[{"href":"https:\/\/hookahshop.lt\/pl\/wp-json\/wp\/v2\/types\/product"}],"replies":[{"embeddable":true,"href":"https:\/\/hookahshop.lt\/pl\/wp-json\/wp\/v2\/comments?post=44062"}],"version-history":[{"count":6,"href":"https:\/\/hookahshop.lt\/pl\/wp-json\/wp\/v2\/product\/44062\/revisions"}],"predecessor-version":[{"id":44174,"href":"https:\/\/hookahshop.lt\/pl\/wp-json\/wp\/v2\/product\/44062\/revisions\/44174"}],"wp:featuredmedia":[{"embeddable":true,"href":"https:\/\/hookahshop.lt\/pl\/wp-json\/wp\/v2\/media\/44122"}],"wp:attachment":[{"href":"https:\/\/hookahshop.lt\/pl\/wp-json\/wp\/v2\/media?parent=44062"}],"curies":[{"name":"wp","href":"https:\/\/api.w.org\/{rel}","templated":true}]}}