{"id":44064,"date":"2025-12-11T16:53:21","date_gmt":"2025-12-11T14:53:21","guid":{"rendered":"https:\/\/hookahshop.lt\/?post_type=product&#038;p=44064"},"modified":"2026-04-12T23:29:35","modified_gmt":"2026-04-12T20:29:35","slug":"individualus-kaljano-kandiklis-capsule","status":"publish","type":"product","link":"https:\/\/hookahshop.lt\/pl\/produkt\/indywidualna-kapsulka-ustnika-do-fajki-wodnej\/","title":{"rendered":"Indywidualny ustnik do fajki wodnej KAPSU\u0141KA R\u00f3\u017cne kolory"},"content":{"rendered":"<h2>Indywidualny ustnik do fajki wodnej KAPSU\u0141KA R\u00f3\u017cne kolory<\/h2>\n<p>Stalowa ko\u0144c\u00f3wka, grawerowana powierzchnia i wewn\u0119trzny silikonowy w\u0119\u017cyk zapewniaj\u0105 komfortowe palenie. Kompaktowa konstrukcja w kszta\u0142cie kapsu\u0142ki u\u0142atwia przenoszenie.<\/p>\n<p><strong>Specyfikacje:<\/strong><br \/>\nMateria\u0142: stal nierdzewna z dodatkiem w\u0119gla.<br \/>\n\u015arednica: 18 mm<br \/>\nWysoko\u015b\u0107: 66mm<br \/>\nKolor: <em>Istnieje mo\u017cliwo\u015b\u0107 wyboru koloru ustnik\u00f3w: <strong>czarny, pomara\u0144czowy, niebieski, czerwony<\/strong>.<\/em><br \/>\n<em>Przy sk\u0142adaniu zam\u00f3wienia na produkt prosimy o podanie wybranego koloru w polu &quot;<strong>Notatki<\/strong>&quot;.<\/em><\/p>\n<p><strong>Ekwipunek:<\/strong><br \/>\nIndywidualny ustnik<br \/>\n\u0141a\u0144cuch<br \/>\nPude\u0142ko na kapsu\u0142ki<\/p>\n<p>Czy masz jakie\u015b pytania? Skontaktuj si\u0119 z nami\u00a0<a href=\"https:\/\/hookahshop.lt\/pl\/lacznosc\/\">strona z kontaktami<\/a>\u00a0lub napisz do nas na adres\u00a0<a href=\"https:\/\/facebook.com\/HookahShop.lt\/\" target=\"_blank\" rel=\"noopener noreferrer\">konto na Facebooku<\/a>\u00a0a my odpowiemy na Twoj\u0105 pro\u015bb\u0119 tego samego dnia.<\/p>","protected":false},"excerpt":{"rendered":"<p>Individualus kaljano kandiklis CAPSULE \u012evairi\u0173 spalv\u0173 Su savo plieniniu antgaliu, graviruotu pavir\u0161iumi ir vidiniu silikonine \u017earna, jis u\u017etikrina komforti\u0161k\u0105 r\u016bkym\u0105. Kompakti\u0161kas kapsul\u0117s formos dizainas daro j\u012f lengvai ne\u0161iojam\u0105. Specifikacijos: Med\u017eiaga: ner\u016bdijantis plienas su karbonu. Skersmuo: 18mm Auk\u0161tis: 66mm Spalva: yra galimyb\u0117 pasirinkti kandikli\u0173 spalvas: juodas, oran\u017einis, m\u0117lynas, raudonas. Norim\u0105 spalv\u0105 \u012fra\u0161ykite u\u017esakant prek\u0119 \u012f skilt\u012f [&hellip;]<\/p>","protected":false},"featured_media":44104,"comment_status":"closed","ping_status":"closed","template":"","meta":[],"_links":{"self":[{"href":"https:\/\/hookahshop.lt\/pl\/wp-json\/wp\/v2\/product\/44064"}],"collection":[{"href":"https:\/\/hookahshop.lt\/pl\/wp-json\/wp\/v2\/product"}],"about":[{"href":"https:\/\/hookahshop.lt\/pl\/wp-json\/wp\/v2\/types\/product"}],"replies":[{"embeddable":true,"href":"https:\/\/hookahshop.lt\/pl\/wp-json\/wp\/v2\/comments?post=44064"}],"version-history":[{"count":8,"href":"https:\/\/hookahshop.lt\/pl\/wp-json\/wp\/v2\/product\/44064\/revisions"}],"predecessor-version":[{"id":44173,"href":"https:\/\/hookahshop.lt\/pl\/wp-json\/wp\/v2\/product\/44064\/revisions\/44173"}],"wp:featuredmedia":[{"embeddable":true,"href":"https:\/\/hookahshop.lt\/pl\/wp-json\/wp\/v2\/media\/44104"}],"wp:attachment":[{"href":"https:\/\/hookahshop.lt\/pl\/wp-json\/wp\/v2\/media?parent=44064"}],"curies":[{"name":"wp","href":"https:\/\/api.w.org\/{rel}","templated":true}]}}