{"id":4412,"date":"2020-04-13T15:20:41","date_gmt":"2020-04-13T12:20:41","guid":{"rendered":"http:\/\/hookahshop.lt\/?post_type=product&#038;p=4412"},"modified":"2026-04-05T23:28:39","modified_gmt":"2026-04-05T20:28:39","slug":"aliuminio-folija-kaljano-taurelems-100vnt","status":"publish","type":"product","link":"https:\/\/hookahshop.lt\/pl\/produkt\/folia-aluminiowa-do-kubkow-do-sziszy-100szt\/","title":{"rendered":"Folia aluminiowa na kubki do fajki wodnej 100szt"},"content":{"rendered":"<h2>Folia aluminiowa na kubki do fajki wodnej (100szt)<\/h2>\n<p>Gotowe do u\u017cycia najwy\u017cszej jako\u015bci folie aluminiowe do misek Shisha. Idealna przyjemno\u015b\u0107 palenia dla u\u017cytkownik\u00f3w fajki wodnej. I tak prosty, zbyt u\u017cyteczny.<\/p>\n<p>Po prostu z\u0142\u00f3\u017c wype\u0142nion\u0105 misk\u0119, wyr\u00f3wnaj brzegi, przebij i po\u0142\u00f3\u017c w\u0119giel na wierzchu.<\/p>\n<p>Czy masz jakie\u015b pytania? Skontaktuj si\u0119 z nami\u00a0<a href=\"https:\/\/hookahshop.lt\/pl\/lacznosc\/\">strona z kontaktami<\/a>\u00a0lub napisz do nas na adres\u00a0<a href=\"https:\/\/facebook.com\/HookahShop.lt\/\" target=\"_blank\" rel=\"noopener noreferrer\">konto na Facebooku<\/a>\u00a0a my odpowiemy na Twoj\u0105 pro\u015bb\u0119 tego samego dnia.<\/p>","protected":false},"excerpt":{"rendered":"<p>W opakowaniu znajduje si\u0119 100 sztuk<\/p>\n<p>Gotowe do u\u017cycia najwy\u017cszej jako\u015bci folie aluminiowe do misek Shisha. Idealna przyjemno\u015b\u0107 palenia dla u\u017cytkownik\u00f3w fajki wodnej. I tak prosty, zbyt u\u017cyteczny.<\/p>\n<p>Po prostu z\u0142\u00f3\u017c wype\u0142nion\u0105 misk\u0119, wyr\u00f3wnaj brzegi, przebij i po\u0142\u00f3\u017c w\u0119giel na wierzchu.<\/p>","protected":false},"featured_media":9197,"comment_status":"open","ping_status":"closed","template":"","meta":[],"_links":{"self":[{"href":"https:\/\/hookahshop.lt\/pl\/wp-json\/wp\/v2\/product\/4412"}],"collection":[{"href":"https:\/\/hookahshop.lt\/pl\/wp-json\/wp\/v2\/product"}],"about":[{"href":"https:\/\/hookahshop.lt\/pl\/wp-json\/wp\/v2\/types\/product"}],"replies":[{"embeddable":true,"href":"https:\/\/hookahshop.lt\/pl\/wp-json\/wp\/v2\/comments?post=4412"}],"version-history":[{"count":6,"href":"https:\/\/hookahshop.lt\/pl\/wp-json\/wp\/v2\/product\/4412\/revisions"}],"predecessor-version":[{"id":42069,"href":"https:\/\/hookahshop.lt\/pl\/wp-json\/wp\/v2\/product\/4412\/revisions\/42069"}],"wp:featuredmedia":[{"embeddable":true,"href":"https:\/\/hookahshop.lt\/pl\/wp-json\/wp\/v2\/media\/9197"}],"wp:attachment":[{"href":"https:\/\/hookahshop.lt\/pl\/wp-json\/wp\/v2\/media?parent=4412"}],"curies":[{"name":"wp","href":"https:\/\/api.w.org\/{rel}","templated":true}]}}