{"id":44206,"date":"2025-12-15T15:44:38","date_gmt":"2025-12-15T13:44:38","guid":{"rendered":"https:\/\/hookahshop.lt\/?post_type=product&#038;p=44206"},"modified":"2026-04-19T23:30:25","modified_gmt":"2026-04-19T20:30:25","slug":"tarpine-karscio-kamerai-xkah-pro","status":"publish","type":"product","link":"https:\/\/hookahshop.lt\/pl\/produkt\/uszczelka-do-goracych-kamer-xkah-pro\/","title":{"rendered":"Uszczelka do komory grzewczej XKAH Pro"},"content":{"rendered":"<h2>Uszczelka do komory grzewczej XKAH Pro<\/h2>\n<p>Uszczelka do komory grzewczej XKAH Pro. Wykonana z cienkiego, wysoce elastycznego silikonu. \u0141atwa do wymiany, zapewnia szczelne i bezpieczne dopasowanie.<\/p>\n<p><strong>Specyfikacja:<\/strong><br \/>\nCzarny kolor<br \/>\nMateria\u0142: silikon;<\/p>\n<p><strong>Ekwipunek:<\/strong><br \/>\n1 szt. Rozmiar S<br \/>\n1 szt. rozmiar L<\/p>\n<p>Czy masz jakie\u015b pytania? Skontaktuj si\u0119 z nami\u00a0<a href=\"https:\/\/hookahshop.lt\/pl\/lacznosc\/\">strona z kontaktami<\/a>\u00a0lub napisz do nas na adres\u00a0<a href=\"https:\/\/facebook.com\/HookahShop.lt\/\" target=\"_blank\" rel=\"noopener\">konto na Facebooku<\/a>\u00a0a my odpowiemy na Twoj\u0105 pro\u015bb\u0119 tego samego dnia.<\/p>","protected":false},"excerpt":{"rendered":"<p>Tarpin\u0117 kar\u0161\u010dio kamerai XKAH Pro Tarpin\u0117, skirta XKAH Pro kar\u0161\u010dio kamerai. Pagaminta i\u0161 plono, labai tampraus silikono. Lengvai pakei\u010diamos ir u\u017etikrina tvirt\u0105 bei saug\u0173 prigludim\u0105. Specifikacija: Spalva: juoda Med\u017eiaga: silikonas Komplektacija: 1 vnt. S dydis 1 vnt. L dydis Turite klausim\u0173? Susisiekite su mumis\u00a0kontakt\u0173 puslapyje\u00a0arba para\u0161ykite mums \u012f\u00a0Facebook paskyr\u0105\u00a0ir atsakysime \u012f j\u016bs\u0173 u\u017eklaus\u0105 dar t\u0105 [&hellip;]<\/p>","protected":false},"featured_media":44216,"comment_status":"closed","ping_status":"closed","template":"","meta":[],"_links":{"self":[{"href":"https:\/\/hookahshop.lt\/pl\/wp-json\/wp\/v2\/product\/44206"}],"collection":[{"href":"https:\/\/hookahshop.lt\/pl\/wp-json\/wp\/v2\/product"}],"about":[{"href":"https:\/\/hookahshop.lt\/pl\/wp-json\/wp\/v2\/types\/product"}],"replies":[{"embeddable":true,"href":"https:\/\/hookahshop.lt\/pl\/wp-json\/wp\/v2\/comments?post=44206"}],"version-history":[{"count":8,"href":"https:\/\/hookahshop.lt\/pl\/wp-json\/wp\/v2\/product\/44206\/revisions"}],"predecessor-version":[{"id":45708,"href":"https:\/\/hookahshop.lt\/pl\/wp-json\/wp\/v2\/product\/44206\/revisions\/45708"}],"wp:featuredmedia":[{"embeddable":true,"href":"https:\/\/hookahshop.lt\/pl\/wp-json\/wp\/v2\/media\/44216"}],"wp:attachment":[{"href":"https:\/\/hookahshop.lt\/pl\/wp-json\/wp\/v2\/media?parent=44206"}],"curies":[{"name":"wp","href":"https:\/\/api.w.org\/{rel}","templated":true}]}}