{"id":4421,"date":"2020-04-13T15:24:24","date_gmt":"2020-04-13T12:24:24","guid":{"rendered":"http:\/\/hookahshop.lt\/?post_type=product&#038;p=4421"},"modified":"2026-04-19T23:29:15","modified_gmt":"2026-04-19T20:29:15","slug":"skyliu-pramustuvas-adatos-irankis-hookah-foil-poker","status":"publish","type":"product","link":"https:\/\/hookahshop.lt\/pl\/produkt\/dziurkacz-igla-narzedzie-szisza-folia-poker\/","title":{"rendered":"Hole Punch Needle Tool Hookah Foil Poker"},"content":{"rendered":"<h2>Dziurkacz Ig\u0142a Narz\u0119dzie Szisza Folia Poker<\/h2>\n<p>Przeznaczona do pakowania masy i wybijania otwor\u00f3w w folii.<\/p>\n<p>Czy masz jakie\u015b pytania? Skontaktuj si\u0119 z nami\u00a0<a href=\"https:\/\/hookahshop.lt\/pl\/lacznosc\/\">strona z kontaktami<\/a>\u00a0lub napisz do nas na adres\u00a0<a href=\"https:\/\/facebook.com\/HookahShop.lt\/\" target=\"_blank\" rel=\"noopener noreferrer\">konto na Facebooku<\/a>\u00a0a my odpowiemy na Twoj\u0105 pro\u015bb\u0119 tego samego dnia.<\/p>","protected":false},"excerpt":{"rendered":"<p>Narz\u0119dzie do igie\u0142 do dziurkowania w folii do fajki wodnej<\/p>","protected":false},"featured_media":4422,"comment_status":"open","ping_status":"closed","template":"","meta":[],"_links":{"self":[{"href":"https:\/\/hookahshop.lt\/pl\/wp-json\/wp\/v2\/product\/4421"}],"collection":[{"href":"https:\/\/hookahshop.lt\/pl\/wp-json\/wp\/v2\/product"}],"about":[{"href":"https:\/\/hookahshop.lt\/pl\/wp-json\/wp\/v2\/types\/product"}],"replies":[{"embeddable":true,"href":"https:\/\/hookahshop.lt\/pl\/wp-json\/wp\/v2\/comments?post=4421"}],"version-history":[{"count":5,"href":"https:\/\/hookahshop.lt\/pl\/wp-json\/wp\/v2\/product\/4421\/revisions"}],"predecessor-version":[{"id":42993,"href":"https:\/\/hookahshop.lt\/pl\/wp-json\/wp\/v2\/product\/4421\/revisions\/42993"}],"wp:featuredmedia":[{"embeddable":true,"href":"https:\/\/hookahshop.lt\/pl\/wp-json\/wp\/v2\/media\/4422"}],"wp:attachment":[{"href":"https:\/\/hookahshop.lt\/pl\/wp-json\/wp\/v2\/media?parent=4421"}],"curies":[{"name":"wp","href":"https:\/\/api.w.org\/{rel}","templated":true}]}}