{"id":44217,"date":"2025-12-18T13:20:50","date_gmt":"2025-12-18T11:20:50","guid":{"rendered":"https:\/\/hookahshop.lt\/?post_type=product&#038;p=44217"},"modified":"2026-05-05T23:30:31","modified_gmt":"2026-05-05T20:30:31","slug":"taurele-kaljanui-gusto-turkish-v2-milk","status":"publish","type":"product","link":"https:\/\/hookahshop.lt\/pl\/produkt\/kubek-do-shishy-gusto-turecki-v2-mleko\/","title":{"rendered":"Kubek do shishy GUSTO Turkish V2 Milk"},"content":{"rendered":"<h2>Kubek do shishy GUSTO Turkish V2 Milk<\/h2>\n<p>Wysokiej jako\u015bci, r\u0119cznie robione kubeczki z Ukrainy. Grube \u015bcianki zapewniaj\u0105 r\u00f3wnomierne rozprowadzanie ciep\u0142a, a szerokie otwory zapewniaj\u0105 dobr\u0105 przyczepno\u015b\u0107 i skuteczn\u0105 cyrkulacj\u0119 powietrza. Kszta\u0142t kubeczka tureckiego nadaje si\u0119 do wszystkich rodzaj\u00f3w tytoniu.<br \/>\nPojemno\u015b\u0107 tytoniu: 11-15g (w zale\u017cno\u015bci od sposobu pakowania i rodzaju tytoniu).<\/p>\n<p><strong>Specyfikacja:<\/strong><br \/>\nWysoko\u015b\u0107: ~10,5 cm<br \/>\n\u015arednica: ~7,8 cm<br \/>\nLiczba otwor\u00f3w: 4 szt.<\/p>\n<p><strong>Charakterystyka:<\/strong><br \/>\nTyp: turecki<br \/>\nMateria\u0142: glina<\/p>\n<p>Czy masz jakie\u015b pytania? Skontaktuj si\u0119 z nami\u00a0<a href=\"https:\/\/hookahshop.lt\/pl\/lacznosc\/\">strona z kontaktami<\/a>\u00a0lub napisz do nas na adres\u00a0<a href=\"https:\/\/facebook.com\/HookahShop.lt\/\" target=\"_blank\" rel=\"noopener\">konto na Facebooku<\/a>\u00a0a my odpowiemy na Twoj\u0105 pro\u015bb\u0119 tego samego dnia.<\/p>","protected":false},"excerpt":{"rendered":"<p>Taurel\u0117 kaljanui GUSTO Turkish V2 Milk Auk\u0161tos kokyb\u0117s, rank\u0173 darbo taurel\u0117s i\u0161 Ukrainos. Storos sienel\u0117s suteikia taurelei tolyg\u0173 \u0161ilumos paskirstym\u0105, o pla\u010dios angos u\u017etikrina ger\u0105 trauk\u0105 ir efektyvi\u0105 oro cirkuliacij\u0105. Turkish taurel\u0117s forma tinka vis\u0173 r\u016b\u0161i\u0173 tabakui. Tabako talpa: 11-15g (atsi\u017evelgiant \u012f naudojam\u0105 pakavimo b\u016bd\u0105 ir tabako r\u016b\u0161\u012f). Specifikacija: Auk\u0161tis: ~10,5cm Skersmuo: ~7,8cm Skyli\u0173 skai\u010dius: [&hellip;]<\/p>","protected":false},"featured_media":44234,"comment_status":"closed","ping_status":"closed","template":"","meta":[],"_links":{"self":[{"href":"https:\/\/hookahshop.lt\/pl\/wp-json\/wp\/v2\/product\/44217"}],"collection":[{"href":"https:\/\/hookahshop.lt\/pl\/wp-json\/wp\/v2\/product"}],"about":[{"href":"https:\/\/hookahshop.lt\/pl\/wp-json\/wp\/v2\/types\/product"}],"replies":[{"embeddable":true,"href":"https:\/\/hookahshop.lt\/pl\/wp-json\/wp\/v2\/comments?post=44217"}],"version-history":[{"count":4,"href":"https:\/\/hookahshop.lt\/pl\/wp-json\/wp\/v2\/product\/44217\/revisions"}],"predecessor-version":[{"id":44349,"href":"https:\/\/hookahshop.lt\/pl\/wp-json\/wp\/v2\/product\/44217\/revisions\/44349"}],"wp:featuredmedia":[{"embeddable":true,"href":"https:\/\/hookahshop.lt\/pl\/wp-json\/wp\/v2\/media\/44234"}],"wp:attachment":[{"href":"https:\/\/hookahshop.lt\/pl\/wp-json\/wp\/v2\/media?parent=44217"}],"curies":[{"name":"wp","href":"https:\/\/api.w.org\/{rel}","templated":true}]}}