{"id":44222,"date":"2025-12-17T16:00:15","date_gmt":"2025-12-17T14:00:15","guid":{"rendered":"https:\/\/hookahshop.lt\/?post_type=product&#038;p=44222"},"modified":"2026-04-19T23:30:25","modified_gmt":"2026-04-19T20:30:25","slug":"kaljanas-sway-base-onyx","status":"publish","type":"product","link":"https:\/\/hookahshop.lt\/pl\/produkt\/podstawa-do-shishy-sway-onyx\/","title":{"rendered":"Szisza SWAY Base Onyx"},"content":{"rendered":"<h2>Szisza SWAY Base Onyx<\/h2>\n<p>Rozbieralny model fajki wodnej u\u0142atwia u\u017cytkowanie, konserwacj\u0119 i transport. Fajka wykonana jest z materia\u0142\u00f3w najwy\u017cszej jako\u015bci. Trzonek wykonany jest z wytrzyma\u0142ej stali nierdzewnej, a podstawa z poliacetalu technicznego. Pomalowana matow\u0105 farb\u0105 polimerow\u0105. Wbudowany dyfuzor (niewyjmowany).<\/p>\n<p><strong>Specyfikacja:<\/strong><br \/>\nWysoko\u015b\u0107: 49,5 cm<br \/>\nMateria\u0142: stal nierdzewna, poliacetal<br \/>\nPo\u0142\u0105czenie magnetyczne<br \/>\nNieusuwalny dyfuzor<\/p>\n<p><strong>Ekwipunek:<\/strong><br \/>\nSzisza (trzon), ustnik, talerz, w\u0105\u017c<\/p>\n<picture><source srcset=\"https:\/\/hookahshop.lt\/wp-content\/webp-express\/webp-images\/uploads\/2020\/09\/stiebas-zarna-kandiklis-1-300x273.jpg.webp 300w, https:\/\/hookahshop.lt\/wp-content\/webp-express\/webp-images\/uploads\/2020\/09\/stiebas-zarna-kandiklis-1-13x12.jpg.webp 13w, https:\/\/hookahshop.lt\/wp-content\/webp-express\/webp-images\/uploads\/2020\/09\/stiebas-zarna-kandiklis-1-64x58.jpg.webp 64w, https:\/\/hookahshop.lt\/wp-content\/webp-express\/webp-images\/uploads\/2020\/09\/stiebas-zarna-kandiklis-1.jpg.webp 420w\" type=\"image\/webp\" sizes=\"(max-width: 300px) 100vw, 300px\" \/><img decoding=\"async\" loading=\"lazy\" class=\"alignnone size-medium wp-image-38521 webpexpress-processed\" title=\"Fajka wodna YKAP Killer Classic Brown 1\" src=\"https:\/\/hookahshop.lt\/wp-content\/uploads\/2020\/09\/stiebas-zarna-kandiklis-1-300x273.jpg\" sizes=\"(max-width: 300px) 100vw, 300px\" srcset=\"https:\/\/hookahshop.lt\/wp-content\/uploads\/2020\/09\/stiebas-zarna-kandiklis-1-300x273.jpg 300w, https:\/\/hookahshop.lt\/wp-content\/uploads\/2020\/09\/stiebas-zarna-kandiklis-1-13x12.jpg 13w, https:\/\/hookahshop.lt\/wp-content\/uploads\/2020\/09\/stiebas-zarna-kandiklis-1-64x58.jpg 64w, https:\/\/hookahshop.lt\/wp-content\/uploads\/2020\/09\/stiebas-zarna-kandiklis-1.jpg 420w\" alt=\"Ustnik w\u0119\u017ca macierzystego 1 - hookahshop.lt\" width=\"300\" height=\"273\" \/><\/picture>\n<p>Czy masz jakie\u015b pytania? Skontaktuj si\u0119 z nami\u00a0<a href=\"https:\/\/hookahshop.lt\/pl\/lacznosc\/\">strona z kontaktami<\/a>\u00a0lub napisz do nas na adres\u00a0<a href=\"https:\/\/facebook.com\/HookahShop.lt\/\" target=\"_blank\" rel=\"noopener noreferrer\">konto na Facebooku<\/a>\u00a0a my odpowiemy na Twoj\u0105 pro\u015bb\u0119 tego samego dnia.<\/p>","protected":false},"excerpt":{"rendered":"<p>Kaljanas SWAY Base Onyx I\u0161ardomas kaljano modelis leid\u017eia lengvai j\u012f naudoti, pri\u017ei\u016br\u0117ti ir transportuoti. Kaljanas pagamintas i\u0161 auk\u0161\u010diausios kokyb\u0117s med\u017eiag\u0173. \u0160achta pagaminta i\u0161 patvaraus ner\u016bdijan\u010dio plieno, o pagrindas \u2013 i\u0161 in\u017einerinio poliacetalio. Nuda\u017eytas matiniais polimeriniais da\u017eais. \u012emontuotas difuzorius (nenuimamas). Specifikacija: Auk\u0161tis: 49,5cm Med\u017eiaga: ner\u016bdijantis plienas, poliacetalis Magnetin\u0117 jungtis Nenuimamas difuzorius Komplektacija: Kaljanas (\u0161achta), kandiklis, l\u0117k\u0161t\u0117, [&hellip;]<\/p>","protected":false},"featured_media":44266,"comment_status":"closed","ping_status":"closed","template":"","meta":[],"_links":{"self":[{"href":"https:\/\/hookahshop.lt\/pl\/wp-json\/wp\/v2\/product\/44222"}],"collection":[{"href":"https:\/\/hookahshop.lt\/pl\/wp-json\/wp\/v2\/product"}],"about":[{"href":"https:\/\/hookahshop.lt\/pl\/wp-json\/wp\/v2\/types\/product"}],"replies":[{"embeddable":true,"href":"https:\/\/hookahshop.lt\/pl\/wp-json\/wp\/v2\/comments?post=44222"}],"version-history":[{"count":5,"href":"https:\/\/hookahshop.lt\/pl\/wp-json\/wp\/v2\/product\/44222\/revisions"}],"predecessor-version":[{"id":44869,"href":"https:\/\/hookahshop.lt\/pl\/wp-json\/wp\/v2\/product\/44222\/revisions\/44869"}],"wp:featuredmedia":[{"embeddable":true,"href":"https:\/\/hookahshop.lt\/pl\/wp-json\/wp\/v2\/media\/44266"}],"wp:attachment":[{"href":"https:\/\/hookahshop.lt\/pl\/wp-json\/wp\/v2\/media?parent=44222"}],"curies":[{"name":"wp","href":"https:\/\/api.w.org\/{rel}","templated":true}]}}