{"id":44316,"date":"2025-12-18T09:45:21","date_gmt":"2025-12-18T07:45:21","guid":{"rendered":"https:\/\/hookahshop.lt\/?post_type=product&#038;p=44316"},"modified":"2026-04-15T23:29:41","modified_gmt":"2026-04-15T20:29:41","slug":"sakute-yla-blade-bronze","status":"publish","type":"product","link":"https:\/\/hookahshop.lt\/pl\/produkt\/ostrze-sakute-yla-braz\/","title":{"rendered":"Szyd\u0142o wide\u0142kowe OSTRZE Br\u0105z"},"content":{"rendered":"<h2>Szyd\u0142o wide\u0142kowe OSTRZE Br\u0105z<\/h2>\n<p>Zapakuj idealny kubek czystymi r\u0119kami. Perfekcyjnie wykonany dodatek.<\/p>\n<p><strong>Specyfikacja:<\/strong><sub><br \/>\n<\/sub>Materia\u0142: Stal nierdzewna<sub><br \/>\n<\/sub>Kolor: br\u0105zowy<sub><br \/>\n<\/sub>D\u0142ugo\u015b\u0107: 16 cm<sub><br \/>\n<\/sub>Szeroko\u015b\u0107: 1,5 cm<sub><br \/>\n<\/sub>Waga: 40g.<\/p>\n<p>Czy masz jakie\u015b pytania? Skontaktuj si\u0119 z nami\u00a0<a href=\"https:\/\/hookahshop.lt\/pl\/lacznosc\/\">strona z kontaktami<\/a>\u00a0lub napisz do nas na adres\u00a0<a href=\"https:\/\/facebook.com\/HookahShop.lt\/\" target=\"_blank\" rel=\"noopener\">konto na Facebooku<\/a>\u00a0a my odpowiemy na Twoj\u0105 pro\u015bb\u0119 tego samego dnia.<\/p>","protected":false},"excerpt":{"rendered":"<p>\u0160akut\u0117 yla BLADE Bronze Supakuokite tobul\u0105 taurel\u0119 \u0161variomis rankomis. Nepriekai\u0161tingai, kokybi\u0161kai apdirbtas aksesuaras. Specifikacija: Med\u017eiaga: ner\u016bdijantis plienas Spalva: bronzin\u0117 Ilgis: 16cm Plotis: 1,5cm Svoris: 40g. Turite klausim\u0173? Susisiekite su mumis\u00a0kontakt\u0173 puslapyje\u00a0arba para\u0161ykite mums \u012f\u00a0Facebook paskyr\u0105\u00a0ir atsakysime \u012f j\u016bs\u0173 u\u017eklaus\u0105 dar t\u0105 pa\u010di\u0105 dien\u0105.<\/p>","protected":false},"featured_media":44318,"comment_status":"closed","ping_status":"closed","template":"","meta":[],"_links":{"self":[{"href":"https:\/\/hookahshop.lt\/pl\/wp-json\/wp\/v2\/product\/44316"}],"collection":[{"href":"https:\/\/hookahshop.lt\/pl\/wp-json\/wp\/v2\/product"}],"about":[{"href":"https:\/\/hookahshop.lt\/pl\/wp-json\/wp\/v2\/types\/product"}],"replies":[{"embeddable":true,"href":"https:\/\/hookahshop.lt\/pl\/wp-json\/wp\/v2\/comments?post=44316"}],"version-history":[{"count":4,"href":"https:\/\/hookahshop.lt\/pl\/wp-json\/wp\/v2\/product\/44316\/revisions"}],"predecessor-version":[{"id":44343,"href":"https:\/\/hookahshop.lt\/pl\/wp-json\/wp\/v2\/product\/44316\/revisions\/44343"}],"wp:featuredmedia":[{"embeddable":true,"href":"https:\/\/hookahshop.lt\/pl\/wp-json\/wp\/v2\/media\/44318"}],"wp:attachment":[{"href":"https:\/\/hookahshop.lt\/pl\/wp-json\/wp\/v2\/media?parent=44316"}],"curies":[{"name":"wp","href":"https:\/\/api.w.org\/{rel}","templated":true}]}}