{"id":44661,"date":"2026-01-23T13:06:24","date_gmt":"2026-01-23T11:06:24","guid":{"rendered":"https:\/\/hookahshop.lt\/?post_type=product&#038;p=44661"},"modified":"2026-04-19T23:30:25","modified_gmt":"2026-04-19T20:30:25","slug":"karscio-kamera-aroma-hookah","status":"publish","type":"product","link":"https:\/\/hookahshop.lt\/pl\/produkt\/fajka-wodna-z-goraca-komora-aroma\/","title":{"rendered":"Komora grzewcza AROMA HOOKAH"},"content":{"rendered":"<h2>Komora grzewcza AROMA HOOKAH<\/h2>\n<p>Wykonany z aluminium. Zaprojektowany z optymaln\u0105 grubo\u015bci\u0105 \u015bcianek i kszta\u0142tem. Dno dobrze przewodzi ciep\u0142o, jednocze\u015bnie zapobiegaj\u0105c przegrzaniu si\u0119 mieszanki. Akcesorium doskonale pasuje do fajek wodnych Aroma Hookah i pasuje do wszystkich popularnych kubk\u00f3w dost\u0119pnych na rynku.<\/p>\n<p><strong>Specyfikacje:<\/strong><br \/>\nMateria\u0142: aluminium;<br \/>\nKolor: srebrny<br \/>\n\u015arednica (zewn\u0119trzna): 7,4 cm<br \/>\n\u015arednica (wewn\u0119trzna): 6,5 cm<br \/>\nWysoko\u015b\u0107: 2,5 cm<br \/>\nWaga: 55g.<br \/>\nPojemno\u015b\u0107: do 2 w\u0119gli o \u015brednicy do 27 mm<\/p>\n<p>Czy masz jakie\u015b pytania? Skontaktuj si\u0119 z nami\u00a0<a href=\"https:\/\/hookahshop.lt\/pl\/lacznosc\/\">strona z kontaktami<\/a>\u00a0lub napisz do nas na adres\u00a0<a href=\"https:\/\/facebook.com\/HookahShop.lt\/\" target=\"_blank\" rel=\"noopener noreferrer\">konto na Facebooku<\/a>\u00a0a my odpowiemy na Twoj\u0105 pro\u015bb\u0119 tego samego dnia.<\/p>","protected":false},"excerpt":{"rendered":"<p>Kar\u0161\u010dio kamera AROMA HOOKAH Pagaminta i\u0161 aliuminio. Sukurta su optimaliu sieneli\u0173 storiu ir forma. Apa\u010dia gerai praleid\u017eia \u0161ilum\u0105, ta\u010diau tuo pa\u010diu metu neleid\u017eia kaljano mi\u0161iniui perkaisti. Aksesuaras puikus derinys su Aroma Hookah kaljanais ir tinka visoms popiuliarioms taurel\u0117ms rinkoje. Specifikacijos: Med\u017eiaga: aliuminis Spalva: sidabrin\u0117 Skersmuo (i\u0161or\u0117): 7,4cm Skersmuo (vidus): 6,5cm Auk\u0161tis: 2,5cm Svoris: 55g. Talpa: [&hellip;]<\/p>","protected":false},"featured_media":44737,"comment_status":"closed","ping_status":"closed","template":"","meta":[],"_links":{"self":[{"href":"https:\/\/hookahshop.lt\/pl\/wp-json\/wp\/v2\/product\/44661"}],"collection":[{"href":"https:\/\/hookahshop.lt\/pl\/wp-json\/wp\/v2\/product"}],"about":[{"href":"https:\/\/hookahshop.lt\/pl\/wp-json\/wp\/v2\/types\/product"}],"replies":[{"embeddable":true,"href":"https:\/\/hookahshop.lt\/pl\/wp-json\/wp\/v2\/comments?post=44661"}],"version-history":[{"count":5,"href":"https:\/\/hookahshop.lt\/pl\/wp-json\/wp\/v2\/product\/44661\/revisions"}],"predecessor-version":[{"id":45183,"href":"https:\/\/hookahshop.lt\/pl\/wp-json\/wp\/v2\/product\/44661\/revisions\/45183"}],"wp:featuredmedia":[{"embeddable":true,"href":"https:\/\/hookahshop.lt\/pl\/wp-json\/wp\/v2\/media\/44737"}],"wp:attachment":[{"href":"https:\/\/hookahshop.lt\/pl\/wp-json\/wp\/v2\/media?parent=44661"}],"curies":[{"name":"wp","href":"https:\/\/api.w.org\/{rel}","templated":true}]}}