{"id":44663,"date":"2026-01-23T15:04:00","date_gmt":"2026-01-23T13:04:00","guid":{"rendered":"https:\/\/hookahshop.lt\/?post_type=product&#038;p=44663"},"modified":"2026-04-19T23:30:25","modified_gmt":"2026-04-19T20:30:25","slug":"taurele-kaljanui-oblako-turk","status":"publish","type":"product","link":"https:\/\/hookahshop.lt\/pl\/produkt\/kubek-do-sziszy-chmura-turk\/","title":{"rendered":"Kubek do shishy OBLAKO Turk"},"content":{"rendered":"<h2>Kubek do shishy OBLAKO Turk<\/h2>\n<p>To klasyczny, gliniany czajniczek w stylu tureckim, wykonany z wysokiej jako\u015bci gliny i wypalany mlekiem. Ma g\u0119st\u0105 struktur\u0119 z charakterystyczn\u0105 pow\u0142ok\u0105 ochronn\u0105 na powierzchni. Glina skutecznie zatrzymuje ciep\u0142o i zapewnia r\u00f3wnomierne nagrzewanie tytoniu. Kszta\u0142t czajniczka tureckiego nadaje si\u0119 do wszystkich rodzaj\u00f3w tytoniu.<br \/>\nPojemno\u015b\u0107 tytoniu: 15-20g. (w zale\u017cno\u015bci od zastosowanego sposobu pakowania i rodzaju tytoniu).<\/p>\n<p><strong>Specyfikacje:<\/strong><br \/>\nWysoko\u015b\u0107: 88 mm<br \/>\n\u015arednica (zewn\u0119trzna): 75 mm<br \/>\n\u015arednica (wewn\u0119trzna): 58 mm<br \/>\nG\u0142\u0119boko\u015b\u0107: 22 mm<br \/>\nLiczba otwor\u00f3w: 5<br \/>\nWaga: oko\u0142o 260g.<\/p>\n<p>Czy masz jakie\u015b pytania? Skontaktuj si\u0119 z nami\u00a0<a href=\"https:\/\/hookahshop.lt\/pl\/lacznosc\/\">strona z kontaktami<\/a>\u00a0lub napisz do nas na adres\u00a0<a href=\"https:\/\/facebook.com\/HookahShop.lt\/\" target=\"_blank\" rel=\"noopener noreferrer\">konto na Facebooku<\/a>\u00a0a my odpowiemy na Twoj\u0105 pro\u015bb\u0119 tego samego dnia.<\/p>","protected":false},"excerpt":{"rendered":"<p>Taurel\u0117 kaljanui OBLAKO Turk Tai klasikin\u0117 molin\u0117 turkish stiliaus taurel\u0117, pagaminta i\u0161 auk\u0161tos kokyb\u0117s molio ir deginta pienu. Turi tanki\u0105 strukt\u016br\u0105 su b\u016bdinga apsaugine pl\u0117vele pavir\u0161iuje. Molis efektyviai i\u0161laiko \u0161ilum\u0105 ir u\u017etikrina tolyg\u0173 tabako kaitim\u0105. Turkish taurel\u0117s forma tinka vis\u0173 r\u016b\u0161i\u0173 tabakui. Tabako talpa: 15-20g. (atsi\u017evelgiant \u012f naudojam\u0105 pakavimo b\u016bd\u0105 ir tabako r\u016b\u0161\u012f). Specifikacijos: Auk\u0161tis: [&hellip;]<\/p>","protected":false},"featured_media":44717,"comment_status":"closed","ping_status":"closed","template":"","meta":[],"_links":{"self":[{"href":"https:\/\/hookahshop.lt\/pl\/wp-json\/wp\/v2\/product\/44663"}],"collection":[{"href":"https:\/\/hookahshop.lt\/pl\/wp-json\/wp\/v2\/product"}],"about":[{"href":"https:\/\/hookahshop.lt\/pl\/wp-json\/wp\/v2\/types\/product"}],"replies":[{"embeddable":true,"href":"https:\/\/hookahshop.lt\/pl\/wp-json\/wp\/v2\/comments?post=44663"}],"version-history":[{"count":7,"href":"https:\/\/hookahshop.lt\/pl\/wp-json\/wp\/v2\/product\/44663\/revisions"}],"predecessor-version":[{"id":44761,"href":"https:\/\/hookahshop.lt\/pl\/wp-json\/wp\/v2\/product\/44663\/revisions\/44761"}],"wp:featuredmedia":[{"embeddable":true,"href":"https:\/\/hookahshop.lt\/pl\/wp-json\/wp\/v2\/media\/44717"}],"wp:attachment":[{"href":"https:\/\/hookahshop.lt\/pl\/wp-json\/wp\/v2\/media?parent=44663"}],"curies":[{"name":"wp","href":"https:\/\/api.w.org\/{rel}","templated":true}]}}