{"id":44697,"date":"2026-01-22T14:40:27","date_gmt":"2026-01-22T12:40:27","guid":{"rendered":"https:\/\/hookahshop.lt\/?post_type=product&#038;p=44697"},"modified":"2026-04-15T23:29:41","modified_gmt":"2026-04-15T20:29:41","slug":"elektronine-karscio-kamera-xkah-pro-gold","status":"publish","type":"product","link":"https:\/\/hookahshop.lt\/pl\/produkt\/elektroniczna-kamera-termiczna-xkah-pro-gold\/","title":{"rendered":"Elektroniczna kamera termowizyjna XKAH Pro Gold"},"content":{"rendered":"<h2>Elektroniczna kamera termowizyjna XKAH Pro Gold<\/h2>\n<p>Wykorzystuje elektryczny element grzejny (zintegrowan\u0105 spiral\u0119), dzi\u0119ki czemu w\u0119giel drzewny lub zapalniczka nie s\u0105 ju\u017c potrzebne. Temperatura jest regulowana i kontrolowana elektronicznie: urz\u0105dzenie pozwala ustawi\u0107 i utrzyma\u0107 \u017c\u0105dan\u0105 temperatur\u0119, zapewniaj\u0105c r\u00f3wnomierne nagrzewanie i lepsz\u0105 stabilno\u015b\u0107 smaku. Ka\u017cdy detal pokryty jest luksusow\u0105 pow\u0142ok\u0105 z 24-karatowego z\u0142ota.<\/p>\n<p><strong>Specyfikacja:<\/strong><br \/>\nBateria: 13 600 mAh<br \/>\nCzas dzia\u0142ania: do 2 godzin<br \/>\nWymiary: 24 \u00d7 24 \u00d7 14 cm<br \/>\nWaga: 2,5 kg<\/p>\n<p><strong>Ekwipunek:<\/strong><br \/>\n1x elektroniczna kamera termowizyjna XKAH Pro Gold<br \/>\n1x silikonowy adapter<br \/>\n1x bateria<br \/>\n2x kubki<br \/>\n1x torba podr\u00f3\u017cna<br \/>\n1x szczypce<br \/>\n1x p\u0119seta<br \/>\n1x kabel \u0142aduj\u0105cy USB-C<br \/>\n1x szczoteczka do czyszczenia<\/p>\n<p><strong>Okres gwarancji:<\/strong><br \/>\n12 miesi\u0119cy.<\/p>\n<h3><b>Elektroniczna kamera termowizyjna XKAH Pro \u2013 rewolucyjne rozwi\u0105zanie dla Twoich sesji z fajk\u0105 wodn\u0105<\/b><\/h3>\n<p class=\"p3\">Odkryj nowy poziom swojej fajki wodnej dzi\u0119ki elektronicznej komorze grzewczej\u00a0<span class=\"s2\">XKAH Pro<\/span>\u00a0\u2013 nowoczesne elektryczne urz\u0105dzenie grzewcze, zaprojektowane, aby zapewni\u0107 komfort, bezpiecze\u0144stwo i bezstresow\u0105 atmosfer\u0119 w ka\u017cdej chwili. Urz\u0105dzenie to zast\u0119puje tradycyjn\u0105 metod\u0119 spalania w\u0119gla drzewnego i pozwala cieszy\u0107 si\u0119 czystym, intensywnym smakiem bez zapachu, dymu i popio\u0142u roz\u017carzonego w\u0119gla drzewnego.<\/p>\n<p><strong>Dlaczego warto wybra\u0107 XKAH Pro:<\/strong><\/p>\n<ul>\n<li class=\"p1\"><span class=\"s1\"><b>Czysty, prawdziwy smak:<\/b><\/span>\u00a0Precyzyjna kontrola temperatury pozwala wydoby\u0107 autentyczny aromat tytoniu i unikn\u0105\u0107 przypalenia lub nieprzyjemnego gorzkiego posmaku.<\/li>\n<li class=\"p1\"><span class=\"s1\"><b>Znacznie wi\u0119ksze bezpiecze\u0144stwo:<\/b><\/span>\u00a0Dzi\u0119ki ogrzewaniu elektrycznemu nie ma potrzeby u\u017cywania otwartego ognia, martwienia si\u0119 o w\u0119giel czy ciep\u0142o. Idealne do u\u017cytku w domu, mieszkaniu, a nawet do zabrania w podr\u00f3\u017c.<\/li>\n<li class=\"p1\"><span class=\"s1\"><b>Wygodne i szybkie przygotowanie:<\/b><\/span>\u00a0Modu\u0142owa konstrukcja pozwala na przygotowanie fajki wodnej w zaledwie kilka minut \u2014 bez d\u0142ugiego oczekiwania, czyszczenia cylindr\u00f3w i skomplikowanych akcesori\u00f3w.<\/li>\n<li class=\"p1\"><span class=\"s1\"><b>Kompaktowy i mobilny:<\/b><\/span>\u00a0Lekki, bezprzewodowy, idealny do u\u017cytku wewn\u0105trz pomieszcze\u0144, na \u015bwie\u017cym powietrzu i w podr\u00f3\u017cy.<\/li>\n<\/ul>\n<p>Elektroniczna komora grzewcza XKAH Pro \u0142\u0105czy w sobie poczucie jako\u015bci z praktycznym designem. To nie tylko alternatywa dla klasycznej fajki wodnej \u2013 to nowa generacja, w kt\u00f3rej palenie staje si\u0119 przyjemno\u015bci\u0105, a nie udr\u0119k\u0105.<\/p>\n<p><b>Idealny wyb\u00f3r dla tych, kt\u00f3rzy:<\/b><\/p>\n<ul>\n<li class=\"p1\">Ceni sobie czysty smak i chce unika\u0107 zapachu i dymu w\u0119gla;<\/li>\n<li class=\"p1\">Dla os\u00f3b mieszkaj\u0105cych w mieszkaniu, gdzie tradycyjna fajka wodna nie zawsze jest do dyspozycji;<\/li>\n<li class=\"p1\">Szukasz wygody, szybkiego przygotowania i \u0142atwego sprz\u0105tania?<\/li>\n<li class=\"p1\">Szukasz modnego, minimalistycznego designu i mo\u017cliwo\u015bci noszenia fajki wodnej zawsze przy sobie.<\/li>\n<\/ul>\n<p><span class=\"s2\"><b>Elektroniczna komora grzewcza XKAH Pro \u2013 ewolucja Twojej fajki wodnej.<\/b><\/span>\u00a0Ciesz si\u0119 smakiem, komfortem i spokojem ducha \u2013 bez popio\u0142u, p\u0142omienia i kurzu. Poczuj r\u00f3\u017cnic\u0119 od pierwszego do ostatniego bucha.<\/p>\n<p>Czy masz jakie\u015b pytania? Skontaktuj si\u0119 z nami\u00a0<a href=\"https:\/\/hookahshop.lt\/pl\/lacznosc\/\">strona z kontaktami<\/a>\u00a0lub napisz do nas na adres\u00a0<a href=\"https:\/\/facebook.com\/HookahShop.lt\/\" target=\"_blank\" rel=\"noopener\">konto na Facebooku<\/a>\u00a0a my odpowiemy na Twoj\u0105 pro\u015bb\u0119 tego samego dnia.<\/p>","protected":false},"excerpt":{"rendered":"<p>Elektronin\u0117 kar\u0161\u010dio kamera XKAH Pro Gold Naudoja elektrin\u012f kaitinimo element\u0105 (integruot\u0105 spiral\u0119), tod\u0117l anglys ar \u017eiebtuv\u0117lis nebereikalingi. Temperat\u016bra reguliuojama ir valdoma elektroniniu b\u016bdu: \u012frenginys leid\u017eia nustatyti ir palaikyti norim\u0105 kaitinim\u0105, taip u\u017etikrindamas tolyg\u0173 kaitinim\u0105 bei geresn\u012f skonio stabilum\u0105. Kiekviena detal\u0117 padengta prabangia 24 karat\u0173 aukso danga. Specifikacija: Baterija: 13 600mAh Veikimo laikas: iki 2 valand\u0173 [&hellip;]<\/p>","protected":false},"featured_media":44701,"comment_status":"closed","ping_status":"closed","template":"","meta":[],"_links":{"self":[{"href":"https:\/\/hookahshop.lt\/pl\/wp-json\/wp\/v2\/product\/44697"}],"collection":[{"href":"https:\/\/hookahshop.lt\/pl\/wp-json\/wp\/v2\/product"}],"about":[{"href":"https:\/\/hookahshop.lt\/pl\/wp-json\/wp\/v2\/types\/product"}],"replies":[{"embeddable":true,"href":"https:\/\/hookahshop.lt\/pl\/wp-json\/wp\/v2\/comments?post=44697"}],"version-history":[{"count":3,"href":"https:\/\/hookahshop.lt\/pl\/wp-json\/wp\/v2\/product\/44697\/revisions"}],"predecessor-version":[{"id":44712,"href":"https:\/\/hookahshop.lt\/pl\/wp-json\/wp\/v2\/product\/44697\/revisions\/44712"}],"wp:featuredmedia":[{"embeddable":true,"href":"https:\/\/hookahshop.lt\/pl\/wp-json\/wp\/v2\/media\/44701"}],"wp:attachment":[{"href":"https:\/\/hookahshop.lt\/pl\/wp-json\/wp\/v2\/media?parent=44697"}],"curies":[{"name":"wp","href":"https:\/\/api.w.org\/{rel}","templated":true}]}}